{"id":31,"date":"2018-11-13T16:31:20","date_gmt":"2018-11-13T16:31:20","guid":{"rendered":"https:\/\/madafrica.es\/ataya\/?page_id=31"},"modified":"2021-10-22T08:14:42","modified_gmt":"2021-10-22T08:14:42","slug":"inicio","status":"publish","type":"page","link":"https:\/\/madafrica.es\/ataya\/","title":{"rendered":"Inicio"},"content":{"rendered":"\n<div style=\"height:100px\" aria-hidden=\"true\" class=\"wp-block-spacer\"><\/div>\n\n\n\n<div class=\"wp-block-columns has-2-columns is-layout-flex wp-container-core-columns-is-layout-9d6595d7 wp-block-columns-is-layout-flex\">\n<div class=\"wp-block-column is-layout-flow wp-block-column-is-layout-flow\">\n<h2 class=\"has-text-align-center wp-block-heading\">Enred\u00e1ndonos<\/h2>\n\n\n\n<p class=\"has-text-align-center\" style=\"font-size:15px\">La Red Ataya&nbsp;es un proyecto de formaci\u00f3n y empoderamiento colectivo. Su&nbsp;propuesta es enredar distintas organizaciones que tienen trayectoria y que suelen impulsar iniciativas de formaci\u00f3n, aprovechando los espacios existentes en cada una de ellas e incorporando las visiones y luchas del sur. El objetivo es construir un espacio conjunto de reflexi\u00f3n, formaci\u00f3n&nbsp;y cooperaci\u00f3n a trav\u00e9s de la construcci\u00f3n de un Plan Formativo com\u00fan.<\/p>\n\n\n\n<div class=\"wp-block-button aligncenter\"><a class=\"wp-block-button__link\" href=\"https:\/\/madafrica.es\/ataya\/proceso\/\">ver m\u00e1s<br><\/a><\/div>\n<\/div>\n\n\n\n<div class=\"wp-block-column is-layout-flow wp-block-column-is-layout-flow\">\n<h2 class=\"has-text-align-center wp-block-heading\">Form\u00e1ndonos<\/h2>\n\n\n\n<p class=\"has-text-align-center\" style=\"font-size:15px\">El periodo temporal para las formaciones ser\u00e1 de junio&nbsp;de 2017 a enero de 2018, adapt\u00e1ndose al&nbsp;&nbsp;calendarios de las organizaciones&nbsp;participantes. A lo largo de estos meses, los colectivos ir\u00e1n formarse en las 4 tem\u00e1ticas del proyecto: poder popular, cuidadan\u00eda, soberan\u00eda y gesti\u00f3n de recursos y personas migrantes. Las formaciones son abiertas a toda la ciudadan\u00eda.<\/p>\n\n\n\n<div class=\"wp-block-button aligncenter\"><a class=\"wp-block-button__link\" href=\"https:\/\/madafrica.es\/ataya\/proceso\/\">ver m\u00e1s<br><\/a><\/div>\n<\/div>\n<\/div>\n\n\n\n<div style=\"height:81px\" aria-hidden=\"true\" class=\"wp-block-spacer\"><\/div>\n","protected":false},"excerpt":{"rendered":"<p>Enred\u00e1ndonos La Red Ataya&nbsp;es un proyecto de formaci\u00f3n y empoderamiento colectivo. Su&nbsp;propuesta es enredar distintas organizaciones que tienen trayectoria y que suelen impulsar iniciativas de formaci\u00f3n, aprovechando los espacios existentes en cada una de ellas e incorporando las visiones y luchas del sur. El objetivo es construir un espacio conjunto de reflexi\u00f3n, formaci\u00f3n&nbsp;y cooperaci\u00f3n a [&hellip;]<\/p>\n","protected":false},"author":1,"featured_media":0,"parent":0,"menu_order":0,"comment_status":"closed","ping_status":"closed","template":"page-templates\/-front-page-two-col.php","meta":{"footnotes":""},"class_list":["post-31","page","type-page","status-publish","hentry"],"yoast_head":"<!-- This site is optimized with the Yoast SEO plugin v26.1.1 - https:\/\/yoast.com\/wordpress\/plugins\/seo\/ -->\n<title>Inicio - Ataya<\/title>\n<meta name=\"robots\" content=\"index, follow, max-snippet:-1, max-image-preview:large, max-video-preview:-1\" \/>\n<link rel=\"canonical\" href=\"https:\/\/madafrica.es\/ataya\/\" \/>\n<meta property=\"og:locale\" content=\"es_ES\" \/>\n<meta property=\"og:type\" content=\"article\" \/>\n<meta property=\"og:title\" content=\"Inicio - Ataya\" \/>\n<meta property=\"og:description\" content=\"Enred\u00e1ndonos La Red Ataya&nbsp;es un proyecto de formaci\u00f3n y empoderamiento colectivo. Su&nbsp;propuesta es enredar distintas organizaciones que tienen trayectoria y que suelen impulsar iniciativas de formaci\u00f3n, aprovechando los espacios existentes en cada una de ellas e incorporando las visiones y luchas del sur. El objetivo es construir un espacio conjunto de reflexi\u00f3n, formaci\u00f3n&nbsp;y cooperaci\u00f3n a [&hellip;]\" \/>\n<meta property=\"og:url\" content=\"https:\/\/madafrica.es\/ataya\/\" \/>\n<meta property=\"og:site_name\" content=\"Ataya\" \/>\n<meta property=\"article:modified_time\" content=\"2021-10-22T08:14:42+00:00\" \/>\n<meta name=\"twitter:card\" content=\"summary_large_image\" \/>\n<meta name=\"twitter:label1\" content=\"Tiempo de lectura\" \/>\n\t<meta name=\"twitter:data1\" content=\"1 minuto\" \/>\n<script type=\"application\/ld+json\" class=\"yoast-schema-graph\">{\"@context\":\"https:\/\/schema.org\",\"@graph\":[{\"@type\":\"WebPage\",\"@id\":\"https:\/\/madafrica.es\/ataya\/\",\"url\":\"https:\/\/madafrica.es\/ataya\/\",\"name\":\"Inicio - Ataya\",\"isPartOf\":{\"@id\":\"https:\/\/madafrica.es\/ataya\/#website\"},\"datePublished\":\"2018-11-13T16:31:20+00:00\",\"dateModified\":\"2021-10-22T08:14:42+00:00\",\"breadcrumb\":{\"@id\":\"https:\/\/madafrica.es\/ataya\/#breadcrumb\"},\"inLanguage\":\"es\",\"potentialAction\":[{\"@type\":\"ReadAction\",\"target\":[\"https:\/\/madafrica.es\/ataya\/\"]}]},{\"@type\":\"BreadcrumbList\",\"@id\":\"https:\/\/madafrica.es\/ataya\/#breadcrumb\",\"itemListElement\":[{\"@type\":\"ListItem\",\"position\":1,\"name\":\"Portada\",\"item\":\"https:\/\/madafrica.es\/ataya\/\"},{\"@type\":\"ListItem\",\"position\":2,\"name\":\"Inicio\"}]},{\"@type\":\"WebSite\",\"@id\":\"https:\/\/madafrica.es\/ataya\/#website\",\"url\":\"https:\/\/madafrica.es\/ataya\/\",\"name\":\"Ataya\",\"description\":\"Enred\u00e1ndonos, form\u00e1ndonos.\",\"potentialAction\":[{\"@type\":\"SearchAction\",\"target\":{\"@type\":\"EntryPoint\",\"urlTemplate\":\"https:\/\/madafrica.es\/ataya\/?s={search_term_string}\"},\"query-input\":{\"@type\":\"PropertyValueSpecification\",\"valueRequired\":true,\"valueName\":\"search_term_string\"}}],\"inLanguage\":\"es\"}]}<\/script>\n<!-- \/ Yoast SEO plugin. -->","yoast_head_json":{"title":"Inicio - Ataya","robots":{"index":"index","follow":"follow","max-snippet":"max-snippet:-1","max-image-preview":"max-image-preview:large","max-video-preview":"max-video-preview:-1"},"canonical":"https:\/\/madafrica.es\/ataya\/","og_locale":"es_ES","og_type":"article","og_title":"Inicio - Ataya","og_description":"Enred\u00e1ndonos La Red Ataya&nbsp;es un proyecto de formaci\u00f3n y empoderamiento colectivo. Su&nbsp;propuesta es enredar distintas organizaciones que tienen trayectoria y que suelen impulsar iniciativas de formaci\u00f3n, aprovechando los espacios existentes en cada una de ellas e incorporando las visiones y luchas del sur. El objetivo es construir un espacio conjunto de reflexi\u00f3n, formaci\u00f3n&nbsp;y cooperaci\u00f3n a [&hellip;]","og_url":"https:\/\/madafrica.es\/ataya\/","og_site_name":"Ataya","article_modified_time":"2021-10-22T08:14:42+00:00","twitter_card":"summary_large_image","twitter_misc":{"Tiempo de lectura":"1 minuto"},"schema":{"@context":"https:\/\/schema.org","@graph":[{"@type":"WebPage","@id":"https:\/\/madafrica.es\/ataya\/","url":"https:\/\/madafrica.es\/ataya\/","name":"Inicio - Ataya","isPartOf":{"@id":"https:\/\/madafrica.es\/ataya\/#website"},"datePublished":"2018-11-13T16:31:20+00:00","dateModified":"2021-10-22T08:14:42+00:00","breadcrumb":{"@id":"https:\/\/madafrica.es\/ataya\/#breadcrumb"},"inLanguage":"es","potentialAction":[{"@type":"ReadAction","target":["https:\/\/madafrica.es\/ataya\/"]}]},{"@type":"BreadcrumbList","@id":"https:\/\/madafrica.es\/ataya\/#breadcrumb","itemListElement":[{"@type":"ListItem","position":1,"name":"Portada","item":"https:\/\/madafrica.es\/ataya\/"},{"@type":"ListItem","position":2,"name":"Inicio"}]},{"@type":"WebSite","@id":"https:\/\/madafrica.es\/ataya\/#website","url":"https:\/\/madafrica.es\/ataya\/","name":"Ataya","description":"Enred\u00e1ndonos, form\u00e1ndonos.","potentialAction":[{"@type":"SearchAction","target":{"@type":"EntryPoint","urlTemplate":"https:\/\/madafrica.es\/ataya\/?s={search_term_string}"},"query-input":{"@type":"PropertyValueSpecification","valueRequired":true,"valueName":"search_term_string"}}],"inLanguage":"es"}]}},"featured_image_src":null,"featured_image_src_square":null,"_links":{"self":[{"href":"https:\/\/madafrica.es\/ataya\/wp-json\/wp\/v2\/pages\/31","targetHints":{"allow":["GET"]}}],"collection":[{"href":"https:\/\/madafrica.es\/ataya\/wp-json\/wp\/v2\/pages"}],"about":[{"href":"https:\/\/madafrica.es\/ataya\/wp-json\/wp\/v2\/types\/page"}],"author":[{"embeddable":true,"href":"https:\/\/madafrica.es\/ataya\/wp-json\/wp\/v2\/users\/1"}],"replies":[{"embeddable":true,"href":"https:\/\/madafrica.es\/ataya\/wp-json\/wp\/v2\/comments?post=31"}],"version-history":[{"count":12,"href":"https:\/\/madafrica.es\/ataya\/wp-json\/wp\/v2\/pages\/31\/revisions"}],"predecessor-version":[{"id":7108,"href":"https:\/\/madafrica.es\/ataya\/wp-json\/wp\/v2\/pages\/31\/revisions\/7108"}],"wp:attachment":[{"href":"https:\/\/madafrica.es\/ataya\/wp-json\/wp\/v2\/media?parent=31"}],"curies":[{"name":"wp","href":"https:\/\/api.w.org\/{rel}","templated":true}]}}