{"id":193,"date":"2021-10-22T10:04:14","date_gmt":"2021-10-22T08:04:14","guid":{"rendered":"https:\/\/madafrica.es\/baramu\/?page_id=193"},"modified":"2022-04-20T13:37:30","modified_gmt":"2022-04-20T11:37:30","slug":"formacion-2","status":"publish","type":"page","link":"https:\/\/madafrica.es\/baramu\/formacion-2\/","title":{"rendered":"Formaci\u00f3n"},"content":{"rendered":"\n<p>La formaci\u00f3n del Proyecto Baramu 2021-2022 empezar\u00e1 el 9 de FEBRERO.<\/p>\n\n\n\n<p>Ser\u00e1 un curso SEMI-PRESENCIAL de 50 horas, con sesiones presenciales impartidas por personas expertas en las diferentes materias y representantes de colectivos y movimientos sociales. Adem\u00e1s del trabajo de reflexi\u00f3n personal online, el curso incluir\u00e1 dos viajes de campo VIAJES DE CAMPO* en Andaluc\u00eda para conocer de cerca las problem\u00e1ticas trabajadas, especialmente la crisis migratoria y clim\u00e1tica. <\/p>\n\n\n\n<p>Las sesiones (online y presenciales) ser\u00e1n los MI\u00c9RCOLES DE 17 A 20 horas, empezando d\u00eda 9 de febrero y terminando d\u00eda 18 de mayo. Las sesiones presenciales ser\u00e1n realizadas en el Aula 1.1. Centro Internacional de la Universidad de Sevilla (Avda. Ciudad Jard\u00edn, 20\/22)<\/p>\n\n\n\n<p>Este es el PROGRAMA  detallado del curso:<\/p>\n\n\n\n<figure class=\"wp-block-table is-style-stripes\"><table><tbody><tr><td><strong>BLOQUE <\/strong><br><strong>FORMATIVO 1<\/strong> <strong>(10h)<\/strong><\/td><td><strong>ENFOQUES CR\u00cdTICOS PARA UN VOLUNTARIADO TRANSFORMADOR<\/strong> <br><strong><em>Enfoque decolonial, Antirracismo, G\u00e9nero, Mirada cr\u00edtica hacia la Agenda 2030 y los ODS. Ecofeminismos <\/em><\/strong><\/td><\/tr><\/tbody><\/table><\/figure>\n\n\n\n<p class=\"has-luminous-vivid-orange-background-color has-background\"><strong>9\/FEBRERO 17-20H (PRESENCIAL)<\/strong><\/p>\n\n\n\n<p style=\"font-size:14px\"><strong>SESI\u00d3N 1: <\/strong>Enfoque decolonial, mirada cr\u00edtica hac\u00eda los DDHH. Interseccionalidad<\/p>\n\n\n\n<hr class=\"wp-block-separator has-text-color has-background has-cyan-bluish-gray-background-color has-cyan-bluish-gray-color is-style-default\"\/>\n\n\n\n<p class=\"has-luminous-vivid-orange-background-color has-background\"><strong>16\/FEBRERO 17-20H (PRESENCIAL)<\/strong><\/p>\n\n\n\n<p style=\"font-size:14px\"><strong>SESI\u00d3N 2: <\/strong>Ecofeminismos: ecodependencia e interdependencia<\/p>\n\n\n\n<hr class=\"wp-block-separator has-text-color has-background has-cyan-bluish-gray-background-color has-cyan-bluish-gray-color is-style-default\"\/>\n\n\n\n<p class=\"has-luminous-vivid-orange-background-color has-background\"><strong>23\/FEBRERO 17-19H (ONLINE)<\/strong><\/p>\n\n\n\n<p style=\"font-size:14px\"><strong>SESI\u00d3N 3: <\/strong>Asociacionismo antirracista y ecofeminista<\/p>\n\n\n\n<hr class=\"wp-block-separator has-text-color has-background has-cyan-bluish-gray-background-color has-cyan-bluish-gray-color is-style-default\"\/>\n\n\n\n<p style=\"font-size:14px\"><strong>Trabajo de reflexi\u00f3n individual online: <\/strong>La Agenda 2030 y los ODS desde una mirada cr\u00edtica.<\/p>\n\n\n\n<div style=\"height:20px\" aria-hidden=\"true\" class=\"wp-block-spacer\"><\/div>\n\n\n\n<figure class=\"wp-block-table is-style-stripes\"><table><tbody><tr><td><strong>BLOQUE FORMATIVO 2<\/strong> <br><strong>(16h)<\/strong><\/td><td><strong><strong>RESISTENCIA FEMINISTA ANTE POLIT\u00cdCAS MIGRATORIAS Y FRONTERAS<\/strong><br><strong><em>Impacto sobre las mujeres migrantes y refugiadas desde un an\u00e1lisis feminista y de derechos humanos. Reconocimiento de derechos y estrategias de resistencia ante las violencias<\/em><\/strong><\/strong><\/td><\/tr><\/tbody><\/table><\/figure>\n\n\n\n<p class=\"has-pale-cyan-blue-background-color has-background\"><strong>02\/MARZO 17-20H (PRESENCIAL)<\/strong><\/p>\n\n\n\n<p style=\"font-size:14px\"><strong>SESI\u00d3N 4: <\/strong>Libre circulaci\u00f3n, justicia social y mujeres migrantes<\/p>\n\n\n\n<hr class=\"wp-block-separator has-text-color has-background has-cyan-bluish-gray-background-color has-cyan-bluish-gray-color is-style-default\"\/>\n\n\n\n<p class=\"has-pale-cyan-blue-background-color has-background\"><strong>09\/MARZO 17-20H (PRESENCIAL)<\/strong><\/p>\n\n\n\n<p style=\"font-size:14px\"><strong>SESI\u00d3N 5: <\/strong>Pol\u00edticas migratorias y racismo institucional<\/p>\n\n\n\n<hr class=\"wp-block-separator has-text-color has-background has-cyan-bluish-gray-background-color has-cyan-bluish-gray-color is-style-default\"\/>\n\n\n\n<p class=\"has-pale-cyan-blue-background-color has-background\"><strong>16\/MARZO 17-20H (PRESENCIAL)<\/strong><\/p>\n\n\n\n<p style=\"font-size:14px\"><strong>SESI\u00d3N 6: <\/strong>Video-f\u00f3rum.<strong> <\/strong>Cuidar entre tierras. \u00bfQui\u00e9n sostiene la vida cuando las mujeres migran?<\/p>\n\n\n\n<hr class=\"wp-block-separator has-text-color has-background has-cyan-bluish-gray-background-color has-cyan-bluish-gray-color is-style-default\"\/>\n\n\n\n<p class=\"has-pale-cyan-blue-background-color has-background\"><strong>19\/MARZO (PRESENCIAL)<\/strong><\/p>\n\n\n\n<p style=\"font-size:14px\"><strong>VIAJE DE CAMPO: <\/strong>Encuentro con Asociaci\u00f3n ASNUCI (Huelva)<\/p>\n\n\n\n<hr class=\"wp-block-separator has-text-color has-background has-cyan-bluish-gray-background-color has-cyan-bluish-gray-color is-style-default\"\/>\n\n\n\n<p style=\"font-size:14px\"><strong>Trabajo de reflexi\u00f3n individual\/grupal online: <\/strong>B\u00fasqueda de experiencias de resistencias locales andaluzas y globales de mujeres: 1) por la conquista de derechos como migrantes racializadas; 2) por la justicia clim\u00e1tica y ambiental ecofeminista clim\u00e1tica.&nbsp;<\/p>\n\n\n\n<div style=\"height:20px\" aria-hidden=\"true\" class=\"wp-block-spacer\"><\/div>\n\n\n\n<figure class=\"wp-block-table is-style-stripes\"><table><tbody><tr><td><strong>BLOQUE FORMATIVO 3<\/strong> <br><strong>(13h)<\/strong><\/td><td><strong><strong>JUSTICIA <strong>CLIM\u00c1TICA: M\u00c1S ALL\u00c1 DE LA CRISIS MEDIOAMBIENTAL<\/strong><br><strong><em>Impacto en la vida de las mujeres desde una mirada decolonial, ecofeminista y de derechos humanos. Formas de movilizaci\u00f3n y resistencia por la justicia clim\u00e1tica y ambiental<\/em><\/strong><\/strong><\/strong><\/td><\/tr><\/tbody><\/table><\/figure>\n\n\n\n<p class=\"has-light-green-cyan-background-color has-background\"><strong>23\/MARZO 17-20H (PRESENCIAL)<\/strong><\/p>\n\n\n\n<p style=\"font-size:14px\"><strong>SESI\u00d3N 7: <\/strong>Cambio clim\u00e1tico desde un enfoque interseccional: no hay justicia clim\u00e1tica sin justicia social.<\/p>\n\n\n\n<hr class=\"wp-block-separator has-text-color has-background has-cyan-bluish-gray-background-color has-cyan-bluish-gray-color is-style-default\"\/>\n\n\n\n<p class=\"has-light-green-cyan-background-color has-background\"><strong>30\/MARZO 17-20H (PRESENCIAL)<\/strong><\/p>\n\n\n\n<p style=\"font-size:14px\"><strong>SESI\u00d3N 8: <\/strong>Situaci\u00f3n mundial de Desplazadas y Refugiadas clim\u00e1ticas.<\/p>\n\n\n\n<hr class=\"wp-block-separator has-text-color has-background has-cyan-bluish-gray-background-color has-cyan-bluish-gray-color is-style-default\"\/>\n\n\n\n<p class=\"has-light-green-cyan-background-color has-background\"><strong>14\/MAYO (PRESENCIAL)<\/strong><\/p>\n\n\n\n<p style=\"font-size:14px\"><strong>VIAJE DE CAMPO: <\/strong>Reconocimiento del conflicto en la Frontera Sur. Viaje a Ceuta.<\/p>\n\n\n\n<div style=\"height:20px\" aria-hidden=\"true\" class=\"wp-block-spacer\"><\/div>\n\n\n\n<figure class=\"wp-block-table is-style-stripes\"><table><tbody><tr><td><strong>BLOQUE FORMATIVO 4<\/strong> <br><strong>(11h)<\/strong><\/td><td><strong><strong><strong>CIUDADAN\u00cdA ACTIVA Y CR\u00cdTICA EN EL MARCO DE LA AGENDA 2030<\/strong><\/strong><\/strong><\/td><\/tr><\/tbody><\/table><\/figure>\n\n\n\n<p class=\"has-luminous-vivid-amber-background-color has-background\"><strong>20\/ABRIL 17-20H (PRESENCIAL)<\/strong><\/p>\n\n\n\n<p style=\"font-size:14px\"><strong>SESI\u00d3N 9: <\/strong>El proceso de construcci\u00f3n de sujetos pol\u00edticos: Hacia un sujeto colectivo desde abajo.<\/p>\n\n\n\n<hr class=\"wp-block-separator has-text-color has-background has-cyan-bluish-gray-background-color has-cyan-bluish-gray-color is-style-default\"\/>\n\n\n\n<p class=\"has-luminous-vivid-amber-background-color has-background\"><strong>27\/ABRIL 17-20H (PRESENCIAL)<\/strong><\/p>\n\n\n\n<p style=\"font-size:14px\"><strong>SESI\u00d3N 10: <\/strong>Evaluaci\u00f3n participativa del curso.<\/p>\n\n\n\n<hr class=\"wp-block-separator has-text-color has-background has-cyan-bluish-gray-background-color has-cyan-bluish-gray-color is-style-default\"\/>\n\n\n\n<p class=\"has-luminous-vivid-amber-background-color has-background\"><strong>11\/MAYO 17-19H (PRESENCIAL)<\/strong><\/p>\n\n\n\n<p style=\"font-size:14px\"> <strong>SESI\u00d3N 11: <\/strong>Diagn\u00f3stico formativo-participativo de voluntariado.<\/p>\n\n\n\n<hr class=\"wp-block-separator has-text-color has-background has-cyan-bluish-gray-background-color has-cyan-bluish-gray-color is-style-default\"\/>\n\n\n\n<p class=\"has-luminous-vivid-amber-background-color has-background\"><strong>25\/MAYO hora por confirmar (PRESENCIAL)<\/strong><\/p>\n\n\n\n<p style=\"font-size:14px\"><strong>SE<strong>SESI\u00d3N 12: <\/strong><\/strong>Video-F\u00f3rum en el marco de las Jornadas Africaneando.<\/p>\n","protected":false},"excerpt":{"rendered":"<p>La formaci\u00f3n del Proyecto Baramu 2021-2022 empezar\u00e1 el 9 de FEBRERO. Ser\u00e1 un curso SEMI-PRESENCIAL de 50 horas, con sesiones presenciales impartidas por personas expertas en las diferentes materias y representantes de colectivos y movimientos sociales. Adem\u00e1s del trabajo de reflexi\u00f3n personal online, el curso incluir\u00e1 dos viajes de campo VIAJES DE CAMPO* en Andaluc\u00eda [&hellip;]<\/p>\n","protected":false},"author":6,"featured_media":0,"parent":0,"menu_order":0,"comment_status":"closed","ping_status":"closed","template":"","meta":{"footnotes":""},"class_list":["post-193","page","type-page","status-publish","hentry"],"yoast_head":"<!-- This site is optimized with the Yoast SEO plugin v26.1.1 - https:\/\/yoast.com\/wordpress\/plugins\/seo\/ -->\n<title>Formaci\u00f3n - Proyecto Baramu<\/title>\n<meta name=\"robots\" content=\"index, follow, max-snippet:-1, max-image-preview:large, max-video-preview:-1\" \/>\n<link rel=\"canonical\" href=\"https:\/\/madafrica.es\/baramu\/formacion-2\/\" \/>\n<meta property=\"og:locale\" content=\"es_ES\" \/>\n<meta property=\"og:type\" content=\"article\" \/>\n<meta property=\"og:title\" content=\"Formaci\u00f3n - Proyecto Baramu\" \/>\n<meta property=\"og:description\" content=\"La formaci\u00f3n del Proyecto Baramu 2021-2022 empezar\u00e1 el 9 de FEBRERO. Ser\u00e1 un curso SEMI-PRESENCIAL de 50 horas, con sesiones presenciales impartidas por personas expertas en las diferentes materias y representantes de colectivos y movimientos sociales. Adem\u00e1s del trabajo de reflexi\u00f3n personal online, el curso incluir\u00e1 dos viajes de campo VIAJES DE CAMPO* en Andaluc\u00eda [&hellip;]\" \/>\n<meta property=\"og:url\" content=\"https:\/\/madafrica.es\/baramu\/formacion-2\/\" \/>\n<meta property=\"og:site_name\" content=\"Proyecto Baramu\" \/>\n<meta property=\"article:modified_time\" content=\"2022-04-20T11:37:30+00:00\" \/>\n<meta name=\"twitter:card\" content=\"summary_large_image\" \/>\n<meta name=\"twitter:label1\" content=\"Tiempo de lectura\" \/>\n\t<meta name=\"twitter:data1\" content=\"3 minutos\" \/>\n<script type=\"application\/ld+json\" class=\"yoast-schema-graph\">{\"@context\":\"https:\/\/schema.org\",\"@graph\":[{\"@type\":\"WebPage\",\"@id\":\"https:\/\/madafrica.es\/baramu\/formacion-2\/\",\"url\":\"https:\/\/madafrica.es\/baramu\/formacion-2\/\",\"name\":\"Formaci\u00f3n - Proyecto Baramu\",\"isPartOf\":{\"@id\":\"https:\/\/madafrica.es\/baramu\/#website\"},\"datePublished\":\"2021-10-22T08:04:14+00:00\",\"dateModified\":\"2022-04-20T11:37:30+00:00\",\"breadcrumb\":{\"@id\":\"https:\/\/madafrica.es\/baramu\/formacion-2\/#breadcrumb\"},\"inLanguage\":\"es\",\"potentialAction\":[{\"@type\":\"ReadAction\",\"target\":[\"https:\/\/madafrica.es\/baramu\/formacion-2\/\"]}]},{\"@type\":\"BreadcrumbList\",\"@id\":\"https:\/\/madafrica.es\/baramu\/formacion-2\/#breadcrumb\",\"itemListElement\":[{\"@type\":\"ListItem\",\"position\":1,\"name\":\"Portada\",\"item\":\"https:\/\/madafrica.es\/baramu\/\"},{\"@type\":\"ListItem\",\"position\":2,\"name\":\"Formaci\u00f3n\"}]},{\"@type\":\"WebSite\",\"@id\":\"https:\/\/madafrica.es\/baramu\/#website\",\"url\":\"https:\/\/madafrica.es\/baramu\/\",\"name\":\"Proyecto Baramu\",\"description\":\"Proyecto Baramu\",\"potentialAction\":[{\"@type\":\"SearchAction\",\"target\":{\"@type\":\"EntryPoint\",\"urlTemplate\":\"https:\/\/madafrica.es\/baramu\/?s={search_term_string}\"},\"query-input\":{\"@type\":\"PropertyValueSpecification\",\"valueRequired\":true,\"valueName\":\"search_term_string\"}}],\"inLanguage\":\"es\"}]}<\/script>\n<!-- \/ Yoast SEO plugin. -->","yoast_head_json":{"title":"Formaci\u00f3n - Proyecto Baramu","robots":{"index":"index","follow":"follow","max-snippet":"max-snippet:-1","max-image-preview":"max-image-preview:large","max-video-preview":"max-video-preview:-1"},"canonical":"https:\/\/madafrica.es\/baramu\/formacion-2\/","og_locale":"es_ES","og_type":"article","og_title":"Formaci\u00f3n - Proyecto Baramu","og_description":"La formaci\u00f3n del Proyecto Baramu 2021-2022 empezar\u00e1 el 9 de FEBRERO. Ser\u00e1 un curso SEMI-PRESENCIAL de 50 horas, con sesiones presenciales impartidas por personas expertas en las diferentes materias y representantes de colectivos y movimientos sociales. Adem\u00e1s del trabajo de reflexi\u00f3n personal online, el curso incluir\u00e1 dos viajes de campo VIAJES DE CAMPO* en Andaluc\u00eda [&hellip;]","og_url":"https:\/\/madafrica.es\/baramu\/formacion-2\/","og_site_name":"Proyecto Baramu","article_modified_time":"2022-04-20T11:37:30+00:00","twitter_card":"summary_large_image","twitter_misc":{"Tiempo de lectura":"3 minutos"},"schema":{"@context":"https:\/\/schema.org","@graph":[{"@type":"WebPage","@id":"https:\/\/madafrica.es\/baramu\/formacion-2\/","url":"https:\/\/madafrica.es\/baramu\/formacion-2\/","name":"Formaci\u00f3n - Proyecto Baramu","isPartOf":{"@id":"https:\/\/madafrica.es\/baramu\/#website"},"datePublished":"2021-10-22T08:04:14+00:00","dateModified":"2022-04-20T11:37:30+00:00","breadcrumb":{"@id":"https:\/\/madafrica.es\/baramu\/formacion-2\/#breadcrumb"},"inLanguage":"es","potentialAction":[{"@type":"ReadAction","target":["https:\/\/madafrica.es\/baramu\/formacion-2\/"]}]},{"@type":"BreadcrumbList","@id":"https:\/\/madafrica.es\/baramu\/formacion-2\/#breadcrumb","itemListElement":[{"@type":"ListItem","position":1,"name":"Portada","item":"https:\/\/madafrica.es\/baramu\/"},{"@type":"ListItem","position":2,"name":"Formaci\u00f3n"}]},{"@type":"WebSite","@id":"https:\/\/madafrica.es\/baramu\/#website","url":"https:\/\/madafrica.es\/baramu\/","name":"Proyecto Baramu","description":"Proyecto Baramu","potentialAction":[{"@type":"SearchAction","target":{"@type":"EntryPoint","urlTemplate":"https:\/\/madafrica.es\/baramu\/?s={search_term_string}"},"query-input":{"@type":"PropertyValueSpecification","valueRequired":true,"valueName":"search_term_string"}}],"inLanguage":"es"}]}},"featured_image_src":null,"featured_image_src_square":null,"_links":{"self":[{"href":"https:\/\/madafrica.es\/baramu\/wp-json\/wp\/v2\/pages\/193","targetHints":{"allow":["GET"]}}],"collection":[{"href":"https:\/\/madafrica.es\/baramu\/wp-json\/wp\/v2\/pages"}],"about":[{"href":"https:\/\/madafrica.es\/baramu\/wp-json\/wp\/v2\/types\/page"}],"author":[{"embeddable":true,"href":"https:\/\/madafrica.es\/baramu\/wp-json\/wp\/v2\/users\/6"}],"replies":[{"embeddable":true,"href":"https:\/\/madafrica.es\/baramu\/wp-json\/wp\/v2\/comments?post=193"}],"version-history":[{"count":11,"href":"https:\/\/madafrica.es\/baramu\/wp-json\/wp\/v2\/pages\/193\/revisions"}],"predecessor-version":[{"id":241,"href":"https:\/\/madafrica.es\/baramu\/wp-json\/wp\/v2\/pages\/193\/revisions\/241"}],"wp:attachment":[{"href":"https:\/\/madafrica.es\/baramu\/wp-json\/wp\/v2\/media?parent=193"}],"curies":[{"name":"wp","href":"https:\/\/api.w.org\/{rel}","templated":true}]}}