{"id":247,"date":"2024-01-16T11:32:04","date_gmt":"2024-01-16T10:32:04","guid":{"rendered":"https:\/\/madafrica.es\/baramu\/?page_id=247"},"modified":"2024-01-16T13:38:14","modified_gmt":"2024-01-16T12:38:14","slug":"recursos","status":"publish","type":"page","link":"https:\/\/madafrica.es\/baramu\/recursos\/","title":{"rendered":"Recursos"},"content":{"rendered":"\n<div class=\"wp-block-columns is-layout-flex wp-container-core-columns-is-layout-9d6595d7 wp-block-columns-is-layout-flex\">\n<div class=\"wp-block-column is-layout-flow wp-block-column-is-layout-flow\">\n<h4 class=\"wp-block-heading\">Video: Construyendo ciudadan\u00eda desde el voluntariado<\/h4>\n\n\n\n<p>\u00bfPor qu\u00e9 el voluntariado debe ser antirracista, feminista y participativo? Si te has hecho alguna vez estas preguntas puede que este video te ayude a conformar las respuestas.<\/p>\n<\/div>\n\n\n\n<div class=\"wp-block-column is-layout-flow wp-block-column-is-layout-flow\">\n<figure class=\"wp-block-embed is-type-video is-provider-youtube wp-block-embed-youtube wp-embed-aspect-16-9 wp-has-aspect-ratio\"><div class=\"wp-block-embed__wrapper\">\n<iframe loading=\"lazy\" title=\"Proyecto Baramu II: construyendo ciudadan\u00eda desde un voluntariado transformador\" width=\"500\" height=\"281\" src=\"https:\/\/www.youtube.com\/embed\/03nmvT7Ts6I?feature=oembed\" frameborder=\"0\" allow=\"accelerometer; autoplay; clipboard-write; encrypted-media; gyroscope; picture-in-picture; web-share\" referrerpolicy=\"strict-origin-when-cross-origin\" allowfullscreen><\/iframe>\n<\/div><\/figure>\n<\/div>\n<\/div>\n\n\n\n<div class=\"wp-block-columns is-layout-flex wp-container-core-columns-is-layout-9d6595d7 wp-block-columns-is-layout-flex\">\n<div class=\"wp-block-column is-layout-flow wp-block-column-is-layout-flow\">\n<h4 class=\"wp-block-heading\">Diagn\u00f3stico participativo sobre voluntariado transformador en ONGDS de Sevilla<\/h4>\n\n\n\n<p>Para mejorar y avanzar en la generaci\u00f3n de un voluntariado con car\u00e1cter transformador en las asociaciones andaluzas, desde una perspectiva de educaci\u00f3n para el desarrollo de ciudadan\u00eda global.<\/p>\n<\/div>\n\n\n\n<div class=\"wp-block-column is-layout-flow wp-block-column-is-layout-flow\">\n<figure class=\"wp-block-image size-large\"><a href=\"https:\/\/drive.google.com\/file\/d\/1zme-_fxEds27pajAsYEMyZJ8-WNwuF2i\/view?usp=sharing\"><img loading=\"lazy\" decoding=\"async\" width=\"1024\" height=\"582\" src=\"https:\/\/madafrica.es\/baramu\/wp-content\/uploads\/sites\/9\/2024\/01\/web-1024x582.jpg\" alt=\"\" class=\"wp-image-255\" srcset=\"https:\/\/madafrica.es\/baramu\/wp-content\/uploads\/sites\/9\/2024\/01\/web-1024x582.jpg 1024w, https:\/\/madafrica.es\/baramu\/wp-content\/uploads\/sites\/9\/2024\/01\/web-300x170.jpg 300w, https:\/\/madafrica.es\/baramu\/wp-content\/uploads\/sites\/9\/2024\/01\/web-768x436.jpg 768w, https:\/\/madafrica.es\/baramu\/wp-content\/uploads\/sites\/9\/2024\/01\/web-1536x873.jpg 1536w, https:\/\/madafrica.es\/baramu\/wp-content\/uploads\/sites\/9\/2024\/01\/web-2048x1164.jpg 2048w, https:\/\/madafrica.es\/baramu\/wp-content\/uploads\/sites\/9\/2024\/01\/web-1320x750.jpg 1320w\" sizes=\"auto, (max-width: 1024px) 100vw, 1024px\" \/><\/a><\/figure>\n<\/div>\n<\/div>\n\n\n\n<div class=\"wp-block-columns is-layout-flex wp-container-core-columns-is-layout-9d6595d7 wp-block-columns-is-layout-flex\">\n<div class=\"wp-block-column is-layout-flow wp-block-column-is-layout-flow\">\n<h4 class=\"wp-block-heading\">Pautas feministas para la acci\u00f3n de un voluntariado transformador<\/h4>\n\n\n\n<p>Fruto de un proceso participativo para la acci\u00f3n de un voluntariado transformador frente a la crisis sist\u00e9mica en el marco de la Agenda 2030<\/p>\n<\/div>\n\n\n\n<div class=\"wp-block-column is-layout-flow wp-block-column-is-layout-flow\">\n<figure class=\"wp-block-image size-large\"><a href=\"https:\/\/drive.google.com\/file\/d\/1n7LxZ6-MrPFnvnkAL9WKOLWlIchdn0L1\/view?usp=sharing\"><img loading=\"lazy\" decoding=\"async\" width=\"1024\" height=\"582\" src=\"https:\/\/madafrica.es\/baramu\/wp-content\/uploads\/sites\/9\/2024\/01\/web-2-1024x582.jpg\" alt=\"\" class=\"wp-image-260\" srcset=\"https:\/\/madafrica.es\/baramu\/wp-content\/uploads\/sites\/9\/2024\/01\/web-2-1024x582.jpg 1024w, https:\/\/madafrica.es\/baramu\/wp-content\/uploads\/sites\/9\/2024\/01\/web-2-300x170.jpg 300w, https:\/\/madafrica.es\/baramu\/wp-content\/uploads\/sites\/9\/2024\/01\/web-2-768x436.jpg 768w, https:\/\/madafrica.es\/baramu\/wp-content\/uploads\/sites\/9\/2024\/01\/web-2-1536x873.jpg 1536w, https:\/\/madafrica.es\/baramu\/wp-content\/uploads\/sites\/9\/2024\/01\/web-2-2048x1164.jpg 2048w, https:\/\/madafrica.es\/baramu\/wp-content\/uploads\/sites\/9\/2024\/01\/web-2-1320x750.jpg 1320w\" sizes=\"auto, (max-width: 1024px) 100vw, 1024px\" \/><\/a><\/figure>\n<\/div>\n<\/div>\n\n\n\n<div class=\"wp-block-columns is-layout-flex wp-container-core-columns-is-layout-9d6595d7 wp-block-columns-is-layout-flex\">\n<div class=\"wp-block-column is-layout-flow wp-block-column-is-layout-flow\">\n<h4 class=\"wp-block-heading\">Podcast Vecinas, Migraciones y Justicia Clim\u00e1tica<\/h4>\n\n\n\n<p>Expectativas, aprendizajes y realidades de un proceso de transformaci\u00f3n y creaci\u00f3n colectiva que culmin\u00f3 en la elaboraci\u00f3n de un retrato sonoro sobre el barrio de la Macarena.<\/p>\n<\/div>\n\n\n\n<div class=\"wp-block-column is-layout-flow wp-block-column-is-layout-flow\">\n<figure class=\"wp-block-image size-large\"><a href=\"https:\/\/madafrica.es\/noticias\/termina-el-taller-de-podcast-del-proyecto-baramu-vecinas-migraciones-y-justicia-climatica\/\"><img loading=\"lazy\" decoding=\"async\" width=\"1024\" height=\"582\" src=\"https:\/\/madafrica.es\/baramu\/wp-content\/uploads\/sites\/9\/2024\/01\/web-3-1024x582.jpg\" alt=\"\" class=\"wp-image-269\" srcset=\"https:\/\/madafrica.es\/baramu\/wp-content\/uploads\/sites\/9\/2024\/01\/web-3-1024x582.jpg 1024w, https:\/\/madafrica.es\/baramu\/wp-content\/uploads\/sites\/9\/2024\/01\/web-3-300x170.jpg 300w, https:\/\/madafrica.es\/baramu\/wp-content\/uploads\/sites\/9\/2024\/01\/web-3-768x436.jpg 768w, https:\/\/madafrica.es\/baramu\/wp-content\/uploads\/sites\/9\/2024\/01\/web-3-1536x873.jpg 1536w, https:\/\/madafrica.es\/baramu\/wp-content\/uploads\/sites\/9\/2024\/01\/web-3-2048x1164.jpg 2048w, https:\/\/madafrica.es\/baramu\/wp-content\/uploads\/sites\/9\/2024\/01\/web-3-1320x750.jpg 1320w\" sizes=\"auto, (max-width: 1024px) 100vw, 1024px\" \/><\/a><\/figure>\n<\/div>\n<\/div>\n","protected":false},"excerpt":{"rendered":"<p>Video: Construyendo ciudadan\u00eda desde el voluntariado \u00bfPor qu\u00e9 el voluntariado debe ser antirracista, feminista y participativo? Si te has hecho alguna vez estas preguntas puede que este video te ayude a conformar las respuestas. Diagn\u00f3stico participativo sobre voluntariado transformador en ONGDS de Sevilla Para mejorar y avanzar en la generaci\u00f3n de un voluntariado con car\u00e1cter [&hellip;]<\/p>\n","protected":false},"author":6,"featured_media":0,"parent":0,"menu_order":0,"comment_status":"closed","ping_status":"closed","template":"","meta":{"footnotes":""},"class_list":["post-247","page","type-page","status-publish","hentry"],"yoast_head":"<!-- This site is optimized with the Yoast SEO plugin v26.1.1 - https:\/\/yoast.com\/wordpress\/plugins\/seo\/ -->\n<title>Recursos - Proyecto Baramu<\/title>\n<meta name=\"robots\" content=\"index, follow, max-snippet:-1, max-image-preview:large, max-video-preview:-1\" \/>\n<link rel=\"canonical\" href=\"https:\/\/madafrica.es\/baramu\/recursos\/\" \/>\n<meta property=\"og:locale\" content=\"es_ES\" \/>\n<meta property=\"og:type\" content=\"article\" \/>\n<meta property=\"og:title\" content=\"Recursos - Proyecto Baramu\" \/>\n<meta property=\"og:description\" content=\"Video: Construyendo ciudadan\u00eda desde el voluntariado \u00bfPor qu\u00e9 el voluntariado debe ser antirracista, feminista y participativo? Si te has hecho alguna vez estas preguntas puede que este video te ayude a conformar las respuestas. Diagn\u00f3stico participativo sobre voluntariado transformador en ONGDS de Sevilla Para mejorar y avanzar en la generaci\u00f3n de un voluntariado con car\u00e1cter [&hellip;]\" \/>\n<meta property=\"og:url\" content=\"https:\/\/madafrica.es\/baramu\/recursos\/\" \/>\n<meta property=\"og:site_name\" content=\"Proyecto Baramu\" \/>\n<meta property=\"article:modified_time\" content=\"2024-01-16T12:38:14+00:00\" \/>\n<meta property=\"og:image\" content=\"https:\/\/madafrica.es\/baramu\/wp-content\/uploads\/sites\/9\/2024\/01\/web-1024x582.jpg\" \/>\n<meta name=\"twitter:card\" content=\"summary_large_image\" \/>\n<meta name=\"twitter:label1\" content=\"Tiempo de lectura\" \/>\n\t<meta name=\"twitter:data1\" content=\"2 minutos\" \/>\n<script type=\"application\/ld+json\" class=\"yoast-schema-graph\">{\"@context\":\"https:\/\/schema.org\",\"@graph\":[{\"@type\":\"WebPage\",\"@id\":\"https:\/\/madafrica.es\/baramu\/recursos\/\",\"url\":\"https:\/\/madafrica.es\/baramu\/recursos\/\",\"name\":\"Recursos - Proyecto Baramu\",\"isPartOf\":{\"@id\":\"https:\/\/madafrica.es\/baramu\/#website\"},\"primaryImageOfPage\":{\"@id\":\"https:\/\/madafrica.es\/baramu\/recursos\/#primaryimage\"},\"image\":{\"@id\":\"https:\/\/madafrica.es\/baramu\/recursos\/#primaryimage\"},\"thumbnailUrl\":\"https:\/\/madafrica.es\/baramu\/wp-content\/uploads\/sites\/9\/2024\/01\/web-1024x582.jpg\",\"datePublished\":\"2024-01-16T10:32:04+00:00\",\"dateModified\":\"2024-01-16T12:38:14+00:00\",\"breadcrumb\":{\"@id\":\"https:\/\/madafrica.es\/baramu\/recursos\/#breadcrumb\"},\"inLanguage\":\"es\",\"potentialAction\":[{\"@type\":\"ReadAction\",\"target\":[\"https:\/\/madafrica.es\/baramu\/recursos\/\"]}]},{\"@type\":\"ImageObject\",\"inLanguage\":\"es\",\"@id\":\"https:\/\/madafrica.es\/baramu\/recursos\/#primaryimage\",\"url\":\"https:\/\/madafrica.es\/baramu\/wp-content\/uploads\/sites\/9\/2024\/01\/web-scaled.jpg\",\"contentUrl\":\"https:\/\/madafrica.es\/baramu\/wp-content\/uploads\/sites\/9\/2024\/01\/web-scaled.jpg\",\"width\":2560,\"height\":1455},{\"@type\":\"BreadcrumbList\",\"@id\":\"https:\/\/madafrica.es\/baramu\/recursos\/#breadcrumb\",\"itemListElement\":[{\"@type\":\"ListItem\",\"position\":1,\"name\":\"Portada\",\"item\":\"https:\/\/madafrica.es\/baramu\/\"},{\"@type\":\"ListItem\",\"position\":2,\"name\":\"Recursos\"}]},{\"@type\":\"WebSite\",\"@id\":\"https:\/\/madafrica.es\/baramu\/#website\",\"url\":\"https:\/\/madafrica.es\/baramu\/\",\"name\":\"Proyecto Baramu\",\"description\":\"Proyecto Baramu\",\"potentialAction\":[{\"@type\":\"SearchAction\",\"target\":{\"@type\":\"EntryPoint\",\"urlTemplate\":\"https:\/\/madafrica.es\/baramu\/?s={search_term_string}\"},\"query-input\":{\"@type\":\"PropertyValueSpecification\",\"valueRequired\":true,\"valueName\":\"search_term_string\"}}],\"inLanguage\":\"es\"}]}<\/script>\n<!-- \/ Yoast SEO plugin. -->","yoast_head_json":{"title":"Recursos - Proyecto Baramu","robots":{"index":"index","follow":"follow","max-snippet":"max-snippet:-1","max-image-preview":"max-image-preview:large","max-video-preview":"max-video-preview:-1"},"canonical":"https:\/\/madafrica.es\/baramu\/recursos\/","og_locale":"es_ES","og_type":"article","og_title":"Recursos - Proyecto Baramu","og_description":"Video: Construyendo ciudadan\u00eda desde el voluntariado \u00bfPor qu\u00e9 el voluntariado debe ser antirracista, feminista y participativo? Si te has hecho alguna vez estas preguntas puede que este video te ayude a conformar las respuestas. Diagn\u00f3stico participativo sobre voluntariado transformador en ONGDS de Sevilla Para mejorar y avanzar en la generaci\u00f3n de un voluntariado con car\u00e1cter [&hellip;]","og_url":"https:\/\/madafrica.es\/baramu\/recursos\/","og_site_name":"Proyecto Baramu","article_modified_time":"2024-01-16T12:38:14+00:00","og_image":[{"url":"https:\/\/madafrica.es\/baramu\/wp-content\/uploads\/sites\/9\/2024\/01\/web-1024x582.jpg","type":"","width":"","height":""}],"twitter_card":"summary_large_image","twitter_misc":{"Tiempo de lectura":"2 minutos"},"schema":{"@context":"https:\/\/schema.org","@graph":[{"@type":"WebPage","@id":"https:\/\/madafrica.es\/baramu\/recursos\/","url":"https:\/\/madafrica.es\/baramu\/recursos\/","name":"Recursos - Proyecto Baramu","isPartOf":{"@id":"https:\/\/madafrica.es\/baramu\/#website"},"primaryImageOfPage":{"@id":"https:\/\/madafrica.es\/baramu\/recursos\/#primaryimage"},"image":{"@id":"https:\/\/madafrica.es\/baramu\/recursos\/#primaryimage"},"thumbnailUrl":"https:\/\/madafrica.es\/baramu\/wp-content\/uploads\/sites\/9\/2024\/01\/web-1024x582.jpg","datePublished":"2024-01-16T10:32:04+00:00","dateModified":"2024-01-16T12:38:14+00:00","breadcrumb":{"@id":"https:\/\/madafrica.es\/baramu\/recursos\/#breadcrumb"},"inLanguage":"es","potentialAction":[{"@type":"ReadAction","target":["https:\/\/madafrica.es\/baramu\/recursos\/"]}]},{"@type":"ImageObject","inLanguage":"es","@id":"https:\/\/madafrica.es\/baramu\/recursos\/#primaryimage","url":"https:\/\/madafrica.es\/baramu\/wp-content\/uploads\/sites\/9\/2024\/01\/web-scaled.jpg","contentUrl":"https:\/\/madafrica.es\/baramu\/wp-content\/uploads\/sites\/9\/2024\/01\/web-scaled.jpg","width":2560,"height":1455},{"@type":"BreadcrumbList","@id":"https:\/\/madafrica.es\/baramu\/recursos\/#breadcrumb","itemListElement":[{"@type":"ListItem","position":1,"name":"Portada","item":"https:\/\/madafrica.es\/baramu\/"},{"@type":"ListItem","position":2,"name":"Recursos"}]},{"@type":"WebSite","@id":"https:\/\/madafrica.es\/baramu\/#website","url":"https:\/\/madafrica.es\/baramu\/","name":"Proyecto Baramu","description":"Proyecto Baramu","potentialAction":[{"@type":"SearchAction","target":{"@type":"EntryPoint","urlTemplate":"https:\/\/madafrica.es\/baramu\/?s={search_term_string}"},"query-input":{"@type":"PropertyValueSpecification","valueRequired":true,"valueName":"search_term_string"}}],"inLanguage":"es"}]}},"featured_image_src":null,"featured_image_src_square":null,"_links":{"self":[{"href":"https:\/\/madafrica.es\/baramu\/wp-json\/wp\/v2\/pages\/247","targetHints":{"allow":["GET"]}}],"collection":[{"href":"https:\/\/madafrica.es\/baramu\/wp-json\/wp\/v2\/pages"}],"about":[{"href":"https:\/\/madafrica.es\/baramu\/wp-json\/wp\/v2\/types\/page"}],"author":[{"embeddable":true,"href":"https:\/\/madafrica.es\/baramu\/wp-json\/wp\/v2\/users\/6"}],"replies":[{"embeddable":true,"href":"https:\/\/madafrica.es\/baramu\/wp-json\/wp\/v2\/comments?post=247"}],"version-history":[{"count":7,"href":"https:\/\/madafrica.es\/baramu\/wp-json\/wp\/v2\/pages\/247\/revisions"}],"predecessor-version":[{"id":270,"href":"https:\/\/madafrica.es\/baramu\/wp-json\/wp\/v2\/pages\/247\/revisions\/270"}],"wp:attachment":[{"href":"https:\/\/madafrica.es\/baramu\/wp-json\/wp\/v2\/media?parent=247"}],"curies":[{"name":"wp","href":"https:\/\/api.w.org\/{rel}","templated":true}]}}