{"id":33,"date":"2019-09-30T15:08:17","date_gmt":"2019-09-30T13:08:17","guid":{"rendered":"https:\/\/madafrica.es\/baramu\/?page_id=33"},"modified":"2021-10-22T09:23:49","modified_gmt":"2021-10-22T07:23:49","slug":"el-proyecto","status":"publish","type":"page","link":"https:\/\/madafrica.es\/baramu\/el-proyecto\/","title":{"rendered":"Baramu 2019-2021"},"content":{"rendered":"\n<p>El objetivo\ndel Proyecto Baramu es fortalecer el compromiso social dentro de la Universidad\nSevilla y Pablo de Olavide a trav\u00e9s del voluntariado universitario, por medio\nde capacitaci\u00f3n, investigaci\u00f3n y denuncia social respecto a justicia social,\nmigraciones, poder popular y feminismos, desde una visi\u00f3n global-local. Nuestra\nintenci\u00f3n es fomentar el conocimiento y la conciencia cr\u00edtica a trav\u00e9s de la\nformaci\u00f3n-acci\u00f3n, introduciendo valores de equidad por medio del contacto con\notras realidades del sur, principalmente de \u00c1frica.<\/p>\n\n\n\n<p>Nos\narticulamos desde esas dos visiones para comenzar a crecer y evolucionar. Desde\nnuestra espiral particular pretendemos que, durante nuestros encuentros, el\nconocimiento y la participaci\u00f3n ampl\u00eden nuestras perspectivas, al igual que lo\nhace cada onda de una espiral (Baramu, en Wolof), que siempre es m\u00e1s amplia que\nla anterior, que nunca queda quieta y que desde su comienzo, y a trav\u00e9s de cada\nnueva onda, no para de crecer.<\/p>\n\n\n\n<p>Acompa\u00f1adas de las plataformas universitarias de voluntariado y las propias personas participantes iremos ahondando en conceptos de justicia social y aspectos comunitarios para poder mirar el mundo con nuevos ojos y pasar a cuestionarnos nuestro papel individual en la participaci\u00f3n colectiva, para construir un mundo mejor.<\/p>\n\n\n\n<div style=\"height:30px\" aria-hidden=\"true\" class=\"wp-block-spacer\"><\/div>\n\n\n\n<h2 class=\"wp-block-heading\">Fases del Proyecto Baramu<\/h2>\n\n\n\n<p>La primera fase del Proyecto Baramu est\u00e1 dividida en 3 pasos: FORMACI\u00d3N, ACCI\u00d3N Y CAMPO DE TRABAJO.<\/p>\n\n\n\n<p>El primer\npaso es la FORMACI\u00d3N, donde trabajaremos los conceptos fundamentales de los\ncuatros ejes donde se enmarca el proyecto: 1) Justicia global, Interdependencia\ny Derechos humanos, 2) Migraciones, 3) Poder popular, Participaci\u00f3n y\nDemocracia y 4) El papel del Feminismo en la Justicia global. Pondremos sobre\nla mesa distintas realidades, para adentrarnos en ellas desde un enfoque\ncr\u00edtico, fomentando la participaci\u00f3n del alumnado hacia la movilizaci\u00f3n y el\nimpacto social. Tendremos la oportunidad de contrastar toda la informaci\u00f3n\nadquirida con entidades y movimientos sociales, sobre todo del tejido\nsevillano, a trav\u00e9s de mesas de experiencias y debates.<\/p>\n\n\n\n<p>El siguiente\npaso es la ACCI\u00d3N, donde las personas participantes empiezan a movilizarse a\ntrav\u00e9s de pr\u00e1cticas de voluntariado en diferentes entidades sociales adheridas\nal Proyecto. Hay 35 plazas disponibles.<\/p>\n\n\n\n<p>El \u00faltimo paso es el INTERCAMBIO, que consiste en dos trabajos de campo, uno a Senegal y otro en Marruecos, no solo para conocer de cerca otras realidades, sino tambi\u00e9n contrastar y comprender por qu\u00e9 algunas mismas tem\u00e1ticas se trabajan desde diferentes perspectivas y necesidades en el sur y en el norte. Las personas que finalicen los dos primeros pasos pueden recibir una de las 35 becas de movilidad (gastos de desplazamiento, dietas y alojamiento). <\/p>\n\n\n\n<div style=\"height:30px\" aria-hidden=\"true\" class=\"wp-block-spacer\"><\/div>\n\n\n\n<figure class=\"wp-block-image\"><img loading=\"lazy\" decoding=\"async\" width=\"1024\" height=\"473\" src=\"https:\/\/madafrica.es\/baramu\/wp-content\/uploads\/sites\/9\/2019\/09\/pasos-baramu-1024x473.jpg\" alt=\"\" class=\"wp-image-13\" srcset=\"https:\/\/madafrica.es\/baramu\/wp-content\/uploads\/sites\/9\/2019\/09\/pasos-baramu-1024x473.jpg 1024w, https:\/\/madafrica.es\/baramu\/wp-content\/uploads\/sites\/9\/2019\/09\/pasos-baramu-300x139.jpg 300w, https:\/\/madafrica.es\/baramu\/wp-content\/uploads\/sites\/9\/2019\/09\/pasos-baramu-768x355.jpg 768w\" sizes=\"auto, (max-width: 1024px) 100vw, 1024px\" \/><\/figure>\n\n\n\n<div style=\"height:30px\" aria-hidden=\"true\" class=\"wp-block-spacer\"><\/div>\n\n\n\n<p>La \u00faltima\nfase del Proyecto Baramu, que ser\u00e1 desarrollada a partir de septiembre del\n2020, consiste en trabajar con herramientas de comunicaci\u00f3n para el cambio\nsocial, realizando campa\u00f1as de incidencia en nuestra ciudad para poner en valor\nel trabajo de todas las entidades involucradas en este proceso y nuestro propio\naprendizaje. <\/p>\n","protected":false},"excerpt":{"rendered":"<p>El objetivo del Proyecto Baramu es fortalecer el compromiso social dentro de la Universidad Sevilla y Pablo de Olavide a trav\u00e9s del voluntariado universitario, por medio de capacitaci\u00f3n, investigaci\u00f3n y denuncia social respecto a justicia social, migraciones, poder popular y feminismos, desde una visi\u00f3n global-local. Nuestra intenci\u00f3n es fomentar el conocimiento y la conciencia cr\u00edtica [&hellip;]<\/p>\n","protected":false},"author":6,"featured_media":0,"parent":0,"menu_order":0,"comment_status":"closed","ping_status":"closed","template":"","meta":{"footnotes":""},"class_list":["post-33","page","type-page","status-publish","hentry"],"yoast_head":"<!-- This site is optimized with the Yoast SEO plugin v26.1.1 - https:\/\/yoast.com\/wordpress\/plugins\/seo\/ -->\n<title>Baramu 2019-2021 - Proyecto Baramu<\/title>\n<meta name=\"robots\" content=\"index, follow, max-snippet:-1, max-image-preview:large, max-video-preview:-1\" \/>\n<link rel=\"canonical\" href=\"https:\/\/madafrica.es\/baramu\/el-proyecto\/\" \/>\n<meta property=\"og:locale\" content=\"es_ES\" \/>\n<meta property=\"og:type\" content=\"article\" \/>\n<meta property=\"og:title\" content=\"Baramu 2019-2021 - Proyecto Baramu\" \/>\n<meta property=\"og:description\" content=\"El objetivo del Proyecto Baramu es fortalecer el compromiso social dentro de la Universidad Sevilla y Pablo de Olavide a trav\u00e9s del voluntariado universitario, por medio de capacitaci\u00f3n, investigaci\u00f3n y denuncia social respecto a justicia social, migraciones, poder popular y feminismos, desde una visi\u00f3n global-local. Nuestra intenci\u00f3n es fomentar el conocimiento y la conciencia cr\u00edtica [&hellip;]\" \/>\n<meta property=\"og:url\" content=\"https:\/\/madafrica.es\/baramu\/el-proyecto\/\" \/>\n<meta property=\"og:site_name\" content=\"Proyecto Baramu\" \/>\n<meta property=\"article:modified_time\" content=\"2021-10-22T07:23:49+00:00\" \/>\n<meta property=\"og:image\" content=\"https:\/\/madafrica.es\/baramu\/wp-content\/uploads\/sites\/9\/2019\/09\/pasos-baramu-1024x473.jpg\" \/>\n<meta name=\"twitter:card\" content=\"summary_large_image\" \/>\n<meta name=\"twitter:label1\" content=\"Tiempo de lectura\" \/>\n\t<meta name=\"twitter:data1\" content=\"3 minutos\" \/>\n<script type=\"application\/ld+json\" class=\"yoast-schema-graph\">{\"@context\":\"https:\/\/schema.org\",\"@graph\":[{\"@type\":\"WebPage\",\"@id\":\"https:\/\/madafrica.es\/baramu\/el-proyecto\/\",\"url\":\"https:\/\/madafrica.es\/baramu\/el-proyecto\/\",\"name\":\"Baramu 2019-2021 - Proyecto Baramu\",\"isPartOf\":{\"@id\":\"https:\/\/madafrica.es\/baramu\/#website\"},\"primaryImageOfPage\":{\"@id\":\"https:\/\/madafrica.es\/baramu\/el-proyecto\/#primaryimage\"},\"image\":{\"@id\":\"https:\/\/madafrica.es\/baramu\/el-proyecto\/#primaryimage\"},\"thumbnailUrl\":\"https:\/\/madafrica.es\/baramu\/wp-content\/uploads\/sites\/9\/2019\/09\/pasos-baramu-1024x473.jpg\",\"datePublished\":\"2019-09-30T13:08:17+00:00\",\"dateModified\":\"2021-10-22T07:23:49+00:00\",\"breadcrumb\":{\"@id\":\"https:\/\/madafrica.es\/baramu\/el-proyecto\/#breadcrumb\"},\"inLanguage\":\"es\",\"potentialAction\":[{\"@type\":\"ReadAction\",\"target\":[\"https:\/\/madafrica.es\/baramu\/el-proyecto\/\"]}]},{\"@type\":\"ImageObject\",\"inLanguage\":\"es\",\"@id\":\"https:\/\/madafrica.es\/baramu\/el-proyecto\/#primaryimage\",\"url\":\"https:\/\/madafrica.es\/baramu\/wp-content\/uploads\/sites\/9\/2019\/09\/pasos-baramu-1024x473.jpg\",\"contentUrl\":\"https:\/\/madafrica.es\/baramu\/wp-content\/uploads\/sites\/9\/2019\/09\/pasos-baramu-1024x473.jpg\"},{\"@type\":\"BreadcrumbList\",\"@id\":\"https:\/\/madafrica.es\/baramu\/el-proyecto\/#breadcrumb\",\"itemListElement\":[{\"@type\":\"ListItem\",\"position\":1,\"name\":\"Portada\",\"item\":\"https:\/\/madafrica.es\/baramu\/\"},{\"@type\":\"ListItem\",\"position\":2,\"name\":\"Baramu 2019-2021\"}]},{\"@type\":\"WebSite\",\"@id\":\"https:\/\/madafrica.es\/baramu\/#website\",\"url\":\"https:\/\/madafrica.es\/baramu\/\",\"name\":\"Proyecto Baramu\",\"description\":\"Proyecto Baramu\",\"potentialAction\":[{\"@type\":\"SearchAction\",\"target\":{\"@type\":\"EntryPoint\",\"urlTemplate\":\"https:\/\/madafrica.es\/baramu\/?s={search_term_string}\"},\"query-input\":{\"@type\":\"PropertyValueSpecification\",\"valueRequired\":true,\"valueName\":\"search_term_string\"}}],\"inLanguage\":\"es\"}]}<\/script>\n<!-- \/ Yoast SEO plugin. -->","yoast_head_json":{"title":"Baramu 2019-2021 - Proyecto Baramu","robots":{"index":"index","follow":"follow","max-snippet":"max-snippet:-1","max-image-preview":"max-image-preview:large","max-video-preview":"max-video-preview:-1"},"canonical":"https:\/\/madafrica.es\/baramu\/el-proyecto\/","og_locale":"es_ES","og_type":"article","og_title":"Baramu 2019-2021 - Proyecto Baramu","og_description":"El objetivo del Proyecto Baramu es fortalecer el compromiso social dentro de la Universidad Sevilla y Pablo de Olavide a trav\u00e9s del voluntariado universitario, por medio de capacitaci\u00f3n, investigaci\u00f3n y denuncia social respecto a justicia social, migraciones, poder popular y feminismos, desde una visi\u00f3n global-local. Nuestra intenci\u00f3n es fomentar el conocimiento y la conciencia cr\u00edtica [&hellip;]","og_url":"https:\/\/madafrica.es\/baramu\/el-proyecto\/","og_site_name":"Proyecto Baramu","article_modified_time":"2021-10-22T07:23:49+00:00","og_image":[{"url":"https:\/\/madafrica.es\/baramu\/wp-content\/uploads\/sites\/9\/2019\/09\/pasos-baramu-1024x473.jpg","type":"","width":"","height":""}],"twitter_card":"summary_large_image","twitter_misc":{"Tiempo de lectura":"3 minutos"},"schema":{"@context":"https:\/\/schema.org","@graph":[{"@type":"WebPage","@id":"https:\/\/madafrica.es\/baramu\/el-proyecto\/","url":"https:\/\/madafrica.es\/baramu\/el-proyecto\/","name":"Baramu 2019-2021 - Proyecto Baramu","isPartOf":{"@id":"https:\/\/madafrica.es\/baramu\/#website"},"primaryImageOfPage":{"@id":"https:\/\/madafrica.es\/baramu\/el-proyecto\/#primaryimage"},"image":{"@id":"https:\/\/madafrica.es\/baramu\/el-proyecto\/#primaryimage"},"thumbnailUrl":"https:\/\/madafrica.es\/baramu\/wp-content\/uploads\/sites\/9\/2019\/09\/pasos-baramu-1024x473.jpg","datePublished":"2019-09-30T13:08:17+00:00","dateModified":"2021-10-22T07:23:49+00:00","breadcrumb":{"@id":"https:\/\/madafrica.es\/baramu\/el-proyecto\/#breadcrumb"},"inLanguage":"es","potentialAction":[{"@type":"ReadAction","target":["https:\/\/madafrica.es\/baramu\/el-proyecto\/"]}]},{"@type":"ImageObject","inLanguage":"es","@id":"https:\/\/madafrica.es\/baramu\/el-proyecto\/#primaryimage","url":"https:\/\/madafrica.es\/baramu\/wp-content\/uploads\/sites\/9\/2019\/09\/pasos-baramu-1024x473.jpg","contentUrl":"https:\/\/madafrica.es\/baramu\/wp-content\/uploads\/sites\/9\/2019\/09\/pasos-baramu-1024x473.jpg"},{"@type":"BreadcrumbList","@id":"https:\/\/madafrica.es\/baramu\/el-proyecto\/#breadcrumb","itemListElement":[{"@type":"ListItem","position":1,"name":"Portada","item":"https:\/\/madafrica.es\/baramu\/"},{"@type":"ListItem","position":2,"name":"Baramu 2019-2021"}]},{"@type":"WebSite","@id":"https:\/\/madafrica.es\/baramu\/#website","url":"https:\/\/madafrica.es\/baramu\/","name":"Proyecto Baramu","description":"Proyecto Baramu","potentialAction":[{"@type":"SearchAction","target":{"@type":"EntryPoint","urlTemplate":"https:\/\/madafrica.es\/baramu\/?s={search_term_string}"},"query-input":{"@type":"PropertyValueSpecification","valueRequired":true,"valueName":"search_term_string"}}],"inLanguage":"es"}]}},"featured_image_src":null,"featured_image_src_square":null,"_links":{"self":[{"href":"https:\/\/madafrica.es\/baramu\/wp-json\/wp\/v2\/pages\/33","targetHints":{"allow":["GET"]}}],"collection":[{"href":"https:\/\/madafrica.es\/baramu\/wp-json\/wp\/v2\/pages"}],"about":[{"href":"https:\/\/madafrica.es\/baramu\/wp-json\/wp\/v2\/types\/page"}],"author":[{"embeddable":true,"href":"https:\/\/madafrica.es\/baramu\/wp-json\/wp\/v2\/users\/6"}],"replies":[{"embeddable":true,"href":"https:\/\/madafrica.es\/baramu\/wp-json\/wp\/v2\/comments?post=33"}],"version-history":[{"count":4,"href":"https:\/\/madafrica.es\/baramu\/wp-json\/wp\/v2\/pages\/33\/revisions"}],"predecessor-version":[{"id":190,"href":"https:\/\/madafrica.es\/baramu\/wp-json\/wp\/v2\/pages\/33\/revisions\/190"}],"wp:attachment":[{"href":"https:\/\/madafrica.es\/baramu\/wp-json\/wp\/v2\/media?parent=33"}],"curies":[{"name":"wp","href":"https:\/\/api.w.org\/{rel}","templated":true}]}}