{"id":52,"date":"2019-09-30T15:30:09","date_gmt":"2019-09-30T13:30:09","guid":{"rendered":"https:\/\/madafrica.es\/baramu\/?page_id=52"},"modified":"2020-02-11T12:49:22","modified_gmt":"2020-02-11T11:49:22","slug":"formacion","status":"publish","type":"page","link":"https:\/\/madafrica.es\/baramu\/formacion\/","title":{"rendered":"Formaci\u00f3n"},"content":{"rendered":"\n<div style=\"height:30px\" aria-hidden=\"true\" class=\"wp-block-spacer\"><\/div>\n\n\n\n<p><strong>Las sesiones formativas ser\u00e1n los lunes y mi\u00e9rcoles, de 16:30 a 20:30, en el Pabell\u00f3n de Uruguay (Avda de Chile s\/n).<\/strong><\/p>\n\n\n\n<div style=\"height:20px\" aria-hidden=\"true\" class=\"wp-block-spacer\"><\/div>\n\n\n\n<figure class=\"wp-block-table\"><table class=\"\"><tbody><tr><td><strong>BLOQUE 0: Presentaci\u00f3n del Proyecto Baramu y charla inaugural<\/strong><\/td><\/tr><\/tbody><\/table><\/figure>\n\n\n\n<p><strong>04 de noviembre<\/strong><br><strong>Necesidad de la acci\u00f3n social, del posicionamiento de la ciudadan\u00eda ante las injusticias. Racismos desapercibidos en el d\u00eda a d\u00eda.<\/strong><\/p>\n\n\n\n<ul class=\"wp-block-list\"><li>16:30 Firma de asistencia y Entrega de materiales<\/li><li>17:00 Presentaci\u00f3n Proyecto. Participaci\u00f3n de la Oficina de Voluntariado de la US y UPO. Explicaci\u00f3n del proyecto y resoluci\u00f3n de dudas.<\/li><li>17:30 Blessing Ulefe<\/li><li>18:30 Descanso<\/li><li>18:45 Moha Gerehou. \u201c\u00bfC\u00f3mo ser\u00eda mi vida si fuera un negro de pel\u00edcula\u201d<\/li><li>19:45 Debate colectivo<\/li><li>20:20 Fin<\/li><\/ul>\n\n\n\n<figure class=\"wp-block-table\"><table class=\"\"><tbody><tr><td><strong>Bloque 1: JUSTICIA GLOBAL, INTERDEPENDENCIA Y DERECHOS HUMANOS<\/strong><\/td><\/tr><\/tbody><\/table><\/figure>\n\n\n\n<p><strong>06 de noviembre<\/strong><br><strong>Conceptos de la justicia global, interdependencia y desigualdades.<\/strong><\/p>\n\n\n\n<ul class=\"wp-block-list\"><li>16:30 Bienvenida y presentaci\u00f3n.<\/li><li>16:45 Noelia Camer\u00f3n: Conceptos de justicia global e interdependencia.<\/li><li>18:15 Descanso<\/li><li>18:30 Experiencias desde el activismo social: La transicionera, Amnist\u00eda Internacional, Oficina de derechos sociales<\/li><li>19:45 Debate colectivo <\/li><li>20:20 Fin<\/li><\/ul>\n\n\n\n<p><strong>11 de noviembre<\/strong><br>J<strong>usticia global desde lo local: experiencias comunitarias.<\/strong><\/p>\n\n\n\n<ul class=\"wp-block-list\"><li>16:30 Bienvenida y  presentaci\u00f3n. <\/li><li>16:45 CIC Bat\u00e1: De la cooperaci\u00f3n al desarrollo a la cooperaci\u00f3n para la justicia global.<\/li><li>18:00 descanso<\/li><li>18:15 Justicia global desde lo local: experiencias comunitarias: Cepaim, Entrepueblos, Solidarios, Ayto. de Sevilla.<\/li><li>19:45 Debate colectivo <\/li><li>20:20 Fin <\/li><\/ul>\n\n\n\n<figure class=\"wp-block-table\"><table class=\"\"><tbody><tr><td><strong>Bloque 2: MIGRACIONES<\/strong><\/td><\/tr><\/tbody><\/table><\/figure>\n\n\n\n<p><strong>13 de noviembre<\/strong><br><strong>Personas refugiadas y derecho a asilo.&nbsp;<\/strong><\/p>\n\n\n\n<ul class=\"wp-block-list\"><li>16:30 Bienvenida y presentaci\u00f3n. <\/li><li>16:45 Juan Pablo Aris <\/li><li>18:15 Descanso<\/li><li>18:30 Movilizaciones ciudadanas y estrategias de apoyo.&nbsp;<\/li><li>19:45 Debate colectivo <\/li><li>20:20 Fin  <\/li><\/ul>\n\n\n\n<p><strong>18 de noviembre <\/strong><br><strong>Movimientos migratorios actuales; causas y consecuencias. Marco legal. Impacto del cambio clim\u00e1tico en las migraciones.<\/strong><\/p>\n\n\n\n<ul class=\"wp-block-list\"><li>16:30 Bienvenida y presentaci\u00f3n<\/li><li>16:45 Edinely Tom\u00e9 Mata<\/li><li>18:15 Descanso<\/li><li>18:30 Giulia Costanzo Talarico<\/li><li>19:45 Debate colectivo <\/li><li>20:20 Fin  <\/li><\/ul>\n\n\n\n<p><strong>25 de noviembre<\/strong><br><strong>Problem\u00e1ticas en la frontera sur, pol\u00edticas de control fronterizo. <\/strong><\/p>\n\n\n\n<ul class=\"wp-block-list\"><li>16:30 Bienvenida y presentaci\u00f3n<\/li><li>16:45 Amal Mohammadiane<\/li><li>18:15 Descanso<\/li><li>18:30 Movilizaciones ciudadanas y estrategias de apoyo: Claver, PSM, Macarena para Todas. <\/li><li>19:45 Debate colectivo <\/li><li>20:20 Fin  <\/li><\/ul>\n\n\n\n<figure class=\"wp-block-table\"><table class=\"\"><tbody><tr><td><strong>Bloque 3: PODER POPULAR, PARTICIPACI\u00d3N Y DEMOCRACIA<\/strong><\/td><\/tr><\/tbody><\/table><\/figure>\n\n\n\n<p><strong>02 de diciembre <\/strong><br><strong>El poder dormido, recuperaci\u00f3n de la participaci\u00f3n ciudadana para el cambio social.<\/strong><\/p>\n\n\n\n<ul class=\"wp-block-list\"><li>16:30 Bienvenida y presentaci\u00f3n<\/li><li>16:45 Antonio Moreno: participaci\u00f3n ciudadana para el cambio social.<\/li><li>18:45 Descanso<\/li><li>19:00 Scouts de Andaluc\u00eda, despertando la ciudadan\u00eda cr\u00edtica desde la educaci\u00f3n no formal<\/li><li>19:45 Debate colectivo <\/li><li>20:20 Fin  <\/li><\/ul>\n\n\n\n<p><strong>04 de diciembre <\/strong><br><strong>La transformaci\u00f3n desde el voluntariado, construcci\u00f3n de sujetos pol\u00edticos. La universidad al servicio del bien com\u00fan.<\/strong><\/p>\n\n\n\n<ul class=\"wp-block-list\"><li>16:30 Bienvenida y presentaci\u00f3n<\/li><li>16:45 ONWAGA: Percepci\u00f3n sobre el voluntariado y el valor de la participaci\u00f3n social en la construcci\u00f3n de los derechos globales y su aporte en el norte y en el sur<\/li><li>17:45 Descanso<\/li><li>18:00  Esteban de Manuel. La universidad al servicio del bien com\u00fan.  <\/li><li>19.00  Luc\u00eda Mu\u00f1oz. Construcci\u00f3n de derechos globales desde la participaci\u00f3n voluntaria: Entrefronteras y la poder\u00edo. <\/li><li>20:00 Debate colectivo <\/li><li>20:20 Fin   <\/li><\/ul>\n\n\n\n<p><strong>11 de diciembre <\/strong><br><strong>Experiencias de articulaci\u00f3n ciudadana y resistencia desde la perspectiva feminista, barrial, africana y ambiental.<\/strong><\/p>\n\n\n\n<ul class=\"wp-block-list\"><li>16:30 Bienvenida y presentaci\u00f3n <\/li><li>16:45 \u00c1ngel Calle. Los movimientos sociales globales.<\/li><li>18.15 Descanso<\/li><li>18.30 Experiencias de articulaci\u00f3n ciudadana y resistencia desde movimientos sociales:  Grupo local de Ecologistas en Acci\u00f3n,  Manteros de Sevilla,  Asociaci\u00f3n de Empleadas del Hogar.&nbsp; <\/li><li> 19:45 Debate colectivo <\/li><li>20:20 Fin    <\/li><\/ul>\n\n\n\n<figure class=\"wp-block-table\"><table class=\"\"><tbody><tr><td><strong>Bloque 4: PAPEL DEL FEMINISMO EN LA JUSTICIA GLOBAL<\/strong><\/td><\/tr><\/tbody><\/table><\/figure>\n\n\n\n<p><strong>16 de diciembre <\/strong><br><strong>Perspectivas hist\u00f3ricas desde los feminismos. Crisis de los cuidados &amp; ecofeminismo.<\/strong><\/p>\n\n\n\n<ul class=\"wp-block-list\"><li>16:30 Bienvenida y presentaci\u00f3n  <\/li><li>16:45 Roc\u00edo Medina: Perspectivas hist\u00f3ricas desde los feminismos<\/li><li>18:30Descanso<\/li><li>18:45 Laura P\u00e9rez Prieto: Crisis de los cuidados &amp; ecofeminismo (por confirmar)  <\/li><li>19:45 Debate colectivo <\/li><li>20:20 Fin     <\/li><\/ul>\n\n\n\n<p><strong>18 de diciembre <\/strong><br><strong>Di\u00e1logos entre feminismos para la igualdad. Feminismos desde los sures<\/strong><\/p>\n\n\n\n<ul class=\"wp-block-list\"><li> 16:30 Bienvenida y presentaci\u00f3n   <\/li><li>16.45 Sandra Heredia- Feminismos gitanos  (por confirmar)   <\/li><li>17:30 Coral Hortal &#8211; Feminismos desde la diversidad funcional  (por confirmar)   <\/li><li>18:15 Descanso&nbsp;<\/li><li>18.30 Experiencias de feminismos en diversos colectivos.<\/li><li> 19:45 Debate colectivo <\/li><li>20:20 Fin      <\/li><\/ul>\n\n\n\n<hr class=\"wp-block-separator\"\/>\n\n\n\n<p><strong>10 de febrero de 2020<\/strong><br><strong>Feria de Asociaciones\/Entidades adscritas al Proyecto Baramu<\/strong><\/p>\n\n\n\n<ul class=\"wp-block-list\"><li>16:30 Bienvenida y presentaci\u00f3n  <\/li><li>16:45 Presentaci\u00f3n de  asociaciones\/entidades adscritas al Proyecto Baramu <\/li><li>18:00 Descanso<\/li><li>18:15  Presentaci\u00f3n de  asociaciones\/entidades adscritas al Proyecto Baramu  <\/li><li>19:45 Aclaraci\u00f3n de dudas <\/li><li>20:20 Fin     <\/li><\/ul>\n\n\n\n<p><strong>12 de febrero de 2020<\/strong><br><strong>Video-F\u00f3rum del Documental Samba<\/strong><\/p>\n\n\n\n<ul class=\"wp-block-list\"><li>16:30 Bienvenida y presentaci\u00f3n  <\/li><li>16:45 Presentaci\u00f3n de Documental Samba<\/li><li>18:00 Descanso<\/li><li>18:15 Forum sobre  documental <\/li><li>19:45 Cierre de formaci\u00f3n<\/li><li>20:20 Fin     <\/li><\/ul>\n","protected":false},"excerpt":{"rendered":"<p>Las sesiones formativas ser\u00e1n los lunes y mi\u00e9rcoles, de 16:30 a 20:30, en el Pabell\u00f3n de Uruguay (Avda de Chile s\/n). BLOQUE 0: Presentaci\u00f3n del Proyecto Baramu y charla inaugural 04 de noviembreNecesidad de la acci\u00f3n social, del posicionamiento de la ciudadan\u00eda ante las injusticias. Racismos desapercibidos en el d\u00eda a d\u00eda. 16:30 Firma de [&hellip;]<\/p>\n","protected":false},"author":6,"featured_media":0,"parent":0,"menu_order":0,"comment_status":"closed","ping_status":"closed","template":"","meta":{"footnotes":""},"class_list":["post-52","page","type-page","status-publish","hentry"],"yoast_head":"<!-- This site is optimized with the Yoast SEO plugin v26.1.1 - https:\/\/yoast.com\/wordpress\/plugins\/seo\/ -->\n<title>Formaci\u00f3n - Proyecto Baramu<\/title>\n<meta name=\"robots\" content=\"index, follow, max-snippet:-1, max-image-preview:large, max-video-preview:-1\" \/>\n<link rel=\"canonical\" href=\"https:\/\/madafrica.es\/baramu\/formacion\/\" \/>\n<meta property=\"og:locale\" content=\"es_ES\" \/>\n<meta property=\"og:type\" content=\"article\" \/>\n<meta property=\"og:title\" content=\"Formaci\u00f3n - Proyecto Baramu\" \/>\n<meta property=\"og:description\" content=\"Las sesiones formativas ser\u00e1n los lunes y mi\u00e9rcoles, de 16:30 a 20:30, en el Pabell\u00f3n de Uruguay (Avda de Chile s\/n). BLOQUE 0: Presentaci\u00f3n del Proyecto Baramu y charla inaugural 04 de noviembreNecesidad de la acci\u00f3n social, del posicionamiento de la ciudadan\u00eda ante las injusticias. Racismos desapercibidos en el d\u00eda a d\u00eda. 16:30 Firma de [&hellip;]\" \/>\n<meta property=\"og:url\" content=\"https:\/\/madafrica.es\/baramu\/formacion\/\" \/>\n<meta property=\"og:site_name\" content=\"Proyecto Baramu\" \/>\n<meta property=\"article:modified_time\" content=\"2020-02-11T11:49:22+00:00\" \/>\n<meta name=\"twitter:card\" content=\"summary_large_image\" \/>\n<meta name=\"twitter:label1\" content=\"Tiempo de lectura\" \/>\n\t<meta name=\"twitter:data1\" content=\"3 minutos\" \/>\n<script type=\"application\/ld+json\" class=\"yoast-schema-graph\">{\"@context\":\"https:\/\/schema.org\",\"@graph\":[{\"@type\":\"WebPage\",\"@id\":\"https:\/\/madafrica.es\/baramu\/formacion\/\",\"url\":\"https:\/\/madafrica.es\/baramu\/formacion\/\",\"name\":\"Formaci\u00f3n - Proyecto Baramu\",\"isPartOf\":{\"@id\":\"https:\/\/madafrica.es\/baramu\/#website\"},\"datePublished\":\"2019-09-30T13:30:09+00:00\",\"dateModified\":\"2020-02-11T11:49:22+00:00\",\"breadcrumb\":{\"@id\":\"https:\/\/madafrica.es\/baramu\/formacion\/#breadcrumb\"},\"inLanguage\":\"es\",\"potentialAction\":[{\"@type\":\"ReadAction\",\"target\":[\"https:\/\/madafrica.es\/baramu\/formacion\/\"]}]},{\"@type\":\"BreadcrumbList\",\"@id\":\"https:\/\/madafrica.es\/baramu\/formacion\/#breadcrumb\",\"itemListElement\":[{\"@type\":\"ListItem\",\"position\":1,\"name\":\"Portada\",\"item\":\"https:\/\/madafrica.es\/baramu\/\"},{\"@type\":\"ListItem\",\"position\":2,\"name\":\"Formaci\u00f3n\"}]},{\"@type\":\"WebSite\",\"@id\":\"https:\/\/madafrica.es\/baramu\/#website\",\"url\":\"https:\/\/madafrica.es\/baramu\/\",\"name\":\"Proyecto Baramu\",\"description\":\"Proyecto Baramu\",\"potentialAction\":[{\"@type\":\"SearchAction\",\"target\":{\"@type\":\"EntryPoint\",\"urlTemplate\":\"https:\/\/madafrica.es\/baramu\/?s={search_term_string}\"},\"query-input\":{\"@type\":\"PropertyValueSpecification\",\"valueRequired\":true,\"valueName\":\"search_term_string\"}}],\"inLanguage\":\"es\"}]}<\/script>\n<!-- \/ Yoast SEO plugin. -->","yoast_head_json":{"title":"Formaci\u00f3n - Proyecto Baramu","robots":{"index":"index","follow":"follow","max-snippet":"max-snippet:-1","max-image-preview":"max-image-preview:large","max-video-preview":"max-video-preview:-1"},"canonical":"https:\/\/madafrica.es\/baramu\/formacion\/","og_locale":"es_ES","og_type":"article","og_title":"Formaci\u00f3n - Proyecto Baramu","og_description":"Las sesiones formativas ser\u00e1n los lunes y mi\u00e9rcoles, de 16:30 a 20:30, en el Pabell\u00f3n de Uruguay (Avda de Chile s\/n). BLOQUE 0: Presentaci\u00f3n del Proyecto Baramu y charla inaugural 04 de noviembreNecesidad de la acci\u00f3n social, del posicionamiento de la ciudadan\u00eda ante las injusticias. Racismos desapercibidos en el d\u00eda a d\u00eda. 16:30 Firma de [&hellip;]","og_url":"https:\/\/madafrica.es\/baramu\/formacion\/","og_site_name":"Proyecto Baramu","article_modified_time":"2020-02-11T11:49:22+00:00","twitter_card":"summary_large_image","twitter_misc":{"Tiempo de lectura":"3 minutos"},"schema":{"@context":"https:\/\/schema.org","@graph":[{"@type":"WebPage","@id":"https:\/\/madafrica.es\/baramu\/formacion\/","url":"https:\/\/madafrica.es\/baramu\/formacion\/","name":"Formaci\u00f3n - Proyecto Baramu","isPartOf":{"@id":"https:\/\/madafrica.es\/baramu\/#website"},"datePublished":"2019-09-30T13:30:09+00:00","dateModified":"2020-02-11T11:49:22+00:00","breadcrumb":{"@id":"https:\/\/madafrica.es\/baramu\/formacion\/#breadcrumb"},"inLanguage":"es","potentialAction":[{"@type":"ReadAction","target":["https:\/\/madafrica.es\/baramu\/formacion\/"]}]},{"@type":"BreadcrumbList","@id":"https:\/\/madafrica.es\/baramu\/formacion\/#breadcrumb","itemListElement":[{"@type":"ListItem","position":1,"name":"Portada","item":"https:\/\/madafrica.es\/baramu\/"},{"@type":"ListItem","position":2,"name":"Formaci\u00f3n"}]},{"@type":"WebSite","@id":"https:\/\/madafrica.es\/baramu\/#website","url":"https:\/\/madafrica.es\/baramu\/","name":"Proyecto Baramu","description":"Proyecto Baramu","potentialAction":[{"@type":"SearchAction","target":{"@type":"EntryPoint","urlTemplate":"https:\/\/madafrica.es\/baramu\/?s={search_term_string}"},"query-input":{"@type":"PropertyValueSpecification","valueRequired":true,"valueName":"search_term_string"}}],"inLanguage":"es"}]}},"featured_image_src":null,"featured_image_src_square":null,"_links":{"self":[{"href":"https:\/\/madafrica.es\/baramu\/wp-json\/wp\/v2\/pages\/52","targetHints":{"allow":["GET"]}}],"collection":[{"href":"https:\/\/madafrica.es\/baramu\/wp-json\/wp\/v2\/pages"}],"about":[{"href":"https:\/\/madafrica.es\/baramu\/wp-json\/wp\/v2\/types\/page"}],"author":[{"embeddable":true,"href":"https:\/\/madafrica.es\/baramu\/wp-json\/wp\/v2\/users\/6"}],"replies":[{"embeddable":true,"href":"https:\/\/madafrica.es\/baramu\/wp-json\/wp\/v2\/comments?post=52"}],"version-history":[{"count":11,"href":"https:\/\/madafrica.es\/baramu\/wp-json\/wp\/v2\/pages\/52\/revisions"}],"predecessor-version":[{"id":138,"href":"https:\/\/madafrica.es\/baramu\/wp-json\/wp\/v2\/pages\/52\/revisions\/138"}],"wp:attachment":[{"href":"https:\/\/madafrica.es\/baramu\/wp-json\/wp\/v2\/media?parent=52"}],"curies":[{"name":"wp","href":"https:\/\/api.w.org\/{rel}","templated":true}]}}