{"id":56,"date":"2019-09-30T15:33:46","date_gmt":"2019-09-30T13:33:46","guid":{"rendered":"https:\/\/madafrica.es\/baramu\/?page_id=56"},"modified":"2024-01-16T13:27:34","modified_gmt":"2024-01-16T12:27:34","slug":"como-participar","status":"publish","type":"page","link":"https:\/\/madafrica.es\/baramu\/como-participar\/","title":{"rendered":"\u00bfC\u00f3mo participar?"},"content":{"rendered":"\n<p>\u00bfTienes ganas de construir una sociedad m\u00e1s justa y equitativa, antirracista y feminista?<\/p>\n\n\n\n<p>El voluntariado puede ser un canal de expresi\u00f3n de esta necesidad de cambio. Una transformaci\u00f3n que va desde lo personal\/local a lo colectivo\/global: la persona que hace voluntariado cambia haciendo y transformando se transforma.<\/p>\n\n\n\n<p>Para realizar un voluntariado realmente transformador y comprometido con el cambio social es necesario DECONSTRUIRSE y volver a ENFOCAR LA MIRADA hacia el mundo que te rodea.<\/p>\n\n\n\n<p>Desde MAD \u00c1frica te proponemos un CURSO DE FORMACI\u00d3N-ACCI\u00d3N para mejorar tu conocimiento y comprensi\u00f3n de la realidad, reconocer tus privilegios y las necesidades y derechos de otras personas y ampliar tu conciencia cr\u00edtica y global de los problemas originados por las desigualdades Norte&amp;Sur.<\/p>\n\n\n\n<p>Si eres universitari@, quieres crecer como sujeto pol\u00edtico y formar parte de una ciudadan\u00eda cr\u00edtica que lucha por un mundo justo, antirracista y ecofeminista, este es tu sitio.<\/p>\n\n\n\n<div style=\"height:76px\" aria-hidden=\"true\" class=\"wp-block-spacer\"><\/div>\n\n\n\n<h2 class=\"wp-block-heading\">\u00a1YA EST\u00c1 ABIERTA LA PREINSCRIPCI\u00d3N A LA FORMACI\u00d3N-ACCI\u00d3N 2022! <\/h2>\n\n\n\n<div style=\"height:76px\" aria-hidden=\"true\" class=\"wp-block-spacer\"><\/div>\n\n\n\n<figure class=\"wp-block-image size-full\"><img loading=\"lazy\" decoding=\"async\" width=\"1024\" height=\"793\" src=\"https:\/\/madafrica.es\/baramu\/wp-content\/uploads\/sites\/9\/2024\/01\/baramu2-cartel-2-1024x793-1.jpg\" alt=\"\" class=\"wp-image-263\" srcset=\"https:\/\/madafrica.es\/baramu\/wp-content\/uploads\/sites\/9\/2024\/01\/baramu2-cartel-2-1024x793-1.jpg 1024w, https:\/\/madafrica.es\/baramu\/wp-content\/uploads\/sites\/9\/2024\/01\/baramu2-cartel-2-1024x793-1-300x232.jpg 300w, https:\/\/madafrica.es\/baramu\/wp-content\/uploads\/sites\/9\/2024\/01\/baramu2-cartel-2-1024x793-1-768x595.jpg 768w\" sizes=\"auto, (max-width: 1024px) 100vw, 1024px\" \/><\/figure>\n\n\n\n<div style=\"height:76px\" aria-hidden=\"true\" class=\"wp-block-spacer\"><\/div>\n\n\n\n<h2 class=\"wp-block-heading\">\u00a1NO TE QUEDES SIN PLAZA!<\/h2>\n\n\n\n<div style=\"height:76px\" aria-hidden=\"true\" class=\"wp-block-spacer\"><\/div>\n\n\n\n<p>El Proyecto Baramu est\u00e1 destinado a estudiantes universitarios\/as (Universidad de Sevilla y Pablo de Olavide) de grado y postgrado. Hay tres modalidades de participaci\u00f3n: <\/p>\n\n\n\n<p class=\"has-background\" style=\"background-color:#e1cc00\">1) Participaci\u00f3n libre (hasta completar aforo*) a cualquier sesi\u00f3n de la formaci\u00f3n te\u00f3rica;<\/p>\n\n\n\n<p class=\"has-background\" style=\"background-color:#e1cc00\">2) Participaci\u00f3n en la formaci\u00f3n te\u00f3rica completa (paso 1);<\/p>\n\n\n\n<p class=\"has-background\" style=\"background-color:#e1cc00\">3) Participaci\u00f3n en programa completo (incluye los pasos de formaci\u00f3n, acci\u00f3n e intercambio).<\/p>\n\n\n\n<div style=\"height:76px\" aria-hidden=\"true\" class=\"wp-block-spacer\"><\/div>\n\n\n\n<p><strong>Para la obtenci\u00f3n del certificado<\/strong><br>La carga horaria total de la formaci\u00f3n te\u00f3rica es de 50 horas (semi-presencial). Es necesario asistir al menos a un 80% la formaci\u00f3n te\u00f3rica presencial y entregar los trabajos exigidos (4 al total, realzados en las horas de estudio online) para conseguir el certificado de participaci\u00f3n expedido por MAD \u00c1frica. Tambi\u00e9n pueden ser solicitados cr\u00e9ditos ECTS (en ambas universidades). La carga horaria de la formaci\u00f3n pr\u00e1ctica es de 50 horas y es necesario la asistencia al 100% para la obtenci\u00f3n de certificado.<\/p>\n\n\n\n<p><strong>Para acceder a la beca de voluntariado internacional<\/strong><br>Ser\u00e1n ofrecidas DOS becas de desplazamiento, dieta y alojamiento para la realizaci\u00f3n de un voluntariado internacional en Senegal, en la \u00abONG Hahatay son risas de Gandiol\u00bb, por 3-4 semanas (entre los meses de julio y agosto de 2022). Para poder optar a la beca, es <strong>imprescindible<\/strong> haber completado satisfactoriamente los pasos 1 y 2 (formaci\u00f3n te\u00f3rica y acci\u00f3n voluntaria).<\/p>\n\n\n\n<p><strong>Participaci\u00f3n de personas no universitarias<\/strong><br>Las personas no pertenecientes a la comunidad universitaria que deseen participar en las sesiones formativas tendr\u00e1n acceso libre a la misma, hasta completar aforo. Esta modalidad no da acceso la participaci\u00f3n en las acciones de voluntariado ni a la beca de voluntariado internacional.<\/p>\n\n\n\n<div style=\"height:76px\" aria-hidden=\"true\" class=\"wp-block-spacer\"><\/div>\n\n\n\n<div class=\"wp-block-buttons is-layout-flex wp-block-buttons-is-layout-flex\"><\/div>\n\n\n\n<div class=\"wp-block-columns is-layout-flex wp-container-core-columns-is-layout-9d6595d7 wp-block-columns-is-layout-flex\">\n<div class=\"wp-block-column is-layout-flow wp-block-column-is-layout-flow\">\n<div class=\"wp-block-buttons is-horizontal is-content-justification-center is-layout-flex wp-container-core-buttons-is-layout-499968f5 wp-block-buttons-is-layout-flex\">\n<div class=\"wp-block-button has-custom-font-size has-medium-font-size\"><a class=\"wp-block-button__link wp-element-button\" href=\"https:\/\/forms.gle\/sWYVjHmZR4YgUYc99\" target=\"_blank\" rel=\"noreferrer noopener\">\u00a1INSCR\u00cdBETE AQU\u00cd!<\/a><\/div>\n<\/div>\n<\/div>\n<\/div>\n","protected":false},"excerpt":{"rendered":"<p>\u00bfTienes ganas de construir una sociedad m\u00e1s justa y equitativa, antirracista y feminista? El voluntariado puede ser un canal de expresi\u00f3n de esta necesidad de cambio. Una transformaci\u00f3n que va desde lo personal\/local a lo colectivo\/global: la persona que hace voluntariado cambia haciendo y transformando se transforma. Para realizar un voluntariado realmente transformador y comprometido [&hellip;]<\/p>\n","protected":false},"author":6,"featured_media":0,"parent":0,"menu_order":0,"comment_status":"closed","ping_status":"closed","template":"","meta":{"footnotes":""},"class_list":["post-56","page","type-page","status-publish","hentry"],"yoast_head":"<!-- This site is optimized with the Yoast SEO plugin v26.1.1 - https:\/\/yoast.com\/wordpress\/plugins\/seo\/ -->\n<title>\u00bfC\u00f3mo participar? - Proyecto Baramu<\/title>\n<meta name=\"robots\" content=\"index, follow, max-snippet:-1, max-image-preview:large, max-video-preview:-1\" \/>\n<link rel=\"canonical\" href=\"https:\/\/madafrica.es\/baramu\/como-participar\/\" \/>\n<meta property=\"og:locale\" content=\"es_ES\" \/>\n<meta property=\"og:type\" content=\"article\" \/>\n<meta property=\"og:title\" content=\"\u00bfC\u00f3mo participar? - Proyecto Baramu\" \/>\n<meta property=\"og:description\" content=\"\u00bfTienes ganas de construir una sociedad m\u00e1s justa y equitativa, antirracista y feminista? El voluntariado puede ser un canal de expresi\u00f3n de esta necesidad de cambio. Una transformaci\u00f3n que va desde lo personal\/local a lo colectivo\/global: la persona que hace voluntariado cambia haciendo y transformando se transforma. Para realizar un voluntariado realmente transformador y comprometido [&hellip;]\" \/>\n<meta property=\"og:url\" content=\"https:\/\/madafrica.es\/baramu\/como-participar\/\" \/>\n<meta property=\"og:site_name\" content=\"Proyecto Baramu\" \/>\n<meta property=\"article:modified_time\" content=\"2024-01-16T12:27:34+00:00\" \/>\n<meta property=\"og:image\" content=\"https:\/\/madafrica.es\/baramu\/wp-content\/uploads\/sites\/9\/2024\/01\/baramu2-cartel-2-1024x793-1.jpg\" \/>\n<meta name=\"twitter:card\" content=\"summary_large_image\" \/>\n<meta name=\"twitter:label1\" content=\"Tiempo de lectura\" \/>\n\t<meta name=\"twitter:data1\" content=\"3 minutos\" \/>\n<script type=\"application\/ld+json\" class=\"yoast-schema-graph\">{\"@context\":\"https:\/\/schema.org\",\"@graph\":[{\"@type\":\"WebPage\",\"@id\":\"https:\/\/madafrica.es\/baramu\/como-participar\/\",\"url\":\"https:\/\/madafrica.es\/baramu\/como-participar\/\",\"name\":\"\u00bfC\u00f3mo participar? - Proyecto Baramu\",\"isPartOf\":{\"@id\":\"https:\/\/madafrica.es\/baramu\/#website\"},\"primaryImageOfPage\":{\"@id\":\"https:\/\/madafrica.es\/baramu\/como-participar\/#primaryimage\"},\"image\":{\"@id\":\"https:\/\/madafrica.es\/baramu\/como-participar\/#primaryimage\"},\"thumbnailUrl\":\"https:\/\/madafrica.es\/baramu\/wp-content\/uploads\/sites\/9\/2024\/01\/baramu2-cartel-2-1024x793-1.jpg\",\"datePublished\":\"2019-09-30T13:33:46+00:00\",\"dateModified\":\"2024-01-16T12:27:34+00:00\",\"breadcrumb\":{\"@id\":\"https:\/\/madafrica.es\/baramu\/como-participar\/#breadcrumb\"},\"inLanguage\":\"es\",\"potentialAction\":[{\"@type\":\"ReadAction\",\"target\":[\"https:\/\/madafrica.es\/baramu\/como-participar\/\"]}]},{\"@type\":\"ImageObject\",\"inLanguage\":\"es\",\"@id\":\"https:\/\/madafrica.es\/baramu\/como-participar\/#primaryimage\",\"url\":\"https:\/\/madafrica.es\/baramu\/wp-content\/uploads\/sites\/9\/2024\/01\/baramu2-cartel-2-1024x793-1.jpg\",\"contentUrl\":\"https:\/\/madafrica.es\/baramu\/wp-content\/uploads\/sites\/9\/2024\/01\/baramu2-cartel-2-1024x793-1.jpg\",\"width\":1024,\"height\":793},{\"@type\":\"BreadcrumbList\",\"@id\":\"https:\/\/madafrica.es\/baramu\/como-participar\/#breadcrumb\",\"itemListElement\":[{\"@type\":\"ListItem\",\"position\":1,\"name\":\"Portada\",\"item\":\"https:\/\/madafrica.es\/baramu\/\"},{\"@type\":\"ListItem\",\"position\":2,\"name\":\"\u00bfC\u00f3mo participar?\"}]},{\"@type\":\"WebSite\",\"@id\":\"https:\/\/madafrica.es\/baramu\/#website\",\"url\":\"https:\/\/madafrica.es\/baramu\/\",\"name\":\"Proyecto Baramu\",\"description\":\"Proyecto Baramu\",\"potentialAction\":[{\"@type\":\"SearchAction\",\"target\":{\"@type\":\"EntryPoint\",\"urlTemplate\":\"https:\/\/madafrica.es\/baramu\/?s={search_term_string}\"},\"query-input\":{\"@type\":\"PropertyValueSpecification\",\"valueRequired\":true,\"valueName\":\"search_term_string\"}}],\"inLanguage\":\"es\"}]}<\/script>\n<!-- \/ Yoast SEO plugin. -->","yoast_head_json":{"title":"\u00bfC\u00f3mo participar? - Proyecto Baramu","robots":{"index":"index","follow":"follow","max-snippet":"max-snippet:-1","max-image-preview":"max-image-preview:large","max-video-preview":"max-video-preview:-1"},"canonical":"https:\/\/madafrica.es\/baramu\/como-participar\/","og_locale":"es_ES","og_type":"article","og_title":"\u00bfC\u00f3mo participar? - Proyecto Baramu","og_description":"\u00bfTienes ganas de construir una sociedad m\u00e1s justa y equitativa, antirracista y feminista? El voluntariado puede ser un canal de expresi\u00f3n de esta necesidad de cambio. Una transformaci\u00f3n que va desde lo personal\/local a lo colectivo\/global: la persona que hace voluntariado cambia haciendo y transformando se transforma. Para realizar un voluntariado realmente transformador y comprometido [&hellip;]","og_url":"https:\/\/madafrica.es\/baramu\/como-participar\/","og_site_name":"Proyecto Baramu","article_modified_time":"2024-01-16T12:27:34+00:00","og_image":[{"url":"https:\/\/madafrica.es\/baramu\/wp-content\/uploads\/sites\/9\/2024\/01\/baramu2-cartel-2-1024x793-1.jpg","type":"","width":"","height":""}],"twitter_card":"summary_large_image","twitter_misc":{"Tiempo de lectura":"3 minutos"},"schema":{"@context":"https:\/\/schema.org","@graph":[{"@type":"WebPage","@id":"https:\/\/madafrica.es\/baramu\/como-participar\/","url":"https:\/\/madafrica.es\/baramu\/como-participar\/","name":"\u00bfC\u00f3mo participar? - Proyecto Baramu","isPartOf":{"@id":"https:\/\/madafrica.es\/baramu\/#website"},"primaryImageOfPage":{"@id":"https:\/\/madafrica.es\/baramu\/como-participar\/#primaryimage"},"image":{"@id":"https:\/\/madafrica.es\/baramu\/como-participar\/#primaryimage"},"thumbnailUrl":"https:\/\/madafrica.es\/baramu\/wp-content\/uploads\/sites\/9\/2024\/01\/baramu2-cartel-2-1024x793-1.jpg","datePublished":"2019-09-30T13:33:46+00:00","dateModified":"2024-01-16T12:27:34+00:00","breadcrumb":{"@id":"https:\/\/madafrica.es\/baramu\/como-participar\/#breadcrumb"},"inLanguage":"es","potentialAction":[{"@type":"ReadAction","target":["https:\/\/madafrica.es\/baramu\/como-participar\/"]}]},{"@type":"ImageObject","inLanguage":"es","@id":"https:\/\/madafrica.es\/baramu\/como-participar\/#primaryimage","url":"https:\/\/madafrica.es\/baramu\/wp-content\/uploads\/sites\/9\/2024\/01\/baramu2-cartel-2-1024x793-1.jpg","contentUrl":"https:\/\/madafrica.es\/baramu\/wp-content\/uploads\/sites\/9\/2024\/01\/baramu2-cartel-2-1024x793-1.jpg","width":1024,"height":793},{"@type":"BreadcrumbList","@id":"https:\/\/madafrica.es\/baramu\/como-participar\/#breadcrumb","itemListElement":[{"@type":"ListItem","position":1,"name":"Portada","item":"https:\/\/madafrica.es\/baramu\/"},{"@type":"ListItem","position":2,"name":"\u00bfC\u00f3mo participar?"}]},{"@type":"WebSite","@id":"https:\/\/madafrica.es\/baramu\/#website","url":"https:\/\/madafrica.es\/baramu\/","name":"Proyecto Baramu","description":"Proyecto Baramu","potentialAction":[{"@type":"SearchAction","target":{"@type":"EntryPoint","urlTemplate":"https:\/\/madafrica.es\/baramu\/?s={search_term_string}"},"query-input":{"@type":"PropertyValueSpecification","valueRequired":true,"valueName":"search_term_string"}}],"inLanguage":"es"}]}},"featured_image_src":null,"featured_image_src_square":null,"_links":{"self":[{"href":"https:\/\/madafrica.es\/baramu\/wp-json\/wp\/v2\/pages\/56","targetHints":{"allow":["GET"]}}],"collection":[{"href":"https:\/\/madafrica.es\/baramu\/wp-json\/wp\/v2\/pages"}],"about":[{"href":"https:\/\/madafrica.es\/baramu\/wp-json\/wp\/v2\/types\/page"}],"author":[{"embeddable":true,"href":"https:\/\/madafrica.es\/baramu\/wp-json\/wp\/v2\/users\/6"}],"replies":[{"embeddable":true,"href":"https:\/\/madafrica.es\/baramu\/wp-json\/wp\/v2\/comments?post=56"}],"version-history":[{"count":11,"href":"https:\/\/madafrica.es\/baramu\/wp-json\/wp\/v2\/pages\/56\/revisions"}],"predecessor-version":[{"id":266,"href":"https:\/\/madafrica.es\/baramu\/wp-json\/wp\/v2\/pages\/56\/revisions\/266"}],"wp:attachment":[{"href":"https:\/\/madafrica.es\/baramu\/wp-json\/wp\/v2\/media?parent=56"}],"curies":[{"name":"wp","href":"https:\/\/api.w.org\/{rel}","templated":true}]}}