{"id":92,"date":"2019-10-31T13:01:38","date_gmt":"2019-10-31T12:01:38","guid":{"rendered":"https:\/\/madafrica.es\/baramu\/?page_id=92"},"modified":"2020-01-21T14:10:59","modified_gmt":"2020-01-21T13:10:59","slug":"calendario","status":"publish","type":"page","link":"https:\/\/madafrica.es\/baramu\/calendario\/","title":{"rendered":"Calendario"},"content":{"rendered":"\n<div style=\"height:30px\" aria-hidden=\"true\" class=\"wp-block-spacer\"><\/div>\n\n\n\n<p><strong>13 de enero:<\/strong> APERTURA DEL PLAZO DE INSCRIPCIONES A LAS ACCIONES VOLUNTARIAS (pr\u00e1cticas en Asociaciones adheridas al Proyecto)<\/p>\n\n\n\n<p><strong>10 y 12 de febrero: <\/strong>SESI\u00d3N FORMATIVA EN PABELL\u00d3N DE URUGUAY DE 17H A 20H.  <\/p>\n\n\n\n<p><strong>14 de febrero: <\/strong>CIERRE DEL PLAZO DE INSCRIPCIONES A LAS ACCIONES VOLUNTARIAS <\/p>\n\n\n\n<p><strong>19 de febrero: <\/strong>PUBLICACI\u00d3N DE LISTADO DEL ALUMNADO ADMITIDO EN LAS ACCIONES VOLUNTARIAS<\/p>\n\n\n\n<p><strong>06 de mayo:<\/strong> ENCUENTRO VOLUNTARIADO &#8211; INTERCAMBIO DE EXPERIENCIAS<\/p>\n\n\n\n<p><strong>11 de mayo: <\/strong>APERTURA DEL PLAZO DE INSCRIPCI\u00d3N A LOS CAMPOS DE TRABAJO EN MARRUECOS Y SENEGAL*<\/p>\n\n\n\n<p><strong>29 de mayo: <\/strong>FECHA L\u00cdMITE PARA LA FINALIZACI\u00d3N DE LAS ACCIONES VOLUNTARIAS Y ENTREGA DE INFORME FINAL DE LAS PR\u00c1CTICAS <\/p>\n\n\n\n<p><strong>05 de junio: <\/strong>CIERRE  DEL PLAZO DE INSCRIPCI\u00d3N A LOS CAMPOS DE TRABAJO EN MARRUECOS Y SENEGAL  <\/p>\n\n\n\n<p> <strong>09 de junio: <\/strong>PUBLICACI\u00d3N DEL LISTADO DEL ALUMNADO ADMITIDO EN LOS CAMPOS DE TRABAJO EN MARRUECOS Y SENEGAL <\/p>\n\n\n\n<p><strong>10-19 de junio: <\/strong>FIRMA DE COMPROMISO CON MAD AFRICA (CAMPO DE TRABAJO MARRUECOS) Y PAGO DE FIANZA<\/p>\n\n\n\n<p><strong>22-26 de junio: <\/strong>FIRMA DE COMPROMISO CON MAD AFRICA (CAMPO DE TRABAJO SENEGAL) Y PAGO DE FIANZA <\/p>\n\n\n\n<p><strong>06 de julio: <\/strong>CURSO DESCUBRE MARRUECOS (OBLIGATORIO PARA LAS PERSONAS QUE VAN A VIAJAR)<\/p>\n\n\n\n<p><strong>13-19 de julio: <\/strong>SEMANA PROBABLE DE VIAJE A MARRUECOS<\/p>\n\n\n\n<p><strong>02 de septiembre: <\/strong>CURSO DESCUBRE SENEGAL (OBLIGATORIO PARA LAS PERSONAS QUE VAN A VIAJAR)<\/p>\n\n\n\n<p><strong>10-20 de septiembre: <\/strong> SEMANA PROBABLE DE VIAJE A SENEGAL<\/p>\n\n\n\n<p><strong>octubre:<\/strong> INICIO CAMPA\u00d1AS DE INCIDENCIA<\/p>\n\n\n\n<p><\/p>\n\n\n\n<p class=\"has-small-font-size\"><em>* Para inscribirse en los campos de trabajo las personas deben haber cumplido satisfactoriamente los pasos 1 y 2 del proyecto Baramu. <a href=\"https:\/\/madafrica.es\/baramu\/criterios-de-seleccion\/\">M\u00e1s informaci\u00f3n aqu\u00ed.<\/a><\/em><\/p>\n","protected":false},"excerpt":{"rendered":"<p>13 de enero: APERTURA DEL PLAZO DE INSCRIPCIONES A LAS ACCIONES VOLUNTARIAS (pr\u00e1cticas en Asociaciones adheridas al Proyecto) 10 y 12 de febrero: SESI\u00d3N FORMATIVA EN PABELL\u00d3N DE URUGUAY DE 17H A 20H. 14 de febrero: CIERRE DEL PLAZO DE INSCRIPCIONES A LAS ACCIONES VOLUNTARIAS 19 de febrero: PUBLICACI\u00d3N DE LISTADO DEL ALUMNADO ADMITIDO EN [&hellip;]<\/p>\n","protected":false},"author":6,"featured_media":0,"parent":0,"menu_order":0,"comment_status":"closed","ping_status":"closed","template":"","meta":{"footnotes":""},"class_list":["post-92","page","type-page","status-publish","hentry"],"yoast_head":"<!-- This site is optimized with the Yoast SEO plugin v26.1.1 - https:\/\/yoast.com\/wordpress\/plugins\/seo\/ -->\n<title>Calendario - Proyecto Baramu<\/title>\n<meta name=\"robots\" content=\"index, follow, max-snippet:-1, max-image-preview:large, max-video-preview:-1\" \/>\n<link rel=\"canonical\" href=\"https:\/\/madafrica.es\/baramu\/calendario\/\" \/>\n<meta property=\"og:locale\" content=\"es_ES\" \/>\n<meta property=\"og:type\" content=\"article\" \/>\n<meta property=\"og:title\" content=\"Calendario - Proyecto Baramu\" \/>\n<meta property=\"og:description\" content=\"13 de enero: APERTURA DEL PLAZO DE INSCRIPCIONES A LAS ACCIONES VOLUNTARIAS (pr\u00e1cticas en Asociaciones adheridas al Proyecto) 10 y 12 de febrero: SESI\u00d3N FORMATIVA EN PABELL\u00d3N DE URUGUAY DE 17H A 20H. 14 de febrero: CIERRE DEL PLAZO DE INSCRIPCIONES A LAS ACCIONES VOLUNTARIAS 19 de febrero: PUBLICACI\u00d3N DE LISTADO DEL ALUMNADO ADMITIDO EN [&hellip;]\" \/>\n<meta property=\"og:url\" content=\"https:\/\/madafrica.es\/baramu\/calendario\/\" \/>\n<meta property=\"og:site_name\" content=\"Proyecto Baramu\" \/>\n<meta property=\"article:modified_time\" content=\"2020-01-21T13:10:59+00:00\" \/>\n<meta name=\"twitter:card\" content=\"summary_large_image\" \/>\n<meta name=\"twitter:label1\" content=\"Tiempo de lectura\" \/>\n\t<meta name=\"twitter:data1\" content=\"1 minuto\" \/>\n<script type=\"application\/ld+json\" class=\"yoast-schema-graph\">{\"@context\":\"https:\/\/schema.org\",\"@graph\":[{\"@type\":\"WebPage\",\"@id\":\"https:\/\/madafrica.es\/baramu\/calendario\/\",\"url\":\"https:\/\/madafrica.es\/baramu\/calendario\/\",\"name\":\"Calendario - Proyecto Baramu\",\"isPartOf\":{\"@id\":\"https:\/\/madafrica.es\/baramu\/#website\"},\"datePublished\":\"2019-10-31T12:01:38+00:00\",\"dateModified\":\"2020-01-21T13:10:59+00:00\",\"breadcrumb\":{\"@id\":\"https:\/\/madafrica.es\/baramu\/calendario\/#breadcrumb\"},\"inLanguage\":\"es\",\"potentialAction\":[{\"@type\":\"ReadAction\",\"target\":[\"https:\/\/madafrica.es\/baramu\/calendario\/\"]}]},{\"@type\":\"BreadcrumbList\",\"@id\":\"https:\/\/madafrica.es\/baramu\/calendario\/#breadcrumb\",\"itemListElement\":[{\"@type\":\"ListItem\",\"position\":1,\"name\":\"Portada\",\"item\":\"https:\/\/madafrica.es\/baramu\/\"},{\"@type\":\"ListItem\",\"position\":2,\"name\":\"Calendario\"}]},{\"@type\":\"WebSite\",\"@id\":\"https:\/\/madafrica.es\/baramu\/#website\",\"url\":\"https:\/\/madafrica.es\/baramu\/\",\"name\":\"Proyecto Baramu\",\"description\":\"Proyecto Baramu\",\"potentialAction\":[{\"@type\":\"SearchAction\",\"target\":{\"@type\":\"EntryPoint\",\"urlTemplate\":\"https:\/\/madafrica.es\/baramu\/?s={search_term_string}\"},\"query-input\":{\"@type\":\"PropertyValueSpecification\",\"valueRequired\":true,\"valueName\":\"search_term_string\"}}],\"inLanguage\":\"es\"}]}<\/script>\n<!-- \/ Yoast SEO plugin. -->","yoast_head_json":{"title":"Calendario - Proyecto Baramu","robots":{"index":"index","follow":"follow","max-snippet":"max-snippet:-1","max-image-preview":"max-image-preview:large","max-video-preview":"max-video-preview:-1"},"canonical":"https:\/\/madafrica.es\/baramu\/calendario\/","og_locale":"es_ES","og_type":"article","og_title":"Calendario - Proyecto Baramu","og_description":"13 de enero: APERTURA DEL PLAZO DE INSCRIPCIONES A LAS ACCIONES VOLUNTARIAS (pr\u00e1cticas en Asociaciones adheridas al Proyecto) 10 y 12 de febrero: SESI\u00d3N FORMATIVA EN PABELL\u00d3N DE URUGUAY DE 17H A 20H. 14 de febrero: CIERRE DEL PLAZO DE INSCRIPCIONES A LAS ACCIONES VOLUNTARIAS 19 de febrero: PUBLICACI\u00d3N DE LISTADO DEL ALUMNADO ADMITIDO EN [&hellip;]","og_url":"https:\/\/madafrica.es\/baramu\/calendario\/","og_site_name":"Proyecto Baramu","article_modified_time":"2020-01-21T13:10:59+00:00","twitter_card":"summary_large_image","twitter_misc":{"Tiempo de lectura":"1 minuto"},"schema":{"@context":"https:\/\/schema.org","@graph":[{"@type":"WebPage","@id":"https:\/\/madafrica.es\/baramu\/calendario\/","url":"https:\/\/madafrica.es\/baramu\/calendario\/","name":"Calendario - Proyecto Baramu","isPartOf":{"@id":"https:\/\/madafrica.es\/baramu\/#website"},"datePublished":"2019-10-31T12:01:38+00:00","dateModified":"2020-01-21T13:10:59+00:00","breadcrumb":{"@id":"https:\/\/madafrica.es\/baramu\/calendario\/#breadcrumb"},"inLanguage":"es","potentialAction":[{"@type":"ReadAction","target":["https:\/\/madafrica.es\/baramu\/calendario\/"]}]},{"@type":"BreadcrumbList","@id":"https:\/\/madafrica.es\/baramu\/calendario\/#breadcrumb","itemListElement":[{"@type":"ListItem","position":1,"name":"Portada","item":"https:\/\/madafrica.es\/baramu\/"},{"@type":"ListItem","position":2,"name":"Calendario"}]},{"@type":"WebSite","@id":"https:\/\/madafrica.es\/baramu\/#website","url":"https:\/\/madafrica.es\/baramu\/","name":"Proyecto Baramu","description":"Proyecto Baramu","potentialAction":[{"@type":"SearchAction","target":{"@type":"EntryPoint","urlTemplate":"https:\/\/madafrica.es\/baramu\/?s={search_term_string}"},"query-input":{"@type":"PropertyValueSpecification","valueRequired":true,"valueName":"search_term_string"}}],"inLanguage":"es"}]}},"featured_image_src":null,"featured_image_src_square":null,"_links":{"self":[{"href":"https:\/\/madafrica.es\/baramu\/wp-json\/wp\/v2\/pages\/92","targetHints":{"allow":["GET"]}}],"collection":[{"href":"https:\/\/madafrica.es\/baramu\/wp-json\/wp\/v2\/pages"}],"about":[{"href":"https:\/\/madafrica.es\/baramu\/wp-json\/wp\/v2\/types\/page"}],"author":[{"embeddable":true,"href":"https:\/\/madafrica.es\/baramu\/wp-json\/wp\/v2\/users\/6"}],"replies":[{"embeddable":true,"href":"https:\/\/madafrica.es\/baramu\/wp-json\/wp\/v2\/comments?post=92"}],"version-history":[{"count":3,"href":"https:\/\/madafrica.es\/baramu\/wp-json\/wp\/v2\/pages\/92\/revisions"}],"predecessor-version":[{"id":124,"href":"https:\/\/madafrica.es\/baramu\/wp-json\/wp\/v2\/pages\/92\/revisions\/124"}],"wp:attachment":[{"href":"https:\/\/madafrica.es\/baramu\/wp-json\/wp\/v2\/media?parent=92"}],"curies":[{"name":"wp","href":"https:\/\/api.w.org\/{rel}","templated":true}]}}