{"id":95,"date":"2019-10-31T14:08:15","date_gmt":"2019-10-31T13:08:15","guid":{"rendered":"https:\/\/madafrica.es\/baramu\/?page_id=95"},"modified":"2019-11-04T12:14:56","modified_gmt":"2019-11-04T11:14:56","slug":"criterios-de-seleccion","status":"publish","type":"page","link":"https:\/\/madafrica.es\/baramu\/criterios-de-seleccion\/","title":{"rendered":"Criterios de selecci\u00f3n"},"content":{"rendered":"\n<div style=\"height:30px\" aria-hidden=\"true\" class=\"wp-block-spacer\"><\/div>\n\n\n\n<h4 class=\"wp-block-heading\">CRITERIOS DE SELECCI\u00d3N PARA LA ASIGNACI\u00d3N DE ACCIONES DE VOLUNTARIADO<\/h4>\n\n\n\n<p>Hay 50 plazas para la acci\u00f3n de voluntariado en las entidades adscritas  al proyecto, que ser\u00e1n asignadas <strong>por sorteo<\/strong>* tras la valoraci\u00f3n de los siguientes criterios:<\/p>\n\n\n\n<ul class=\"wp-block-list\"><li><strong>Asistencia al 100% de las sesiones.<\/strong><br>El principal crit\u00e9rio de evaluaci\u00f3n ser\u00e1 la asistencia a la totalidad de las sesiones formativas. Para conseguir los creditos ECTS (US y UPO) es necesaria la asistencia del 75% de las sesiones. Puedes consultar el calendario de las formaciones <a rel=\"noreferrer noopener\" aria-label=\"aqu\u00ed. (abre en una nueva pesta\u00f1a)\" href=\"https:\/\/madafrica.es\/baramu\/formacion\/\" target=\"_blank\">aqu\u00ed.<\/a><\/li><li><strong>Participaci\u00f3n.<\/strong><br>Tambi\u00e9n es importante demonstrar inter\u00e9s a trav\u00e9s de la participaci\u00f3n en los debates de cada una de las sesiones.<\/li><li><strong>Reflexi\u00f3n.<\/strong><br>Se valorar\u00e1 la entrega de una reflexi\u00f3n personal escrita al final de cada uno de los bloques formativos, que deber\u00e1 ser entregue por correo electr\u00f3nico antes del 13 enero.<\/li><\/ul>\n\n\n\n<p> <\/p>\n\n\n\n<h4 class=\"wp-block-heading\">CRITERIOS DE SELECCI\u00d3N PARA LA ASIGNACI\u00d3N DE LAS BECAS DE MOVILIDAD (CAMPOS DE TRABAJO)<\/h4>\n\n\n\n<p>Hay 35 plazas para los campos de trabajo (15 en Marruecos y 20 en Senegal), que ser\u00e1n asignadas <strong>por sorteo<\/strong>* tras el cumplimiento de los siguientes requisitos:<\/p>\n\n\n\n<ul class=\"wp-block-list\"><li><strong>Haber realizado la <a href=\"https:\/\/madafrica.es\/baramu\/voluntariado\/\" target=\"_blank\" rel=\"noreferrer noopener\" aria-label=\"acci\u00f3n voluntaria (abre en una nueva pesta\u00f1a)\">acci\u00f3n voluntaria<\/a>  satisfactoriamente.<\/strong><br>Antes del d\u00eda 29 de mayo, las personas interesadas en participar en los Campos de Trabajo deben <strong>finalizar<\/strong> sus pr\u00e1cticas  (50h: 45h de trabajo + 5h para redacci\u00f3n del informe final) en alguna de las asociaciones adscritas al proyecto. <br>Para inscribirse en el proceso de seleci\u00f3n deben presentar dos documentos: 1) Informe final de la acci\u00f3n voluntaria y 2) Documento expedido por la entidad comprobando la finalizaci\u00f3n satisfatoria de las pr\u00e1cticas.  <\/li><li><strong>Tener disponibilidad para asistir a las sesiones formativas obligatorias.<\/strong><br>Ser\u00e1n realizadas sesiones previas a los Campos de Trabajo seg\u00fan <a rel=\"noreferrer noopener\" aria-label=\"calendario (abre en una nueva pesta\u00f1a)\" href=\"https:\/\/madafrica.es\/baramu\/calendario\/\" target=\"_blank\">calendario<\/a>.<\/li><li><strong>Haber rellenado hoja de evaluaci\u00f3n pre-post formaciones.<\/strong><br>Tras cada sesi\u00f3n formativa se enviar\u00e1 por correo electr\u00f3nico un cuestionario para la evaluaci\u00f3n de las mismas. Su devoluci\u00f3n es obligatoria para participar del proceso de selecci\u00f3n de los Campos de Trabajo.<\/li><\/ul>\n\n\n\n<h4 class=\"wp-block-heading\"><strong>PARA ASEGURAR LA PLAZA EN EL CAMPO DE TRABAJO<\/strong><\/h4>\n\n\n\n<p>Para asegurar tu plaza en el Campo de Trabajo debes: <\/p>\n\n\n\n<ul class=\"wp-block-list\"><li><strong>Hacer el abono de  50\u20ac (si viajas a Marruecos) y 150\u20ac (si viajas a Senegal).<\/strong><br>El Campo de Trabajo incluye los siguientes gastos: 1) desplazamientos (en avi\u00f3n y ferry en Espa\u00f1a y desplazamientos internos del grupo en Senegal y Marruecos), 2) manutenci\u00f3n (desayuno, almuerzo y cena en Marruecos y Senegal), 3) alojamiento, 4) seguro m\u00e9dico y 5) servicio de apoyo a la traducci\u00f3n 24h.<\/li><li><strong>Firmar una Carta de Compromiso con el Proyecto Baramu<\/strong>.<br>La implicaci\u00f3n con el proyecto no finaliza con el viaje. De cara a la siguiente fase de Baramu, las personas que han realizadolos Campos de Trabajo deben comprometerse a seguir participando en la elaboraci\u00f3n de Campa\u00f1as de Incidencia Pol\u00edtica a nivel local y en devoluci\u00f3n\/divulgaci\u00f3n de sus experiencias.<\/li><\/ul>\n\n\n\n<p><strong>Contaremos con una bolsa de \u201csuplentes\u201d que hayan realizado la acci\u00f3n  voluntaria, para contar con esas personas en caso de que alguna  seleccionada no pueda finalmente asistir, o incumpla alguno de los  criterios descritos. <\/strong><\/p>\n\n\n\n<p>* <em>Los sorteos se basar\u00e1n en crit\u00e9rios de proporcionalidad que ser\u00e1n publicados tras el cierre de las inscripciones.<\/em><\/p>\n","protected":false},"excerpt":{"rendered":"<p>CRITERIOS DE SELECCI\u00d3N PARA LA ASIGNACI\u00d3N DE ACCIONES DE VOLUNTARIADO Hay 50 plazas para la acci\u00f3n de voluntariado en las entidades adscritas al proyecto, que ser\u00e1n asignadas por sorteo* tras la valoraci\u00f3n de los siguientes criterios: Asistencia al 100% de las sesiones.El principal crit\u00e9rio de evaluaci\u00f3n ser\u00e1 la asistencia a la totalidad de las sesiones [&hellip;]<\/p>\n","protected":false},"author":6,"featured_media":0,"parent":0,"menu_order":0,"comment_status":"closed","ping_status":"closed","template":"","meta":{"footnotes":""},"class_list":["post-95","page","type-page","status-publish","hentry"],"yoast_head":"<!-- This site is optimized with the Yoast SEO plugin v26.1.1 - https:\/\/yoast.com\/wordpress\/plugins\/seo\/ -->\n<title>Criterios de selecci\u00f3n - Proyecto Baramu<\/title>\n<meta name=\"robots\" content=\"index, follow, max-snippet:-1, max-image-preview:large, max-video-preview:-1\" \/>\n<link rel=\"canonical\" href=\"https:\/\/madafrica.es\/baramu\/criterios-de-seleccion\/\" \/>\n<meta property=\"og:locale\" content=\"es_ES\" \/>\n<meta property=\"og:type\" content=\"article\" \/>\n<meta property=\"og:title\" content=\"Criterios de selecci\u00f3n - Proyecto Baramu\" \/>\n<meta property=\"og:description\" content=\"CRITERIOS DE SELECCI\u00d3N PARA LA ASIGNACI\u00d3N DE ACCIONES DE VOLUNTARIADO Hay 50 plazas para la acci\u00f3n de voluntariado en las entidades adscritas al proyecto, que ser\u00e1n asignadas por sorteo* tras la valoraci\u00f3n de los siguientes criterios: Asistencia al 100% de las sesiones.El principal crit\u00e9rio de evaluaci\u00f3n ser\u00e1 la asistencia a la totalidad de las sesiones [&hellip;]\" \/>\n<meta property=\"og:url\" content=\"https:\/\/madafrica.es\/baramu\/criterios-de-seleccion\/\" \/>\n<meta property=\"og:site_name\" content=\"Proyecto Baramu\" \/>\n<meta property=\"article:modified_time\" content=\"2019-11-04T11:14:56+00:00\" \/>\n<meta name=\"twitter:card\" content=\"summary_large_image\" \/>\n<meta name=\"twitter:label1\" content=\"Tiempo de lectura\" \/>\n\t<meta name=\"twitter:data1\" content=\"3 minutos\" \/>\n<script type=\"application\/ld+json\" class=\"yoast-schema-graph\">{\"@context\":\"https:\/\/schema.org\",\"@graph\":[{\"@type\":\"WebPage\",\"@id\":\"https:\/\/madafrica.es\/baramu\/criterios-de-seleccion\/\",\"url\":\"https:\/\/madafrica.es\/baramu\/criterios-de-seleccion\/\",\"name\":\"Criterios de selecci\u00f3n - Proyecto Baramu\",\"isPartOf\":{\"@id\":\"https:\/\/madafrica.es\/baramu\/#website\"},\"datePublished\":\"2019-10-31T13:08:15+00:00\",\"dateModified\":\"2019-11-04T11:14:56+00:00\",\"breadcrumb\":{\"@id\":\"https:\/\/madafrica.es\/baramu\/criterios-de-seleccion\/#breadcrumb\"},\"inLanguage\":\"es\",\"potentialAction\":[{\"@type\":\"ReadAction\",\"target\":[\"https:\/\/madafrica.es\/baramu\/criterios-de-seleccion\/\"]}]},{\"@type\":\"BreadcrumbList\",\"@id\":\"https:\/\/madafrica.es\/baramu\/criterios-de-seleccion\/#breadcrumb\",\"itemListElement\":[{\"@type\":\"ListItem\",\"position\":1,\"name\":\"Portada\",\"item\":\"https:\/\/madafrica.es\/baramu\/\"},{\"@type\":\"ListItem\",\"position\":2,\"name\":\"Criterios de selecci\u00f3n\"}]},{\"@type\":\"WebSite\",\"@id\":\"https:\/\/madafrica.es\/baramu\/#website\",\"url\":\"https:\/\/madafrica.es\/baramu\/\",\"name\":\"Proyecto Baramu\",\"description\":\"Proyecto Baramu\",\"potentialAction\":[{\"@type\":\"SearchAction\",\"target\":{\"@type\":\"EntryPoint\",\"urlTemplate\":\"https:\/\/madafrica.es\/baramu\/?s={search_term_string}\"},\"query-input\":{\"@type\":\"PropertyValueSpecification\",\"valueRequired\":true,\"valueName\":\"search_term_string\"}}],\"inLanguage\":\"es\"}]}<\/script>\n<!-- \/ Yoast SEO plugin. -->","yoast_head_json":{"title":"Criterios de selecci\u00f3n - Proyecto Baramu","robots":{"index":"index","follow":"follow","max-snippet":"max-snippet:-1","max-image-preview":"max-image-preview:large","max-video-preview":"max-video-preview:-1"},"canonical":"https:\/\/madafrica.es\/baramu\/criterios-de-seleccion\/","og_locale":"es_ES","og_type":"article","og_title":"Criterios de selecci\u00f3n - Proyecto Baramu","og_description":"CRITERIOS DE SELECCI\u00d3N PARA LA ASIGNACI\u00d3N DE ACCIONES DE VOLUNTARIADO Hay 50 plazas para la acci\u00f3n de voluntariado en las entidades adscritas al proyecto, que ser\u00e1n asignadas por sorteo* tras la valoraci\u00f3n de los siguientes criterios: Asistencia al 100% de las sesiones.El principal crit\u00e9rio de evaluaci\u00f3n ser\u00e1 la asistencia a la totalidad de las sesiones [&hellip;]","og_url":"https:\/\/madafrica.es\/baramu\/criterios-de-seleccion\/","og_site_name":"Proyecto Baramu","article_modified_time":"2019-11-04T11:14:56+00:00","twitter_card":"summary_large_image","twitter_misc":{"Tiempo de lectura":"3 minutos"},"schema":{"@context":"https:\/\/schema.org","@graph":[{"@type":"WebPage","@id":"https:\/\/madafrica.es\/baramu\/criterios-de-seleccion\/","url":"https:\/\/madafrica.es\/baramu\/criterios-de-seleccion\/","name":"Criterios de selecci\u00f3n - Proyecto Baramu","isPartOf":{"@id":"https:\/\/madafrica.es\/baramu\/#website"},"datePublished":"2019-10-31T13:08:15+00:00","dateModified":"2019-11-04T11:14:56+00:00","breadcrumb":{"@id":"https:\/\/madafrica.es\/baramu\/criterios-de-seleccion\/#breadcrumb"},"inLanguage":"es","potentialAction":[{"@type":"ReadAction","target":["https:\/\/madafrica.es\/baramu\/criterios-de-seleccion\/"]}]},{"@type":"BreadcrumbList","@id":"https:\/\/madafrica.es\/baramu\/criterios-de-seleccion\/#breadcrumb","itemListElement":[{"@type":"ListItem","position":1,"name":"Portada","item":"https:\/\/madafrica.es\/baramu\/"},{"@type":"ListItem","position":2,"name":"Criterios de selecci\u00f3n"}]},{"@type":"WebSite","@id":"https:\/\/madafrica.es\/baramu\/#website","url":"https:\/\/madafrica.es\/baramu\/","name":"Proyecto Baramu","description":"Proyecto Baramu","potentialAction":[{"@type":"SearchAction","target":{"@type":"EntryPoint","urlTemplate":"https:\/\/madafrica.es\/baramu\/?s={search_term_string}"},"query-input":{"@type":"PropertyValueSpecification","valueRequired":true,"valueName":"search_term_string"}}],"inLanguage":"es"}]}},"featured_image_src":null,"featured_image_src_square":null,"_links":{"self":[{"href":"https:\/\/madafrica.es\/baramu\/wp-json\/wp\/v2\/pages\/95","targetHints":{"allow":["GET"]}}],"collection":[{"href":"https:\/\/madafrica.es\/baramu\/wp-json\/wp\/v2\/pages"}],"about":[{"href":"https:\/\/madafrica.es\/baramu\/wp-json\/wp\/v2\/types\/page"}],"author":[{"embeddable":true,"href":"https:\/\/madafrica.es\/baramu\/wp-json\/wp\/v2\/users\/6"}],"replies":[{"embeddable":true,"href":"https:\/\/madafrica.es\/baramu\/wp-json\/wp\/v2\/comments?post=95"}],"version-history":[{"count":5,"href":"https:\/\/madafrica.es\/baramu\/wp-json\/wp\/v2\/pages\/95\/revisions"}],"predecessor-version":[{"id":109,"href":"https:\/\/madafrica.es\/baramu\/wp-json\/wp\/v2\/pages\/95\/revisions\/109"}],"wp:attachment":[{"href":"https:\/\/madafrica.es\/baramu\/wp-json\/wp\/v2\/media?parent=95"}],"curies":[{"name":"wp","href":"https:\/\/api.w.org\/{rel}","templated":true}]}}