{"id":203,"date":"2024-10-09T11:18:12","date_gmt":"2024-10-09T11:18:12","guid":{"rendered":"https:\/\/madafrica.es\/identidades-afroandaluzas\/?page_id=203"},"modified":"2024-10-09T11:29:31","modified_gmt":"2024-10-09T11:29:31","slug":"talleres-con-familias","status":"publish","type":"page","link":"https:\/\/madafrica.es\/identidades-afroandaluzas\/talleres-con-familias\/","title":{"rendered":"Talleres con familias"},"content":{"rendered":"\n<div class=\"wp-block-genesis-blocks-gb-columns gb-slate-section-numbered-list-and-image gb-layout-columns-2 gb-2-col-equal gb-has-custom-background-color gb-has-custom-text-color gb-columns-center alignfull\" style=\"padding-top:6em;padding-right:1em;padding-bottom:6em;padding-left:1em;background-color:#ffffff;color:#1f1f1f\"><div class=\"gb-layout-column-wrap gb-block-layout-column-gap-3 gb-is-responsive-column\" style=\"max-width:1200px\">\n<div class=\"wp-block-genesis-blocks-gb-column gb-block-layout-column\"><div class=\"gb-block-layout-column-inner\">\n<figure class=\"wp-block-image size-large wp-duotone-unset-1\"><img loading=\"lazy\" decoding=\"async\" width=\"904\" height=\"1024\" src=\"https:\/\/madafrica.es\/identidades-afroandaluzas\/wp-content\/uploads\/sites\/12\/2024\/10\/afroescuela2-904x1024.jpg\" alt=\"\" class=\"wp-image-205\" srcset=\"https:\/\/madafrica.es\/identidades-afroandaluzas\/wp-content\/uploads\/sites\/12\/2024\/10\/afroescuela2-904x1024.jpg 904w, https:\/\/madafrica.es\/identidades-afroandaluzas\/wp-content\/uploads\/sites\/12\/2024\/10\/afroescuela2-265x300.jpg 265w, https:\/\/madafrica.es\/identidades-afroandaluzas\/wp-content\/uploads\/sites\/12\/2024\/10\/afroescuela2-768x870.jpg 768w, https:\/\/madafrica.es\/identidades-afroandaluzas\/wp-content\/uploads\/sites\/12\/2024\/10\/afroescuela2.jpg 1170w\" sizes=\"auto, (max-width: 904px) 100vw, 904px\" \/><\/figure>\n<\/div><\/div>\n\n\n\n<div class=\"wp-block-genesis-blocks-gb-column gb-block-layout-column gb-is-vertically-aligned-center\"><div class=\"gb-block-layout-column-inner\">\n<h2 class=\"wp-block-heading gpb-fluid-4 has-text-color\" style=\"color:#1f1f1f;font-size:40px\"><strong>Crianza Afroconsciente<\/strong><\/h2>\n\n\n\n<p class=\"has-text-color\" style=\"color:#1f1f1f;font-size:22px\">Herramientas para una educaci\u00f3n intercultural<\/p>\n\n\n\n<hr class=\"wp-block-separator has-css-opacity is-style-wide\"\/>\n\n\n\n<div style=\"height:20px\" aria-hidden=\"true\" class=\"wp-block-spacer\"><\/div>\n\n\n\n<p>El acompa\u00f1amiento familiar es sumamente importante en el desarrollo de las identidades Afroandaluzas.<\/p>\n\n\n\n<div style=\"height:20px\" aria-hidden=\"true\" class=\"wp-block-spacer\"><\/div>\n\n\n\n<p>Por est\u00e1 raz\u00f3n los talleres de Crianza Afroconsciente son un importante espacio de formaci\u00f3n, reflexi\u00f3n y debate sobre la crianza racializada Afro, con el objetivo de aumentar las competencias educativas e interculturales de todas las familias y sus redes de apoyo. Esto incluye la facilitaci\u00f3n de herramientas para abordar el impacto de la discriminaci\u00f3n racial en la construcci\u00f3n de las identidades de la infancia Afro, desde entornos cotidianos, familiares y escolares.<\/p>\n\n\n\n<div style=\"height:20px\" aria-hidden=\"true\" class=\"wp-block-spacer\"><\/div>\n\n\n\n<p>Los talleres son adem\u00e1s un lugar de encuentro, intercambio de experiencias y apoyo mutuo entre familias, donde est\u00e1n invitadas a participar tambi\u00e9n personas relacionadas al \u00e1mbito educativo, sobre todo de las etapas de infantil y primaria.<\/p>\n<\/div><\/div>\n<\/div><\/div>\n\n\n\n<div class=\"wp-block-genesis-blocks-gb-columns gb-slate-team gb-layout-team-1 gb-layout-columns-1 one-column gb-has-custom-background-color gb-has-custom-text-color gb-columns-center alignfull\" style=\"padding-top:6em;padding-right:1em;padding-bottom:6em;padding-left:1em;background-color:#ededed;color:#1f1f1f\"><div class=\"gb-layout-column-wrap gb-block-layout-column-gap-2 gb-is-responsive-column\" style=\"max-width:1200px\">\n<div class=\"wp-block-genesis-blocks-gb-column gb-block-layout-column\"><div class=\"gb-block-layout-column-inner\">\n<div style=\"margin-bottom:5%\" class=\"wp-block-genesis-blocks-gb-container gb-block-container\"><div class=\"gb-container-inside\"><div class=\"gb-container-content\" style=\"max-width:840px\">\n<h2 class=\"wp-block-heading has-text-align-center has-text-color\" style=\"color:#1f1f1f;font-size:40px\">Conoce el proyecto Identidades Afroandaluzas<\/h2>\n\n\n\n<div class=\"wp-block-gutenverse-divider guten-element guten-divider guten-K207Rv guten-divider-tribal\"><div class=\"guten-divider-wrapper\" style=\"--divider-pattern-url:url(&quot;data:image\/svg+xml,%3Csvg xmlns='http:\/\/www.w3.org\/2000\/svg' preserveAspectRatio='xMidYMid meet' overflow='visible' height='100%' viewBox='0 0 126 26' fill='black' stroke='none'%3E%3Cpath d='M46.8,7.8v11.5L36,18.6V7.8H46.8z M82.4,7.8L84,18.6l-12,0.7L70.4,7.8H82.4z M0,7.8l12,0.9v9.9H1.3L0,7.8z M30,7.8v10.8H19L18,7.8H30z M63.7,7.8L66,18.6H54V9.5L63.7,7.8z M89.8,7L102,7.8v10.8H91.2L89.8,7zM108,7.8l12,0.9v8.9l-12,1V7.8z'\/%3E%3C\/svg%3E&quot;)\"><div class=\"guten-divider-squares guten-divider-line guten-divider-style\"><\/div><\/div><\/div>\n\n\n\n<div style=\"height:20px\" aria-hidden=\"true\" class=\"wp-block-spacer\"><\/div>\n\n\n\n<p>El proyecto <strong>Identidades Afroandaluzas <\/strong>busca promover el crecimiento pleno y el empoderamiento de la infancia afroandaluza, mediante la creaci\u00f3n de espacios de educaci\u00f3n y sensibilizaci\u00f3n que trabajen necesidades espec\u00edficas de la crianza y did\u00e1ctica en valores afrocentrados.<\/p>\n\n\n\n<div style=\"height:20px\" aria-hidden=\"true\" class=\"wp-block-spacer\"><\/div>\n\n\n\n<p>A su vez, pretende dar soporte, principalmente a las familias (tanto madres \/ padres africanos\/as, como familias mixtas o de adopci\u00f3n), para trabajar con la infancia, abriendo un espacio de debate e intercambio. Est\u00e1n invitadas a participar tambi\u00e9n personas relacionada al \u00e1mbito educativo, sobre todo de las etapas de infantil y primaria. <\/p>\n\n\n\n<div style=\"height:20px\" aria-hidden=\"true\" class=\"wp-block-spacer\"><\/div>\n\n\n\n<p>Es un proyecto coordinado por<strong> MAD \u00c1frica<\/strong> y subvencionando por el <strong>Ayuntamiento de Sevilla<\/strong>, en la Convocatoria 2023 de proyectos de Educaci\u00f3n para el Desarrollo.<\/p>\n\n\n\n<p><\/p>\n\n\n\n<p><\/p>\n<\/div><\/div><\/div>\n<\/div><\/div>\n<\/div><\/div>\n\n\n\n<div style=\"height:100px\" aria-hidden=\"true\" class=\"wp-block-spacer\"><\/div>\n\n\n\n<h5 class=\"wp-block-heading has-text-align-center\">Proyecto financiado por<\/h5>\n\n\n\n<figure class=\"wp-block-image aligncenter size-medium\"><img loading=\"lazy\" decoding=\"async\" width=\"300\" height=\"223\" src=\"https:\/\/madafrica.es\/identidades-afroandaluzas\/wp-content\/uploads\/sites\/12\/2024\/10\/Logo-servicio_color-300x223.png\" alt=\"\" class=\"wp-image-133\" srcset=\"https:\/\/madafrica.es\/identidades-afroandaluzas\/wp-content\/uploads\/sites\/12\/2024\/10\/Logo-servicio_color-300x223.png 300w, https:\/\/madafrica.es\/identidades-afroandaluzas\/wp-content\/uploads\/sites\/12\/2024\/10\/Logo-servicio_color-1024x762.png 1024w, https:\/\/madafrica.es\/identidades-afroandaluzas\/wp-content\/uploads\/sites\/12\/2024\/10\/Logo-servicio_color-768x571.png 768w, https:\/\/madafrica.es\/identidades-afroandaluzas\/wp-content\/uploads\/sites\/12\/2024\/10\/Logo-servicio_color-1536x1143.png 1536w, https:\/\/madafrica.es\/identidades-afroandaluzas\/wp-content\/uploads\/sites\/12\/2024\/10\/Logo-servicio_color-1320x982.png 1320w, https:\/\/madafrica.es\/identidades-afroandaluzas\/wp-content\/uploads\/sites\/12\/2024\/10\/Logo-servicio_color.png 1891w\" sizes=\"auto, (max-width: 300px) 100vw, 300px\" \/><\/figure>\n","protected":false},"excerpt":{"rendered":"<p>Proyecto financiado por<\/p>\n","protected":false},"author":6,"featured_media":0,"parent":0,"menu_order":0,"comment_status":"closed","ping_status":"closed","template":"","meta":{"footnotes":""},"class_list":["post-203","page","type-page","status-publish","hentry"],"yoast_head":"<!-- This site is optimized with the Yoast SEO plugin v26.1.1 - https:\/\/yoast.com\/wordpress\/plugins\/seo\/ -->\n<title>Talleres con familias - Identidades afroandaluzas<\/title>\n<meta name=\"robots\" content=\"index, follow, max-snippet:-1, max-image-preview:large, max-video-preview:-1\" \/>\n<link rel=\"canonical\" href=\"https:\/\/madafrica.es\/identidades-afroandaluzas\/talleres-con-familias\/\" \/>\n<meta property=\"og:locale\" content=\"es_ES\" \/>\n<meta property=\"og:type\" content=\"article\" \/>\n<meta property=\"og:title\" content=\"Talleres con familias - Identidades afroandaluzas\" \/>\n<meta property=\"og:description\" content=\"Proyecto financiado por\" \/>\n<meta property=\"og:url\" content=\"https:\/\/madafrica.es\/identidades-afroandaluzas\/talleres-con-familias\/\" \/>\n<meta property=\"og:site_name\" content=\"Identidades afroandaluzas\" \/>\n<meta property=\"article:modified_time\" content=\"2024-10-09T11:29:31+00:00\" \/>\n<meta property=\"og:image\" content=\"https:\/\/madafrica.es\/identidades-afroandaluzas\/wp-content\/uploads\/sites\/12\/2024\/10\/afroescuela2-904x1024.jpg\" \/>\n<meta name=\"twitter:card\" content=\"summary_large_image\" \/>\n<meta name=\"twitter:label1\" content=\"Tiempo de lectura\" \/>\n\t<meta name=\"twitter:data1\" content=\"2 minutos\" \/>\n<script type=\"application\/ld+json\" class=\"yoast-schema-graph\">{\"@context\":\"https:\/\/schema.org\",\"@graph\":[{\"@type\":\"WebPage\",\"@id\":\"https:\/\/madafrica.es\/identidades-afroandaluzas\/talleres-con-familias\/\",\"url\":\"https:\/\/madafrica.es\/identidades-afroandaluzas\/talleres-con-familias\/\",\"name\":\"Talleres con familias - Identidades afroandaluzas\",\"isPartOf\":{\"@id\":\"https:\/\/madafrica.es\/identidades-afroandaluzas\/#website\"},\"primaryImageOfPage\":{\"@id\":\"https:\/\/madafrica.es\/identidades-afroandaluzas\/talleres-con-familias\/#primaryimage\"},\"image\":{\"@id\":\"https:\/\/madafrica.es\/identidades-afroandaluzas\/talleres-con-familias\/#primaryimage\"},\"thumbnailUrl\":\"https:\/\/madafrica.es\/identidades-afroandaluzas\/wp-content\/uploads\/sites\/12\/2024\/10\/afroescuela2-904x1024.jpg\",\"datePublished\":\"2024-10-09T11:18:12+00:00\",\"dateModified\":\"2024-10-09T11:29:31+00:00\",\"breadcrumb\":{\"@id\":\"https:\/\/madafrica.es\/identidades-afroandaluzas\/talleres-con-familias\/#breadcrumb\"},\"inLanguage\":\"es\",\"potentialAction\":[{\"@type\":\"ReadAction\",\"target\":[\"https:\/\/madafrica.es\/identidades-afroandaluzas\/talleres-con-familias\/\"]}]},{\"@type\":\"ImageObject\",\"inLanguage\":\"es\",\"@id\":\"https:\/\/madafrica.es\/identidades-afroandaluzas\/talleres-con-familias\/#primaryimage\",\"url\":\"https:\/\/madafrica.es\/identidades-afroandaluzas\/wp-content\/uploads\/sites\/12\/2024\/10\/afroescuela2.jpg\",\"contentUrl\":\"https:\/\/madafrica.es\/identidades-afroandaluzas\/wp-content\/uploads\/sites\/12\/2024\/10\/afroescuela2.jpg\",\"width\":1170,\"height\":1325},{\"@type\":\"BreadcrumbList\",\"@id\":\"https:\/\/madafrica.es\/identidades-afroandaluzas\/talleres-con-familias\/#breadcrumb\",\"itemListElement\":[{\"@type\":\"ListItem\",\"position\":1,\"name\":\"Portada\",\"item\":\"https:\/\/madafrica.es\/identidades-afroandaluzas\/\"},{\"@type\":\"ListItem\",\"position\":2,\"name\":\"Talleres con familias\"}]},{\"@type\":\"WebSite\",\"@id\":\"https:\/\/madafrica.es\/identidades-afroandaluzas\/#website\",\"url\":\"https:\/\/madafrica.es\/identidades-afroandaluzas\/\",\"name\":\"Identidades afroandaluzas\",\"description\":\"\",\"potentialAction\":[{\"@type\":\"SearchAction\",\"target\":{\"@type\":\"EntryPoint\",\"urlTemplate\":\"https:\/\/madafrica.es\/identidades-afroandaluzas\/?s={search_term_string}\"},\"query-input\":{\"@type\":\"PropertyValueSpecification\",\"valueRequired\":true,\"valueName\":\"search_term_string\"}}],\"inLanguage\":\"es\"}]}<\/script>\n<!-- \/ Yoast SEO plugin. -->","yoast_head_json":{"title":"Talleres con familias - Identidades afroandaluzas","robots":{"index":"index","follow":"follow","max-snippet":"max-snippet:-1","max-image-preview":"max-image-preview:large","max-video-preview":"max-video-preview:-1"},"canonical":"https:\/\/madafrica.es\/identidades-afroandaluzas\/talleres-con-familias\/","og_locale":"es_ES","og_type":"article","og_title":"Talleres con familias - Identidades afroandaluzas","og_description":"Proyecto financiado por","og_url":"https:\/\/madafrica.es\/identidades-afroandaluzas\/talleres-con-familias\/","og_site_name":"Identidades afroandaluzas","article_modified_time":"2024-10-09T11:29:31+00:00","og_image":[{"url":"https:\/\/madafrica.es\/identidades-afroandaluzas\/wp-content\/uploads\/sites\/12\/2024\/10\/afroescuela2-904x1024.jpg","type":"","width":"","height":""}],"twitter_card":"summary_large_image","twitter_misc":{"Tiempo de lectura":"2 minutos"},"schema":{"@context":"https:\/\/schema.org","@graph":[{"@type":"WebPage","@id":"https:\/\/madafrica.es\/identidades-afroandaluzas\/talleres-con-familias\/","url":"https:\/\/madafrica.es\/identidades-afroandaluzas\/talleres-con-familias\/","name":"Talleres con familias - Identidades afroandaluzas","isPartOf":{"@id":"https:\/\/madafrica.es\/identidades-afroandaluzas\/#website"},"primaryImageOfPage":{"@id":"https:\/\/madafrica.es\/identidades-afroandaluzas\/talleres-con-familias\/#primaryimage"},"image":{"@id":"https:\/\/madafrica.es\/identidades-afroandaluzas\/talleres-con-familias\/#primaryimage"},"thumbnailUrl":"https:\/\/madafrica.es\/identidades-afroandaluzas\/wp-content\/uploads\/sites\/12\/2024\/10\/afroescuela2-904x1024.jpg","datePublished":"2024-10-09T11:18:12+00:00","dateModified":"2024-10-09T11:29:31+00:00","breadcrumb":{"@id":"https:\/\/madafrica.es\/identidades-afroandaluzas\/talleres-con-familias\/#breadcrumb"},"inLanguage":"es","potentialAction":[{"@type":"ReadAction","target":["https:\/\/madafrica.es\/identidades-afroandaluzas\/talleres-con-familias\/"]}]},{"@type":"ImageObject","inLanguage":"es","@id":"https:\/\/madafrica.es\/identidades-afroandaluzas\/talleres-con-familias\/#primaryimage","url":"https:\/\/madafrica.es\/identidades-afroandaluzas\/wp-content\/uploads\/sites\/12\/2024\/10\/afroescuela2.jpg","contentUrl":"https:\/\/madafrica.es\/identidades-afroandaluzas\/wp-content\/uploads\/sites\/12\/2024\/10\/afroescuela2.jpg","width":1170,"height":1325},{"@type":"BreadcrumbList","@id":"https:\/\/madafrica.es\/identidades-afroandaluzas\/talleres-con-familias\/#breadcrumb","itemListElement":[{"@type":"ListItem","position":1,"name":"Portada","item":"https:\/\/madafrica.es\/identidades-afroandaluzas\/"},{"@type":"ListItem","position":2,"name":"Talleres con familias"}]},{"@type":"WebSite","@id":"https:\/\/madafrica.es\/identidades-afroandaluzas\/#website","url":"https:\/\/madafrica.es\/identidades-afroandaluzas\/","name":"Identidades afroandaluzas","description":"","potentialAction":[{"@type":"SearchAction","target":{"@type":"EntryPoint","urlTemplate":"https:\/\/madafrica.es\/identidades-afroandaluzas\/?s={search_term_string}"},"query-input":{"@type":"PropertyValueSpecification","valueRequired":true,"valueName":"search_term_string"}}],"inLanguage":"es"}]}},"featured_image_src":null,"featured_image_src_square":null,"_links":{"self":[{"href":"https:\/\/madafrica.es\/identidades-afroandaluzas\/wp-json\/wp\/v2\/pages\/203","targetHints":{"allow":["GET"]}}],"collection":[{"href":"https:\/\/madafrica.es\/identidades-afroandaluzas\/wp-json\/wp\/v2\/pages"}],"about":[{"href":"https:\/\/madafrica.es\/identidades-afroandaluzas\/wp-json\/wp\/v2\/types\/page"}],"author":[{"embeddable":true,"href":"https:\/\/madafrica.es\/identidades-afroandaluzas\/wp-json\/wp\/v2\/users\/6"}],"replies":[{"embeddable":true,"href":"https:\/\/madafrica.es\/identidades-afroandaluzas\/wp-json\/wp\/v2\/comments?post=203"}],"version-history":[{"count":2,"href":"https:\/\/madafrica.es\/identidades-afroandaluzas\/wp-json\/wp\/v2\/pages\/203\/revisions"}],"predecessor-version":[{"id":206,"href":"https:\/\/madafrica.es\/identidades-afroandaluzas\/wp-json\/wp\/v2\/pages\/203\/revisions\/206"}],"wp:attachment":[{"href":"https:\/\/madafrica.es\/identidades-afroandaluzas\/wp-json\/wp\/v2\/media?parent=203"}],"curies":[{"name":"wp","href":"https:\/\/api.w.org\/{rel}","templated":true}]}}