{"id":76,"date":"2024-07-25T10:39:09","date_gmt":"2024-07-25T10:39:09","guid":{"rendered":"https:\/\/madafrica.es\/identidades-afroandaluzas\/?page_id=76"},"modified":"2024-10-13T16:37:44","modified_gmt":"2024-10-13T16:37:44","slug":"identidades-afroandaluzas","status":"publish","type":"page","link":"https:\/\/madafrica.es\/identidades-afroandaluzas\/","title":{"rendered":"Identidades Afroandaluzas"},"content":{"rendered":"\n<div class=\"wp-block-genesis-blocks-gb-columns gb-slate-section-numbered-list-and-image gb-layout-columns-2 gb-2-col-equal gb-has-custom-background-color gb-has-custom-text-color gb-columns-center alignfull\" style=\"padding-top:6em;padding-right:1em;padding-bottom:6em;padding-left:1em;background-color:#ffffff;color:#1f1f1f\"><div class=\"gb-layout-column-wrap gb-block-layout-column-gap-3 gb-is-responsive-column\" style=\"max-width:1200px\">\n<div class=\"wp-block-genesis-blocks-gb-column gb-block-layout-column\"><div class=\"gb-block-layout-column-inner\">\n<figure class=\"wp-block-image size-large\"><img loading=\"lazy\" decoding=\"async\" width=\"760\" height=\"1024\" src=\"https:\/\/madafrica.es\/identidades-afroandaluzas\/wp-content\/uploads\/sites\/12\/2024\/07\/web-1-760x1024.png\" alt=\"\" class=\"wp-image-94\" srcset=\"https:\/\/madafrica.es\/identidades-afroandaluzas\/wp-content\/uploads\/sites\/12\/2024\/07\/web-1-760x1024.png 760w, https:\/\/madafrica.es\/identidades-afroandaluzas\/wp-content\/uploads\/sites\/12\/2024\/07\/web-1-223x300.png 223w, https:\/\/madafrica.es\/identidades-afroandaluzas\/wp-content\/uploads\/sites\/12\/2024\/07\/web-1-768x1035.png 768w, https:\/\/madafrica.es\/identidades-afroandaluzas\/wp-content\/uploads\/sites\/12\/2024\/07\/web-1-1139x1536.png 1139w, https:\/\/madafrica.es\/identidades-afroandaluzas\/wp-content\/uploads\/sites\/12\/2024\/07\/web-1-1519x2048.png 1519w, https:\/\/madafrica.es\/identidades-afroandaluzas\/wp-content\/uploads\/sites\/12\/2024\/07\/web-1-1320x1779.png 1320w, https:\/\/madafrica.es\/identidades-afroandaluzas\/wp-content\/uploads\/sites\/12\/2024\/07\/web-1.png 1994w\" sizes=\"auto, (max-width: 760px) 100vw, 760px\" \/><\/figure>\n<\/div><\/div>\n\n\n\n<div class=\"wp-block-genesis-blocks-gb-column gb-block-layout-column gb-is-vertically-aligned-center\"><div class=\"gb-block-layout-column-inner\">\n<h2 class=\"wp-block-heading gpb-fluid-4 has-text-color\" style=\"color:#1f1f1f;font-size:40px\"><strong>Discriminaci\u00f3n racial en la Infancia<\/strong><\/h2>\n\n\n\n<p class=\"has-text-color\" style=\"color:#1f1f1f;font-size:22px\">La necesidad de una educaci\u00f3n antirracista para una ciudadan\u00eda intercultural<\/p>\n\n\n\n<hr class=\"wp-block-separator has-css-opacity is-style-wide\"\/>\n\n\n\n<div style=\"height:20px\" aria-hidden=\"true\" class=\"wp-block-spacer\"><\/div>\n\n\n\n<p>Si de manera general la infancia y la juventud son los colectivos poco reconocidos en las pol\u00edticas p\u00fablicas, la racializada es todav\u00eda m\u00e1s invisibilizada. El hogar familiar es el primer espacio donde la infancia racializada conoce las historias no contadas por la cultura euroc\u00e9ntrica en la cual est\u00e1 insertada. El \u00e1mbito familiar es un lugar \u201cseguro\u201d y libre de prejuicios, donde los ni\u00f1os y ni\u00f1as empiezan a tener contacto con sus ra\u00edces, en este caso africanas, de las manos de su familia, que conformar\u00e1n su identidad.<\/p>\n\n\n\n<div style=\"height:20px\" aria-hidden=\"true\" class=\"wp-block-spacer\"><\/div>\n\n\n\n<p>Sin embargo, nada m\u00e1s la infancia empieza a abandonar la exclusividad del espacio dom\u00e9stico y tener convivio social con la escuela y espacios p\u00fablicos, empieza a tomar conciencia de su \u201cotredad\u201d, sobre todo debido al racismo que todav\u00eda est\u00e1 muy arraigado en la sociedad andaluza. La etiqueta que muchas veces reciben de \u201cmigrantes de 2\u00aa, 3\u00aa generaci\u00f3n\u201d tampoco contribuye la convivencia e igualdad de derechos. Adem\u00e1s de procurar describir necesariamente un origen, permite al poder racista a convertir a otros grupos sociales en vulnerables, mediante diferentes estrategias de exclusi\u00f3n social.<\/p>\n\n\n\n<div style=\"height:20px\" aria-hidden=\"true\" class=\"wp-block-spacer\"><\/div>\n\n\n\n<p>El racismo que sufre la infancia y la juventud racializada todav\u00eda es muy poco trabajado. En muchos casos generan soledad e inter\udbc0\udcdeeren en la salud mental y desarrollo pleno de miles de ni\u00f1os y ni\u00f1as con ra\u00edces diversas. Tambi\u00e9n afecta directamente a nivel familiar, pues los progenitores tampoco tienen las herramientas para trabajar las emociones que surgen a ra\u00edz de la discriminaci\u00f3n (principalmente en familias de adopci\u00f3n o mixtas, cuando la madre\/padre no es racializada). En este sentido, es muy importante enfocar la problem\u00e1tica desde una mirada amplia, desde diversos \u00e1mbitos y m\u00e1s all\u00e1 del escolar, avanzando en la l\u00ednea de la crianza racializada como soporte a las familias.<\/p>\n<\/div><\/div>\n<\/div><\/div>\n\n\n\n<div class=\"wp-block-genesis-blocks-gb-columns gb-slate-team gb-layout-team-1 gb-layout-columns-1 one-column gb-has-custom-background-color gb-has-custom-text-color gb-columns-center alignfull\" style=\"padding-top:6em;padding-right:1em;padding-bottom:6em;padding-left:1em;background-color:#ededed;color:#1f1f1f\"><div class=\"gb-layout-column-wrap gb-block-layout-column-gap-2 gb-is-responsive-column\" style=\"max-width:1200px\">\n<div class=\"wp-block-genesis-blocks-gb-column gb-block-layout-column\"><div class=\"gb-block-layout-column-inner\">\n<div style=\"margin-bottom:5%\" class=\"wp-block-genesis-blocks-gb-container gb-block-container\"><div class=\"gb-container-inside\"><div class=\"gb-container-content\" style=\"max-width:840px\">\n<h2 class=\"wp-block-heading has-text-align-center has-text-color\" style=\"color:#1f1f1f;font-size:40px\">Conoce el proyecto Identidades Afroandaluzas<\/h2>\n\n\n\n<div class=\"wp-block-gutenverse-divider guten-element guten-divider guten-K207Rv guten-divider-tribal\"><div class=\"guten-divider-wrapper\" style=\"--divider-pattern-url:url(&quot;data:image\/svg+xml,%3Csvg xmlns='http:\/\/www.w3.org\/2000\/svg' preserveAspectRatio='xMidYMid meet' overflow='visible' height='100%' viewBox='0 0 126 26' fill='black' stroke='none'%3E%3Cpath d='M46.8,7.8v11.5L36,18.6V7.8H46.8z M82.4,7.8L84,18.6l-12,0.7L70.4,7.8H82.4z M0,7.8l12,0.9v9.9H1.3L0,7.8z M30,7.8v10.8H19L18,7.8H30z M63.7,7.8L66,18.6H54V9.5L63.7,7.8z M89.8,7L102,7.8v10.8H91.2L89.8,7zM108,7.8l12,0.9v8.9l-12,1V7.8z'\/%3E%3C\/svg%3E&quot;)\"><div class=\"guten-divider-squares guten-divider-line guten-divider-style\"><\/div><\/div><\/div>\n\n\n\n<div style=\"height:20px\" aria-hidden=\"true\" class=\"wp-block-spacer\"><\/div>\n\n\n\n<p>El proyecto <strong>Identidades Afroandaluzas <\/strong>busca promover el crecimiento pleno y el empoderamiento de la infancia afroandaluza, mediante la creaci\u00f3n de espacios de educaci\u00f3n y sensibilizaci\u00f3n que trabajen necesidades espec\u00edficas de la crianza y did\u00e1ctica en valores afrocentrados.<\/p>\n\n\n\n<div style=\"height:20px\" aria-hidden=\"true\" class=\"wp-block-spacer\"><\/div>\n\n\n\n<p>A su vez, pretende dar soporte, principalmente a las familias (tanto madres \/ padres africanos\/as, como familias mixtas o de adopci\u00f3n), para trabajar con la infancia, abriendo un espacio de debate e intercambio. Est\u00e1n invitadas a participar tambi\u00e9n personas relacionada al \u00e1mbito educativo, sobre todo de las etapas de infantil y primaria. <\/p>\n\n\n\n<div style=\"height:20px\" aria-hidden=\"true\" class=\"wp-block-spacer\"><\/div>\n\n\n\n<p>Es un proyecto coordinado por<strong> MAD \u00c1frica<\/strong> y subvencionando por el <strong>Ayuntamiento de Sevilla<\/strong>, en la Convocatoria 2023 de proyectos de Educaci\u00f3n para el Desarrollo.<\/p>\n\n\n\n<p><\/p>\n\n\n\n<p><\/p>\n<\/div><\/div><\/div>\n<\/div><\/div>\n<\/div><\/div>\n\n\n\n<div class=\"wp-block-genesis-blocks-gb-columns gb-slate-section-accordion-and-text gb-slate-section-text-accordion gb-layout-columns-2 gb-2-col-equal gb-has-custom-background-color gb-has-custom-text-color gb-columns-center alignfull\" style=\"padding-top:6em;padding-right:1em;padding-bottom:6em;padding-left:1em;background-color:#ffffff;color:#1f1f1f\"><div class=\"gb-layout-column-wrap gb-block-layout-column-gap-2 gb-is-responsive-column\" style=\"max-width:1200px\">\n<div class=\"wp-block-genesis-blocks-gb-column gb-block-layout-column\"><div class=\"gb-block-layout-column-inner\">\n<h2 class=\"wp-block-heading has-text-color\" style=\"color:#1f1f1f;font-size:40px\">Nuestras actividades<\/h2>\n\n\n\n<p>Las actividades presenciales son desarrolladas en Sevilla (capital) y trabajan las siguientes cuestiones: la salud mental de la infancia negra, c\u00f3mo hablar sobre el racismo con nuestras hijas e hijos, qu\u00e9 herramientas conocemos para gestionar situaciones discriminatorias que enfrentamos y los sentimientos\/emociones derivados, cu\u00e1les son los principales retos y oportunidades para una educaci\u00f3n antirracista.<\/p>\n\n\n\n<div style=\"height:20px\" aria-hidden=\"true\" class=\"wp-block-spacer\"><\/div>\n\n\n\n<p>Tambi\u00e9n se centran en la importancia de reforzar el autoestima a trav\u00e9s de referentes afro\/negros durante la infancia, como forma de autoidentificaci\u00f3n, construcci\u00f3n y fortalecimientos de identidades, que generen seguridad y confianza a la hora de frenar conductas racistas que afectan a toda la familia.<\/p>\n<\/div><\/div>\n\n\n\n<div class=\"wp-block-genesis-blocks-gb-column gb-block-layout-column\"><div class=\"gb-block-layout-column-inner\">\n<div class=\"wp-block-genesis-blocks-gb-accordion gb-slate-accordion gpb-rounded-md gb-block-accordion gb-font-size-20\"><details><summary class=\"gb-accordion-title\"><strong>Talleres con Infancia Afro<\/strong><\/summary><div class=\"gb-accordion-text\">\n<p class=\"has-text-color\" style=\"color:#1f1f1f\">Talleres de Educaci\u00f3n Emocional y Afectiva con enfoque Afrocentrado especifico para infancia racializada negra.<\/p>\n\n\n\n<div style=\"height:20px\" aria-hidden=\"true\" class=\"wp-block-spacer\"><\/div>\n\n\n\n<div class=\"wp-block-buttons has-custom-font-size is-layout-flex wp-block-buttons-is-layout-flex\" style=\"font-size:14px\">\n<div class=\"wp-block-button is-style-outline has-secondary-font-family is-style-outline--1\"><a class=\"wp-block-button__link has-text-color has-background wp-element-button\" href=\"https:\/\/madafrica.es\/identidades-afroandaluzas\/talleres-con-infancia-afro\/\" style=\"border-radius:4px;color:#353535;background-color:#ffffff\"><strong>M\u00e1s informaci\u00f3n<\/strong><\/a><\/div>\n<\/div>\n<\/div><\/details><\/div>\n\n\n\n<div class=\"wp-block-genesis-blocks-gb-accordion gb-slate-accordion gpb-rounded-md gb-block-accordion gb-font-size-20\"><details><summary class=\"gb-accordion-title\"><strong>Talleres con Familias<\/strong><\/summary><div class=\"gb-accordion-text\">\n<p class=\"has-text-color\" style=\"color:#1f1f1f\">Espacio de debate y formaci\u00f3n para familias (y redes de apoyo) con infancia racializada. <\/p>\n\n\n\n<div style=\"height:20px\" aria-hidden=\"true\" class=\"wp-block-spacer\"><\/div>\n\n\n\n<div class=\"wp-block-buttons has-custom-font-size is-layout-flex wp-container-core-buttons-is-layout-8dc0344f wp-block-buttons-is-layout-flex\" style=\"font-size:14px\">\n<div class=\"wp-block-button is-style-outline has-secondary-font-family is-style-outline--2\"><a class=\"wp-block-button__link has-text-color has-background wp-element-button\" href=\"https:\/\/madafrica.es\/identidades-afroandaluzas\/talleres-con-familias\/\" style=\"border-radius:4px;color:#353535;background-color:#ffffff\"><strong>M\u00e1s informaci\u00f3n<\/strong><\/a><\/div>\n<\/div>\n<\/div><\/details><\/div>\n\n\n\n<div class=\"wp-block-genesis-blocks-gb-accordion gb-slate-accordion gpb-rounded-md gb-block-accordion gb-font-size-20\"><details><summary class=\"gb-accordion-title\"><strong>Rescate de la cultura oral africana<\/strong><\/summary><div class=\"gb-accordion-text\">\n<p class=\"has-text-color has-secondary-font-family\" style=\"color:#1f1f1f\">Proceso participativo entre infancia y familias para el rescate de la cultural oral africana a trav\u00e9s de la creaci\u00f3n de cuentos.<\/p>\n\n\n\n<div style=\"height:20px\" aria-hidden=\"true\" class=\"wp-block-spacer\"><\/div>\n\n\n\n<div class=\"wp-block-buttons has-custom-font-size is-layout-flex wp-block-buttons-is-layout-flex\" style=\"font-size:14px\">\n<div class=\"wp-block-button is-style-outline has-secondary-font-family is-style-outline--3\"><a class=\"wp-block-button__link has-text-color has-background wp-element-button\" href=\"https:\/\/madafrica.es\/identidades-afroandaluzas\/rescate-de-la-cultura-oral-africana\/\" style=\"border-radius:4px;color:#353535;background-color:#ffffff\"><strong>M\u00e1s informaci\u00f3n<\/strong><\/a><\/div>\n<\/div>\n<\/div><\/details><\/div>\n\n\n\n<div class=\"wp-block-genesis-blocks-gb-accordion gb-slate-accordion gpb-rounded-md gb-block-accordion gb-font-size-20\"><details><summary class=\"gb-accordion-title\"><strong>Interculturalizar la Educaci\u00f3n<\/strong><\/summary><div class=\"gb-accordion-text\">\n<p>Elaboraci\u00f3n participativa del Informe Retos y Oportunidades para una Educaci\u00f3n Antirracista, difundido entre comunidad educativa. <\/p>\n\n\n\n<div style=\"height:20px\" aria-hidden=\"true\" class=\"wp-block-spacer\"><\/div>\n\n\n\n<div class=\"wp-block-buttons has-custom-font-size is-layout-flex wp-block-buttons-is-layout-flex\" style=\"font-size:14px\">\n<div class=\"wp-block-button is-style-outline has-secondary-font-family is-style-outline--4\"><a class=\"wp-block-button__link has-text-color wp-element-button\" href=\"https:\/\/madafrica.es\/identidades-afroandaluzas\/educacion-antirracista\/\" style=\"border-radius:4px;color:#353535\"><strong>M\u00e1s informaci\u00f3n<\/strong><\/a><\/div>\n<\/div>\n<\/div><\/details><\/div>\n<\/div><\/div>\n<\/div><\/div>\n","protected":false},"excerpt":{"rendered":"","protected":false},"author":6,"featured_media":86,"parent":0,"menu_order":0,"comment_status":"closed","ping_status":"closed","template":"","meta":{"footnotes":""},"class_list":["post-76","page","type-page","status-publish","has-post-thumbnail","hentry"],"yoast_head":"<!-- This site is optimized with the Yoast SEO plugin v26.1.1 - https:\/\/yoast.com\/wordpress\/plugins\/seo\/ -->\n<title>Identidades Afroandaluzas - Identidades afroandaluzas<\/title>\n<meta name=\"robots\" content=\"index, follow, max-snippet:-1, max-image-preview:large, max-video-preview:-1\" \/>\n<link rel=\"canonical\" href=\"https:\/\/madafrica.es\/identidades-afroandaluzas\/\" \/>\n<meta property=\"og:locale\" content=\"es_ES\" \/>\n<meta property=\"og:type\" content=\"article\" \/>\n<meta property=\"og:title\" content=\"Identidades Afroandaluzas - Identidades afroandaluzas\" \/>\n<meta property=\"og:url\" content=\"https:\/\/madafrica.es\/identidades-afroandaluzas\/\" \/>\n<meta property=\"og:site_name\" content=\"Identidades afroandaluzas\" \/>\n<meta property=\"article:modified_time\" content=\"2024-10-13T16:37:44+00:00\" \/>\n<meta property=\"og:image\" content=\"https:\/\/madafrica.es\/identidades-afroandaluzas\/wp-content\/uploads\/sites\/12\/2024\/07\/topo-1024x293.png\" \/>\n\t<meta property=\"og:image:width\" content=\"1024\" \/>\n\t<meta property=\"og:image:height\" content=\"293\" \/>\n\t<meta property=\"og:image:type\" content=\"image\/png\" \/>\n<meta name=\"twitter:card\" content=\"summary_large_image\" \/>\n<meta name=\"twitter:label1\" content=\"Tiempo de lectura\" \/>\n\t<meta name=\"twitter:data1\" content=\"4 minutos\" \/>\n<script type=\"application\/ld+json\" class=\"yoast-schema-graph\">{\"@context\":\"https:\/\/schema.org\",\"@graph\":[{\"@type\":\"WebPage\",\"@id\":\"https:\/\/madafrica.es\/identidades-afroandaluzas\/\",\"url\":\"https:\/\/madafrica.es\/identidades-afroandaluzas\/\",\"name\":\"Identidades Afroandaluzas - Identidades afroandaluzas\",\"isPartOf\":{\"@id\":\"https:\/\/madafrica.es\/identidades-afroandaluzas\/#website\"},\"primaryImageOfPage\":{\"@id\":\"https:\/\/madafrica.es\/identidades-afroandaluzas\/#primaryimage\"},\"image\":{\"@id\":\"https:\/\/madafrica.es\/identidades-afroandaluzas\/#primaryimage\"},\"thumbnailUrl\":\"https:\/\/madafrica.es\/identidades-afroandaluzas\/wp-content\/uploads\/sites\/12\/2024\/07\/topo.png\",\"datePublished\":\"2024-07-25T10:39:09+00:00\",\"dateModified\":\"2024-10-13T16:37:44+00:00\",\"breadcrumb\":{\"@id\":\"https:\/\/madafrica.es\/identidades-afroandaluzas\/#breadcrumb\"},\"inLanguage\":\"es\",\"potentialAction\":[{\"@type\":\"ReadAction\",\"target\":[\"https:\/\/madafrica.es\/identidades-afroandaluzas\/\"]}]},{\"@type\":\"ImageObject\",\"inLanguage\":\"es\",\"@id\":\"https:\/\/madafrica.es\/identidades-afroandaluzas\/#primaryimage\",\"url\":\"https:\/\/madafrica.es\/identidades-afroandaluzas\/wp-content\/uploads\/sites\/12\/2024\/07\/topo.png\",\"contentUrl\":\"https:\/\/madafrica.es\/identidades-afroandaluzas\/wp-content\/uploads\/sites\/12\/2024\/07\/topo.png\",\"width\":2481,\"height\":710},{\"@type\":\"BreadcrumbList\",\"@id\":\"https:\/\/madafrica.es\/identidades-afroandaluzas\/#breadcrumb\",\"itemListElement\":[{\"@type\":\"ListItem\",\"position\":1,\"name\":\"Portada\",\"item\":\"https:\/\/madafrica.es\/identidades-afroandaluzas\/\"},{\"@type\":\"ListItem\",\"position\":2,\"name\":\"Identidades Afroandaluzas\"}]},{\"@type\":\"WebSite\",\"@id\":\"https:\/\/madafrica.es\/identidades-afroandaluzas\/#website\",\"url\":\"https:\/\/madafrica.es\/identidades-afroandaluzas\/\",\"name\":\"Identidades afroandaluzas\",\"description\":\"\",\"potentialAction\":[{\"@type\":\"SearchAction\",\"target\":{\"@type\":\"EntryPoint\",\"urlTemplate\":\"https:\/\/madafrica.es\/identidades-afroandaluzas\/?s={search_term_string}\"},\"query-input\":{\"@type\":\"PropertyValueSpecification\",\"valueRequired\":true,\"valueName\":\"search_term_string\"}}],\"inLanguage\":\"es\"}]}<\/script>\n<!-- \/ Yoast SEO plugin. -->","yoast_head_json":{"title":"Identidades Afroandaluzas - Identidades afroandaluzas","robots":{"index":"index","follow":"follow","max-snippet":"max-snippet:-1","max-image-preview":"max-image-preview:large","max-video-preview":"max-video-preview:-1"},"canonical":"https:\/\/madafrica.es\/identidades-afroandaluzas\/","og_locale":"es_ES","og_type":"article","og_title":"Identidades Afroandaluzas - Identidades afroandaluzas","og_url":"https:\/\/madafrica.es\/identidades-afroandaluzas\/","og_site_name":"Identidades afroandaluzas","article_modified_time":"2024-10-13T16:37:44+00:00","og_image":[{"width":1024,"height":293,"url":"https:\/\/madafrica.es\/identidades-afroandaluzas\/wp-content\/uploads\/sites\/12\/2024\/07\/topo-1024x293.png","type":"image\/png"}],"twitter_card":"summary_large_image","twitter_misc":{"Tiempo de lectura":"4 minutos"},"schema":{"@context":"https:\/\/schema.org","@graph":[{"@type":"WebPage","@id":"https:\/\/madafrica.es\/identidades-afroandaluzas\/","url":"https:\/\/madafrica.es\/identidades-afroandaluzas\/","name":"Identidades Afroandaluzas - Identidades afroandaluzas","isPartOf":{"@id":"https:\/\/madafrica.es\/identidades-afroandaluzas\/#website"},"primaryImageOfPage":{"@id":"https:\/\/madafrica.es\/identidades-afroandaluzas\/#primaryimage"},"image":{"@id":"https:\/\/madafrica.es\/identidades-afroandaluzas\/#primaryimage"},"thumbnailUrl":"https:\/\/madafrica.es\/identidades-afroandaluzas\/wp-content\/uploads\/sites\/12\/2024\/07\/topo.png","datePublished":"2024-07-25T10:39:09+00:00","dateModified":"2024-10-13T16:37:44+00:00","breadcrumb":{"@id":"https:\/\/madafrica.es\/identidades-afroandaluzas\/#breadcrumb"},"inLanguage":"es","potentialAction":[{"@type":"ReadAction","target":["https:\/\/madafrica.es\/identidades-afroandaluzas\/"]}]},{"@type":"ImageObject","inLanguage":"es","@id":"https:\/\/madafrica.es\/identidades-afroandaluzas\/#primaryimage","url":"https:\/\/madafrica.es\/identidades-afroandaluzas\/wp-content\/uploads\/sites\/12\/2024\/07\/topo.png","contentUrl":"https:\/\/madafrica.es\/identidades-afroandaluzas\/wp-content\/uploads\/sites\/12\/2024\/07\/topo.png","width":2481,"height":710},{"@type":"BreadcrumbList","@id":"https:\/\/madafrica.es\/identidades-afroandaluzas\/#breadcrumb","itemListElement":[{"@type":"ListItem","position":1,"name":"Portada","item":"https:\/\/madafrica.es\/identidades-afroandaluzas\/"},{"@type":"ListItem","position":2,"name":"Identidades Afroandaluzas"}]},{"@type":"WebSite","@id":"https:\/\/madafrica.es\/identidades-afroandaluzas\/#website","url":"https:\/\/madafrica.es\/identidades-afroandaluzas\/","name":"Identidades afroandaluzas","description":"","potentialAction":[{"@type":"SearchAction","target":{"@type":"EntryPoint","urlTemplate":"https:\/\/madafrica.es\/identidades-afroandaluzas\/?s={search_term_string}"},"query-input":{"@type":"PropertyValueSpecification","valueRequired":true,"valueName":"search_term_string"}}],"inLanguage":"es"}]}},"featured_image_src":"https:\/\/madafrica.es\/identidades-afroandaluzas\/wp-content\/uploads\/sites\/12\/2024\/07\/topo-600x400.png","featured_image_src_square":"https:\/\/madafrica.es\/identidades-afroandaluzas\/wp-content\/uploads\/sites\/12\/2024\/07\/topo-600x600.png","_links":{"self":[{"href":"https:\/\/madafrica.es\/identidades-afroandaluzas\/wp-json\/wp\/v2\/pages\/76","targetHints":{"allow":["GET"]}}],"collection":[{"href":"https:\/\/madafrica.es\/identidades-afroandaluzas\/wp-json\/wp\/v2\/pages"}],"about":[{"href":"https:\/\/madafrica.es\/identidades-afroandaluzas\/wp-json\/wp\/v2\/types\/page"}],"author":[{"embeddable":true,"href":"https:\/\/madafrica.es\/identidades-afroandaluzas\/wp-json\/wp\/v2\/users\/6"}],"replies":[{"embeddable":true,"href":"https:\/\/madafrica.es\/identidades-afroandaluzas\/wp-json\/wp\/v2\/comments?post=76"}],"version-history":[{"count":30,"href":"https:\/\/madafrica.es\/identidades-afroandaluzas\/wp-json\/wp\/v2\/pages\/76\/revisions"}],"predecessor-version":[{"id":396,"href":"https:\/\/madafrica.es\/identidades-afroandaluzas\/wp-json\/wp\/v2\/pages\/76\/revisions\/396"}],"wp:featuredmedia":[{"embeddable":true,"href":"https:\/\/madafrica.es\/identidades-afroandaluzas\/wp-json\/wp\/v2\/media\/86"}],"wp:attachment":[{"href":"https:\/\/madafrica.es\/identidades-afroandaluzas\/wp-json\/wp\/v2\/media?parent=76"}],"curies":[{"name":"wp","href":"https:\/\/api.w.org\/{rel}","templated":true}]}}