{"id":2,"date":"2018-11-14T14:05:17","date_gmt":"2018-11-14T14:05:17","guid":{"rendered":"https:\/\/madafrica.es\/kaayuniversidad\/?page_id=2"},"modified":"2019-06-11T12:23:41","modified_gmt":"2019-06-11T12:23:41","slug":"proyecto","status":"publish","type":"page","link":"https:\/\/madafrica.es\/kaayuniversidad\/proyecto\/","title":{"rendered":"El Proyecto"},"content":{"rendered":"<p>KAAY UNIVERSIDAD es una propuesta de acci\u00f3n-transformaci\u00f3n dirigida al ALUMNADO UNIVERSITARIO, concretamente de la Universidad de Sevilla (US) y Universidad Cheikh Anta Diop (UCAD), articulando acciones que promuevan una universidad comprometida para y con la sociedad, que fomente el conocimiento y la conciencia cr\u00edtica e introduzca los valores solidarios y de equidad a trav\u00e9s del contacto con otras realidades del sur (\u00c1frica).<\/p>\n<p>La interculturalidad, la convivencia y por tanto el contacto m\u00e1s sensible y cercano con realidades africanas son los ejes vertebradores \u00a0del proyecto.<\/p>\n\n\n<h3 class=\"wp-block-heading\">Justificaci\u00f3n<\/h3>\n\n\n\n<p>Trabajar la Educaci\u00f3n para el Desarrollo (EpD) en la\nuniversidad supone una pieza clave en la construcci\u00f3n de ciudadan\u00eda cr\u00edtica por\ndos motivos. Por un lado porque trabajar la EpD con estudiantes universitarios\nayuda a los mismos a entender el mundo y poder adaptarse\/enfrentarse a \u00e9l. Y,\npor otra parte, dichos estudiantes universitarios van a ser los docentes del\nma\u00f1ana, quienes educar\u00e1n a las futuras generaciones. Por tanto, incluir la EpD\ndesde su formaci\u00f3n inicial profesional repercutir\u00e1 tanto en su construcci\u00f3n\ncomo sujeto pol\u00edtico as\u00ed como en su ejercicio profesional.<\/p>\n\n\n\n<p>Trabajar sobre y con \u00c1frica en la universidad es una\noportunidad y una responsabilidad. Oportunidad, para conocer y aprender otras\nmaneras de ver el mundo y otras maneras de relacionarse entre las personas y\ncon los dem\u00e1s seres vivos. Responsabilidad, porque \u00c1frica es el continente\nolvidado y saqueado desde la perspectiva econ\u00f3mica y social, pero tambi\u00e9n\nacad\u00e9mica, ya que \u00c1frica solo aparece dentro del curr\u00edculo universitario en\ngrados de antropolog\u00eda, y normalmente, como objeto de estudio, pero no se\nconsidera que posea las universidades m\u00e1s antiguas de mundo o que actualmente\nse genera mucho conocimiento cient\u00edfico.<\/p>\n\n\n\n<h3 class=\"wp-block-heading\">Objetivos<\/h3>\n\n\n\n<ul class=\"wp-block-list\"><li>ACERCAR a la Comunidad Universitaria Sevillana el CONTINENTE AFRICANO desde un \u00e1mbito personal, afectivo y social, a trav\u00e9s del conocimiento de sus realidades y desde una participaci\u00f3n igualitaria. <\/li><li>PONER EN VALOR LOS CONOCIMIENTOS Y SABERES existentes en el \u00c1MBITO ACAD\u00c9MICO AFRICANO, consolidando redes de estudio e investigaci\u00f3n entre la Universidad de Sevilla &#8211; US y Universidades Senegalesas (Cheikh Anta Diop &#8211; UCAD, de Dakar, y Gaston Berger &#8211; UGB, de Saint Louise), que permitan la transmisi\u00f3n de conocimientos y cooperaci\u00f3n universitaria de manera transformadora y efectiva. <\/li><li>FACILITAR LA ACCESIBILIDAD interuniversitaria entre la US y Universidades Senegalesas de manera bidireccional que permita fusionar las visiones Norte\/Sur desde una perspectiva de mundo global. <\/li><\/ul>\n\n\n\n<div class=\"wp-block-image\"><figure class=\"aligncenter is-resized\"><img loading=\"lazy\" decoding=\"async\" src=\"https:\/\/madafrica.es\/kaayuniversidad\/wp-content\/uploads\/sites\/5\/2017\/02\/LOGO-75-KAAY-UNIVERSIDAD-01.jpg\" alt=\"\" class=\"wp-image-6605\" width=\"380\" height=\"295\" srcset=\"https:\/\/madafrica.es\/kaayuniversidad\/wp-content\/uploads\/sites\/5\/2017\/02\/LOGO-75-KAAY-UNIVERSIDAD-01.jpg 800w, https:\/\/madafrica.es\/kaayuniversidad\/wp-content\/uploads\/sites\/5\/2017\/02\/LOGO-75-KAAY-UNIVERSIDAD-01-300x233.jpg 300w, https:\/\/madafrica.es\/kaayuniversidad\/wp-content\/uploads\/sites\/5\/2017\/02\/LOGO-75-KAAY-UNIVERSIDAD-01-768x597.jpg 768w\" sizes=\"auto, (max-width: 380px) 100vw, 380px\" \/><\/figure><\/div>\n","protected":false},"excerpt":{"rendered":"<p>KAAY UNIVERSIDAD es una propuesta de acci\u00f3n-transformaci\u00f3n dirigida al ALUMNADO UNIVERSITARIO, concretamente de la Universidad de Sevilla (US) y Universidad Cheikh Anta Diop (UCAD), articulando acciones que promuevan una universidad comprometida para y con la sociedad, que fomente el conocimiento y la conciencia cr\u00edtica e introduzca los valores solidarios y de equidad a trav\u00e9s del [&hellip;]<\/p>\n","protected":false},"author":1,"featured_media":0,"parent":0,"menu_order":0,"comment_status":"closed","ping_status":"open","template":"","meta":{"footnotes":""},"class_list":["post-2","page","type-page","status-publish","hentry"],"yoast_head":"<!-- This site is optimized with the Yoast SEO plugin v26.1.1 - https:\/\/yoast.com\/wordpress\/plugins\/seo\/ -->\n<title>El Proyecto - Kaay Universidad<\/title>\n<meta name=\"robots\" content=\"index, follow, max-snippet:-1, max-image-preview:large, max-video-preview:-1\" \/>\n<link rel=\"canonical\" href=\"https:\/\/madafrica.es\/kaayuniversidad\/proyecto\/\" \/>\n<meta property=\"og:locale\" content=\"es_ES\" \/>\n<meta property=\"og:type\" content=\"article\" \/>\n<meta property=\"og:title\" content=\"El Proyecto - Kaay Universidad\" \/>\n<meta property=\"og:description\" content=\"KAAY UNIVERSIDAD es una propuesta de acci\u00f3n-transformaci\u00f3n dirigida al ALUMNADO UNIVERSITARIO, concretamente de la Universidad de Sevilla (US) y Universidad Cheikh Anta Diop (UCAD), articulando acciones que promuevan una universidad comprometida para y con la sociedad, que fomente el conocimiento y la conciencia cr\u00edtica e introduzca los valores solidarios y de equidad a trav\u00e9s del [&hellip;]\" \/>\n<meta property=\"og:url\" content=\"https:\/\/madafrica.es\/kaayuniversidad\/proyecto\/\" \/>\n<meta property=\"og:site_name\" content=\"Kaay Universidad\" \/>\n<meta property=\"article:modified_time\" content=\"2019-06-11T12:23:41+00:00\" \/>\n<meta property=\"og:image\" content=\"https:\/\/madafrica.es\/kaayuniversidad\/wp-content\/uploads\/sites\/5\/2017\/02\/LOGO-75-KAAY-UNIVERSIDAD-01.jpg\" \/>\n<meta name=\"twitter:card\" content=\"summary_large_image\" \/>\n<meta name=\"twitter:label1\" content=\"Tiempo de lectura\" \/>\n\t<meta name=\"twitter:data1\" content=\"2 minutos\" \/>\n<script type=\"application\/ld+json\" class=\"yoast-schema-graph\">{\"@context\":\"https:\/\/schema.org\",\"@graph\":[{\"@type\":\"WebPage\",\"@id\":\"https:\/\/madafrica.es\/kaayuniversidad\/proyecto\/\",\"url\":\"https:\/\/madafrica.es\/kaayuniversidad\/proyecto\/\",\"name\":\"El Proyecto - Kaay Universidad\",\"isPartOf\":{\"@id\":\"https:\/\/madafrica.es\/kaayuniversidad\/#website\"},\"primaryImageOfPage\":{\"@id\":\"https:\/\/madafrica.es\/kaayuniversidad\/proyecto\/#primaryimage\"},\"image\":{\"@id\":\"https:\/\/madafrica.es\/kaayuniversidad\/proyecto\/#primaryimage\"},\"thumbnailUrl\":\"https:\/\/madafrica.es\/kaayuniversidad\/wp-content\/uploads\/sites\/5\/2017\/02\/LOGO-75-KAAY-UNIVERSIDAD-01.jpg\",\"datePublished\":\"2018-11-14T14:05:17+00:00\",\"dateModified\":\"2019-06-11T12:23:41+00:00\",\"breadcrumb\":{\"@id\":\"https:\/\/madafrica.es\/kaayuniversidad\/proyecto\/#breadcrumb\"},\"inLanguage\":\"es\",\"potentialAction\":[{\"@type\":\"ReadAction\",\"target\":[\"https:\/\/madafrica.es\/kaayuniversidad\/proyecto\/\"]}]},{\"@type\":\"ImageObject\",\"inLanguage\":\"es\",\"@id\":\"https:\/\/madafrica.es\/kaayuniversidad\/proyecto\/#primaryimage\",\"url\":\"https:\/\/madafrica.es\/kaayuniversidad\/wp-content\/uploads\/sites\/5\/2017\/02\/LOGO-75-KAAY-UNIVERSIDAD-01.jpg\",\"contentUrl\":\"https:\/\/madafrica.es\/kaayuniversidad\/wp-content\/uploads\/sites\/5\/2017\/02\/LOGO-75-KAAY-UNIVERSIDAD-01.jpg\"},{\"@type\":\"BreadcrumbList\",\"@id\":\"https:\/\/madafrica.es\/kaayuniversidad\/proyecto\/#breadcrumb\",\"itemListElement\":[{\"@type\":\"ListItem\",\"position\":1,\"name\":\"Inicio\",\"item\":\"https:\/\/madafrica.es\/kaayuniversidad\/\"},{\"@type\":\"ListItem\",\"position\":2,\"name\":\"El Proyecto\"}]},{\"@type\":\"WebSite\",\"@id\":\"https:\/\/madafrica.es\/kaayuniversidad\/#website\",\"url\":\"https:\/\/madafrica.es\/kaayuniversidad\/\",\"name\":\"Kaay Universidad\",\"description\":\"Otro sitio m\u00e1s de MAD \u00c1frica\",\"potentialAction\":[{\"@type\":\"SearchAction\",\"target\":{\"@type\":\"EntryPoint\",\"urlTemplate\":\"https:\/\/madafrica.es\/kaayuniversidad\/?s={search_term_string}\"},\"query-input\":{\"@type\":\"PropertyValueSpecification\",\"valueRequired\":true,\"valueName\":\"search_term_string\"}}],\"inLanguage\":\"es\"}]}<\/script>\n<!-- \/ Yoast SEO plugin. -->","yoast_head_json":{"title":"El Proyecto - Kaay Universidad","robots":{"index":"index","follow":"follow","max-snippet":"max-snippet:-1","max-image-preview":"max-image-preview:large","max-video-preview":"max-video-preview:-1"},"canonical":"https:\/\/madafrica.es\/kaayuniversidad\/proyecto\/","og_locale":"es_ES","og_type":"article","og_title":"El Proyecto - Kaay Universidad","og_description":"KAAY UNIVERSIDAD es una propuesta de acci\u00f3n-transformaci\u00f3n dirigida al ALUMNADO UNIVERSITARIO, concretamente de la Universidad de Sevilla (US) y Universidad Cheikh Anta Diop (UCAD), articulando acciones que promuevan una universidad comprometida para y con la sociedad, que fomente el conocimiento y la conciencia cr\u00edtica e introduzca los valores solidarios y de equidad a trav\u00e9s del [&hellip;]","og_url":"https:\/\/madafrica.es\/kaayuniversidad\/proyecto\/","og_site_name":"Kaay Universidad","article_modified_time":"2019-06-11T12:23:41+00:00","og_image":[{"url":"https:\/\/madafrica.es\/kaayuniversidad\/wp-content\/uploads\/sites\/5\/2017\/02\/LOGO-75-KAAY-UNIVERSIDAD-01.jpg","type":"","width":"","height":""}],"twitter_card":"summary_large_image","twitter_misc":{"Tiempo de lectura":"2 minutos"},"schema":{"@context":"https:\/\/schema.org","@graph":[{"@type":"WebPage","@id":"https:\/\/madafrica.es\/kaayuniversidad\/proyecto\/","url":"https:\/\/madafrica.es\/kaayuniversidad\/proyecto\/","name":"El Proyecto - Kaay Universidad","isPartOf":{"@id":"https:\/\/madafrica.es\/kaayuniversidad\/#website"},"primaryImageOfPage":{"@id":"https:\/\/madafrica.es\/kaayuniversidad\/proyecto\/#primaryimage"},"image":{"@id":"https:\/\/madafrica.es\/kaayuniversidad\/proyecto\/#primaryimage"},"thumbnailUrl":"https:\/\/madafrica.es\/kaayuniversidad\/wp-content\/uploads\/sites\/5\/2017\/02\/LOGO-75-KAAY-UNIVERSIDAD-01.jpg","datePublished":"2018-11-14T14:05:17+00:00","dateModified":"2019-06-11T12:23:41+00:00","breadcrumb":{"@id":"https:\/\/madafrica.es\/kaayuniversidad\/proyecto\/#breadcrumb"},"inLanguage":"es","potentialAction":[{"@type":"ReadAction","target":["https:\/\/madafrica.es\/kaayuniversidad\/proyecto\/"]}]},{"@type":"ImageObject","inLanguage":"es","@id":"https:\/\/madafrica.es\/kaayuniversidad\/proyecto\/#primaryimage","url":"https:\/\/madafrica.es\/kaayuniversidad\/wp-content\/uploads\/sites\/5\/2017\/02\/LOGO-75-KAAY-UNIVERSIDAD-01.jpg","contentUrl":"https:\/\/madafrica.es\/kaayuniversidad\/wp-content\/uploads\/sites\/5\/2017\/02\/LOGO-75-KAAY-UNIVERSIDAD-01.jpg"},{"@type":"BreadcrumbList","@id":"https:\/\/madafrica.es\/kaayuniversidad\/proyecto\/#breadcrumb","itemListElement":[{"@type":"ListItem","position":1,"name":"Inicio","item":"https:\/\/madafrica.es\/kaayuniversidad\/"},{"@type":"ListItem","position":2,"name":"El Proyecto"}]},{"@type":"WebSite","@id":"https:\/\/madafrica.es\/kaayuniversidad\/#website","url":"https:\/\/madafrica.es\/kaayuniversidad\/","name":"Kaay Universidad","description":"Otro sitio m\u00e1s de MAD \u00c1frica","potentialAction":[{"@type":"SearchAction","target":{"@type":"EntryPoint","urlTemplate":"https:\/\/madafrica.es\/kaayuniversidad\/?s={search_term_string}"},"query-input":{"@type":"PropertyValueSpecification","valueRequired":true,"valueName":"search_term_string"}}],"inLanguage":"es"}]}},"featured_image_src":null,"featured_image_src_square":null,"_links":{"self":[{"href":"https:\/\/madafrica.es\/kaayuniversidad\/wp-json\/wp\/v2\/pages\/2","targetHints":{"allow":["GET"]}}],"collection":[{"href":"https:\/\/madafrica.es\/kaayuniversidad\/wp-json\/wp\/v2\/pages"}],"about":[{"href":"https:\/\/madafrica.es\/kaayuniversidad\/wp-json\/wp\/v2\/types\/page"}],"author":[{"embeddable":true,"href":"https:\/\/madafrica.es\/kaayuniversidad\/wp-json\/wp\/v2\/users\/1"}],"replies":[{"embeddable":true,"href":"https:\/\/madafrica.es\/kaayuniversidad\/wp-json\/wp\/v2\/comments?post=2"}],"version-history":[{"count":8,"href":"https:\/\/madafrica.es\/kaayuniversidad\/wp-json\/wp\/v2\/pages\/2\/revisions"}],"predecessor-version":[{"id":7089,"href":"https:\/\/madafrica.es\/kaayuniversidad\/wp-json\/wp\/v2\/pages\/2\/revisions\/7089"}],"wp:attachment":[{"href":"https:\/\/madafrica.es\/kaayuniversidad\/wp-json\/wp\/v2\/media?parent=2"}],"curies":[{"name":"wp","href":"https:\/\/api.w.org\/{rel}","templated":true}]}}