{"id":6873,"date":"2019-03-25T10:40:08","date_gmt":"2019-03-25T10:40:08","guid":{"rendered":"https:\/\/madafrica.es\/kaayuniversidad\/?page_id=6873"},"modified":"2020-05-25T09:10:22","modified_gmt":"2020-05-25T09:10:22","slug":"inicio","status":"publish","type":"page","link":"https:\/\/madafrica.es\/kaayuniversidad\/","title":{"rendered":"Inicio"},"content":{"rendered":"\n<div style=\"height:100px\" aria-hidden=\"true\" class=\"wp-block-spacer\"><\/div>\n\n\n\n<div class=\"wp-block-columns has-2-columns is-layout-flex wp-container-core-columns-is-layout-9d6595d7 wp-block-columns-is-layout-flex\">\n<div class=\"wp-block-column is-layout-flow wp-block-column-is-layout-flow\">\n<h3 class=\"wp-block-heading\">El Proyecto<\/h3>\n\n\n\n<p>Kaay Universidad es una propuesta de acci\u00f3n-transformaci\u00f3n dirigida al ALUMNADO UNIVERSITARIO de la US y la UCAD.<\/p>\n\n\n\n<div style=\"height:20px\" aria-hidden=\"true\" class=\"wp-block-spacer\"><\/div>\n\n\n\n<div class=\"wp-block-button alignleft is-style-default\"><a class=\"wp-block-button__link has-background has-vivid-cyan-blue-background-color\" href=\"www.madafrica.es\/kaayuniversidad\/proyecto\/\">Leer m\u00e1s<\/a><\/div>\n<\/div>\n\n\n\n<div class=\"wp-block-column is-layout-flow wp-block-column-is-layout-flow\">\n<h3 class=\"wp-block-heading\">\u00bfQui\u00e9n participa?<\/h3>\n\n\n\n<p>Alumnas y alumnos universitarios de Espa\u00f1a y Senegal con inter\u00e9s en la producci\u00f3n de conocimiento desde una perspectiva global.<\/p>\n\n\n\n<div style=\"height:20px\" aria-hidden=\"true\" class=\"wp-block-spacer\"><\/div>\n\n\n\n<div class=\"wp-block-button alignleft is-style-default\"><a class=\"wp-block-button__link has-background has-vivid-cyan-blue-background-color\" href=\"https:\/\/madafrica.es\/kaayuniversidad\/beneficiarias\/\">Leer m\u00e1s<\/a><\/div>\n<\/div>\n<\/div>\n\n\n\n<div style=\"height:30px\" aria-hidden=\"true\" class=\"wp-block-spacer\"><\/div>\n\n\n\n<div class=\"wp-block-cover aligncenter has-background-dim-60 has-background-dim\" style=\"background-image:url(https:\/\/madafrica.es\/kaayuniversidad\/wp-content\/uploads\/sites\/5\/2019\/06\/paul-schafer-787418-unsplash-1024x683.jpg);min-height:80px;aspect-ratio:unset;\"><div class=\"wp-block-cover__inner-container is-layout-flow wp-block-cover-is-layout-flow\">\n<p style=\"font-size:32px\" class=\"has-text-align-center\"><\/p>\n\n\n\n<p><\/p>\n\n\n\n<p style=\"font-size:32px\" class=\"has-text-align-center\"> Conozca las publicaciones de Kaay Universidad <\/p>\n\n\n\n<p><\/p>\n\n\n\n<div class=\"wp-block-button aligncenter\"><a class=\"wp-block-button__link no-border-radius\" href=\"https:\/\/madafrica.es\/kaayuniversidad\/areas-investigacion\/\">Leer m\u00e1s<\/a><\/div>\n\n\n\n<p><\/p>\n<\/div><\/div>\n\n\n\n<div style=\"height:100px\" aria-hidden=\"true\" class=\"wp-block-spacer\"><\/div>\n\n\n\n<div style=\"height:30px\" aria-hidden=\"true\" class=\"wp-block-spacer\"><\/div>\n\n\n\n<div class=\"wp-block-columns has-2-columns is-layout-flex wp-container-core-columns-is-layout-9d6595d7 wp-block-columns-is-layout-flex\">\n<div class=\"wp-block-column is-layout-flow wp-block-column-is-layout-flow\">\n<h3 class=\"wp-block-heading\">Metodolog\u00eda<\/h3>\n\n\n\n<p>Kaay Universidad funciona con un grupo motor, formado por MAD \u00c1frica, profesorado espa\u00f1ol y profesorado senegal\u00e9s.<\/p>\n\n\n\n<div style=\"height:20px\" aria-hidden=\"true\" class=\"wp-block-spacer\"><\/div>\n\n\n\n<div class=\"wp-block-button alignleft is-style-default\"><a class=\"wp-block-button__link has-background has-vivid-cyan-blue-background-color\" href=\"https:\/\/madafrica.es\/kaayuniversidad\/metodologia\/\">Leer m\u00e1s<\/a><\/div>\n<\/div>\n\n\n\n<div class=\"wp-block-column is-layout-flow wp-block-column-is-layout-flow\">\n<h3 class=\"wp-block-heading\">Profesorado<\/h3>\n\n\n\n<p>El proyecto cuenta con 4 l\u00edneas de investigaci\u00f3n y una decena de profesores y profesoras de Espa\u00f1a y Senegal, referentes en la materia.<\/p>\n\n\n\n<div style=\"height:20px\" aria-hidden=\"true\" class=\"wp-block-spacer\"><\/div>\n\n\n\n<div class=\"wp-block-button alignleft is-style-default\"><a class=\"wp-block-button__link has-background has-vivid-cyan-blue-background-color\" href=\"https:\/\/madafrica.es\/kaayuniversidad\/lineas-de-investigacion-y-profesorado\/\">Leer m\u00e1s<\/a><\/div>\n\n\n\n<p><\/p>\n<\/div>\n<\/div>\n\n\n\n<h3 class=\"has-text-align-center wp-block-heading\">Financia<\/h3>\n\n\n\n<div class=\"wp-block-image\"><figure class=\"aligncenter size-medium\"><img loading=\"lazy\" decoding=\"async\" width=\"300\" height=\"43\" src=\"https:\/\/madafrica.es\/kaayuniversidad\/wp-content\/uploads\/sites\/5\/2020\/01\/logo_aacid_cipsco_color-1-300x43.png\" alt=\"\" class=\"wp-image-7107\" srcset=\"https:\/\/madafrica.es\/kaayuniversidad\/wp-content\/uploads\/sites\/5\/2020\/01\/logo_aacid_cipsco_color-1-300x43.png 300w, https:\/\/madafrica.es\/kaayuniversidad\/wp-content\/uploads\/sites\/5\/2020\/01\/logo_aacid_cipsco_color-1-1024x146.png 1024w, https:\/\/madafrica.es\/kaayuniversidad\/wp-content\/uploads\/sites\/5\/2020\/01\/logo_aacid_cipsco_color-1-768x110.png 768w, https:\/\/madafrica.es\/kaayuniversidad\/wp-content\/uploads\/sites\/5\/2020\/01\/logo_aacid_cipsco_color-1-1536x219.png 1536w, https:\/\/madafrica.es\/kaayuniversidad\/wp-content\/uploads\/sites\/5\/2020\/01\/logo_aacid_cipsco_color-1-2048x293.png 2048w\" sizes=\"auto, (max-width: 300px) 100vw, 300px\" \/><\/figure><\/div>\n\n\n\n<div style=\"height:30px\" aria-hidden=\"true\" class=\"wp-block-spacer\"><\/div>\n\n\n\n<div style=\"height:100px\" aria-hidden=\"true\" class=\"wp-block-spacer\"><\/div>\n","protected":false},"excerpt":{"rendered":"<p>El Proyecto Kaay Universidad es una propuesta de acci\u00f3n-transformaci\u00f3n dirigida al ALUMNADO UNIVERSITARIO de la US y la UCAD. \u00bfQui\u00e9n participa? Alumnas y alumnos universitarios de Espa\u00f1a y Senegal con inter\u00e9s en la producci\u00f3n de conocimiento desde una perspectiva global. Metodolog\u00eda Kaay Universidad funciona con un grupo motor, formado por MAD \u00c1frica, profesorado espa\u00f1ol y [&hellip;]<\/p>\n","protected":false},"author":1,"featured_media":0,"parent":0,"menu_order":0,"comment_status":"closed","ping_status":"closed","template":"page-templates\/-front-page-two-col.php","meta":{"footnotes":""},"class_list":["post-6873","page","type-page","status-publish","hentry"],"yoast_head":"<!-- This site is optimized with the Yoast SEO plugin v26.1.1 - https:\/\/yoast.com\/wordpress\/plugins\/seo\/ -->\n<title>Inicio - Kaay Universidad<\/title>\n<meta name=\"robots\" content=\"index, follow, max-snippet:-1, max-image-preview:large, max-video-preview:-1\" \/>\n<link rel=\"canonical\" href=\"https:\/\/madafrica.es\/kaayuniversidad\/\" \/>\n<meta property=\"og:locale\" content=\"es_ES\" \/>\n<meta property=\"og:type\" content=\"article\" \/>\n<meta property=\"og:title\" content=\"Inicio - Kaay Universidad\" \/>\n<meta property=\"og:description\" content=\"El Proyecto Kaay Universidad es una propuesta de acci\u00f3n-transformaci\u00f3n dirigida al ALUMNADO UNIVERSITARIO de la US y la UCAD. \u00bfQui\u00e9n participa? Alumnas y alumnos universitarios de Espa\u00f1a y Senegal con inter\u00e9s en la producci\u00f3n de conocimiento desde una perspectiva global. Metodolog\u00eda Kaay Universidad funciona con un grupo motor, formado por MAD \u00c1frica, profesorado espa\u00f1ol y [&hellip;]\" \/>\n<meta property=\"og:url\" content=\"https:\/\/madafrica.es\/kaayuniversidad\/\" \/>\n<meta property=\"og:site_name\" content=\"Kaay Universidad\" \/>\n<meta property=\"article:modified_time\" content=\"2020-05-25T09:10:22+00:00\" \/>\n<meta property=\"og:image\" content=\"https:\/\/madafrica.es\/kaayuniversidad\/wp-content\/uploads\/sites\/5\/2020\/01\/logo_aacid_cipsco_color-1-300x43.png\" \/>\n<meta name=\"twitter:card\" content=\"summary_large_image\" \/>\n<meta name=\"twitter:label1\" content=\"Tiempo de lectura\" \/>\n\t<meta name=\"twitter:data1\" content=\"1 minuto\" \/>\n<script type=\"application\/ld+json\" class=\"yoast-schema-graph\">{\"@context\":\"https:\/\/schema.org\",\"@graph\":[{\"@type\":\"WebPage\",\"@id\":\"https:\/\/madafrica.es\/kaayuniversidad\/\",\"url\":\"https:\/\/madafrica.es\/kaayuniversidad\/\",\"name\":\"Inicio - Kaay Universidad\",\"isPartOf\":{\"@id\":\"https:\/\/madafrica.es\/kaayuniversidad\/#website\"},\"primaryImageOfPage\":{\"@id\":\"https:\/\/madafrica.es\/kaayuniversidad\/#primaryimage\"},\"image\":{\"@id\":\"https:\/\/madafrica.es\/kaayuniversidad\/#primaryimage\"},\"thumbnailUrl\":\"https:\/\/madafrica.es\/kaayuniversidad\/wp-content\/uploads\/sites\/5\/2020\/01\/logo_aacid_cipsco_color-1-300x43.png\",\"datePublished\":\"2019-03-25T10:40:08+00:00\",\"dateModified\":\"2020-05-25T09:10:22+00:00\",\"breadcrumb\":{\"@id\":\"https:\/\/madafrica.es\/kaayuniversidad\/#breadcrumb\"},\"inLanguage\":\"es\",\"potentialAction\":[{\"@type\":\"ReadAction\",\"target\":[\"https:\/\/madafrica.es\/kaayuniversidad\/\"]}]},{\"@type\":\"ImageObject\",\"inLanguage\":\"es\",\"@id\":\"https:\/\/madafrica.es\/kaayuniversidad\/#primaryimage\",\"url\":\"https:\/\/madafrica.es\/kaayuniversidad\/wp-content\/uploads\/sites\/5\/2020\/01\/logo_aacid_cipsco_color-1-300x43.png\",\"contentUrl\":\"https:\/\/madafrica.es\/kaayuniversidad\/wp-content\/uploads\/sites\/5\/2020\/01\/logo_aacid_cipsco_color-1-300x43.png\"},{\"@type\":\"BreadcrumbList\",\"@id\":\"https:\/\/madafrica.es\/kaayuniversidad\/#breadcrumb\",\"itemListElement\":[{\"@type\":\"ListItem\",\"position\":1,\"name\":\"Inicio\",\"item\":\"https:\/\/madafrica.es\/kaayuniversidad\/\"},{\"@type\":\"ListItem\",\"position\":2,\"name\":\"Inicio\"}]},{\"@type\":\"WebSite\",\"@id\":\"https:\/\/madafrica.es\/kaayuniversidad\/#website\",\"url\":\"https:\/\/madafrica.es\/kaayuniversidad\/\",\"name\":\"Kaay Universidad\",\"description\":\"Otro sitio m\u00e1s de MAD \u00c1frica\",\"potentialAction\":[{\"@type\":\"SearchAction\",\"target\":{\"@type\":\"EntryPoint\",\"urlTemplate\":\"https:\/\/madafrica.es\/kaayuniversidad\/?s={search_term_string}\"},\"query-input\":{\"@type\":\"PropertyValueSpecification\",\"valueRequired\":true,\"valueName\":\"search_term_string\"}}],\"inLanguage\":\"es\"}]}<\/script>\n<!-- \/ Yoast SEO plugin. -->","yoast_head_json":{"title":"Inicio - Kaay Universidad","robots":{"index":"index","follow":"follow","max-snippet":"max-snippet:-1","max-image-preview":"max-image-preview:large","max-video-preview":"max-video-preview:-1"},"canonical":"https:\/\/madafrica.es\/kaayuniversidad\/","og_locale":"es_ES","og_type":"article","og_title":"Inicio - Kaay Universidad","og_description":"El Proyecto Kaay Universidad es una propuesta de acci\u00f3n-transformaci\u00f3n dirigida al ALUMNADO UNIVERSITARIO de la US y la UCAD. \u00bfQui\u00e9n participa? Alumnas y alumnos universitarios de Espa\u00f1a y Senegal con inter\u00e9s en la producci\u00f3n de conocimiento desde una perspectiva global. Metodolog\u00eda Kaay Universidad funciona con un grupo motor, formado por MAD \u00c1frica, profesorado espa\u00f1ol y [&hellip;]","og_url":"https:\/\/madafrica.es\/kaayuniversidad\/","og_site_name":"Kaay Universidad","article_modified_time":"2020-05-25T09:10:22+00:00","og_image":[{"url":"https:\/\/madafrica.es\/kaayuniversidad\/wp-content\/uploads\/sites\/5\/2020\/01\/logo_aacid_cipsco_color-1-300x43.png","type":"","width":"","height":""}],"twitter_card":"summary_large_image","twitter_misc":{"Tiempo de lectura":"1 minuto"},"schema":{"@context":"https:\/\/schema.org","@graph":[{"@type":"WebPage","@id":"https:\/\/madafrica.es\/kaayuniversidad\/","url":"https:\/\/madafrica.es\/kaayuniversidad\/","name":"Inicio - Kaay Universidad","isPartOf":{"@id":"https:\/\/madafrica.es\/kaayuniversidad\/#website"},"primaryImageOfPage":{"@id":"https:\/\/madafrica.es\/kaayuniversidad\/#primaryimage"},"image":{"@id":"https:\/\/madafrica.es\/kaayuniversidad\/#primaryimage"},"thumbnailUrl":"https:\/\/madafrica.es\/kaayuniversidad\/wp-content\/uploads\/sites\/5\/2020\/01\/logo_aacid_cipsco_color-1-300x43.png","datePublished":"2019-03-25T10:40:08+00:00","dateModified":"2020-05-25T09:10:22+00:00","breadcrumb":{"@id":"https:\/\/madafrica.es\/kaayuniversidad\/#breadcrumb"},"inLanguage":"es","potentialAction":[{"@type":"ReadAction","target":["https:\/\/madafrica.es\/kaayuniversidad\/"]}]},{"@type":"ImageObject","inLanguage":"es","@id":"https:\/\/madafrica.es\/kaayuniversidad\/#primaryimage","url":"https:\/\/madafrica.es\/kaayuniversidad\/wp-content\/uploads\/sites\/5\/2020\/01\/logo_aacid_cipsco_color-1-300x43.png","contentUrl":"https:\/\/madafrica.es\/kaayuniversidad\/wp-content\/uploads\/sites\/5\/2020\/01\/logo_aacid_cipsco_color-1-300x43.png"},{"@type":"BreadcrumbList","@id":"https:\/\/madafrica.es\/kaayuniversidad\/#breadcrumb","itemListElement":[{"@type":"ListItem","position":1,"name":"Inicio","item":"https:\/\/madafrica.es\/kaayuniversidad\/"},{"@type":"ListItem","position":2,"name":"Inicio"}]},{"@type":"WebSite","@id":"https:\/\/madafrica.es\/kaayuniversidad\/#website","url":"https:\/\/madafrica.es\/kaayuniversidad\/","name":"Kaay Universidad","description":"Otro sitio m\u00e1s de MAD \u00c1frica","potentialAction":[{"@type":"SearchAction","target":{"@type":"EntryPoint","urlTemplate":"https:\/\/madafrica.es\/kaayuniversidad\/?s={search_term_string}"},"query-input":{"@type":"PropertyValueSpecification","valueRequired":true,"valueName":"search_term_string"}}],"inLanguage":"es"}]}},"featured_image_src":null,"featured_image_src_square":null,"_links":{"self":[{"href":"https:\/\/madafrica.es\/kaayuniversidad\/wp-json\/wp\/v2\/pages\/6873","targetHints":{"allow":["GET"]}}],"collection":[{"href":"https:\/\/madafrica.es\/kaayuniversidad\/wp-json\/wp\/v2\/pages"}],"about":[{"href":"https:\/\/madafrica.es\/kaayuniversidad\/wp-json\/wp\/v2\/types\/page"}],"author":[{"embeddable":true,"href":"https:\/\/madafrica.es\/kaayuniversidad\/wp-json\/wp\/v2\/users\/1"}],"replies":[{"embeddable":true,"href":"https:\/\/madafrica.es\/kaayuniversidad\/wp-json\/wp\/v2\/comments?post=6873"}],"version-history":[{"count":22,"href":"https:\/\/madafrica.es\/kaayuniversidad\/wp-json\/wp\/v2\/pages\/6873\/revisions"}],"predecessor-version":[{"id":7127,"href":"https:\/\/madafrica.es\/kaayuniversidad\/wp-json\/wp\/v2\/pages\/6873\/revisions\/7127"}],"wp:attachment":[{"href":"https:\/\/madafrica.es\/kaayuniversidad\/wp-json\/wp\/v2\/media?parent=6873"}],"curies":[{"name":"wp","href":"https:\/\/api.w.org\/{rel}","templated":true}]}}