{"id":7009,"date":"2019-05-13T12:56:23","date_gmt":"2019-05-13T12:56:23","guid":{"rendered":"https:\/\/madafrica.es\/kaayuniversidad\/?page_id=7009"},"modified":"2019-06-11T12:25:04","modified_gmt":"2019-06-11T12:25:04","slug":"beneficiarias","status":"publish","type":"page","link":"https:\/\/madafrica.es\/kaayuniversidad\/beneficiarias\/","title":{"rendered":"Beneficiarias"},"content":{"rendered":"\n<p>Alumnas y alumnos de la Universidad de Sevilla (Espa\u00f1a) y Universidad Cheikh Anta Diop, de Dakar (Senegal), con inter\u00e9s en la producci\u00f3n de conocimiento desde una perspectiva global.<\/p>\n\n\n\n<h4 class=\"wp-block-heading\"><a href=\"https:\/\/www.us.es\/\">Universidad de Sevilla (Andaluc\u00eda)<\/a><\/h4>\n\n\n\n<p>La Universidad de Sevilla (US) es una universidad p\u00fablica\ncon sede en Sevilla, Andaluc\u00eda (Espa\u00f1a). Est\u00e1 formada por m\u00e1s de 30 centros de\nense\u00f1anza (27 propios y 6 adscritos), repartidos por toda la ciudad, estando su\nsede central (El Rectorado) en el edificio de la Real F\u00e1brica de Tabacos de\nSevilla.<\/p>\n\n\n\n<p>Ofrece m\u00e1s de 65 grados, 90 m\u00e1sters, casi 100 programas de\ndoctorado y m\u00e1s de 230 estudios de postgrado.<\/p>\n\n\n\n<p>Es la tercera universidad espa\u00f1ola en n\u00famero de estudiantes\ny la primera de Andaluc\u00eda, as\u00ed como una de las m\u00e1s antiguas, con m\u00e1s de 500\na\u00f1os. <\/p>\n\n\n\n<p>M\u00e1s de ochenta mil personas integran la comunidad\nuniversitaria entre alumnado, profesorado y profesionales de administraci\u00f3n y\nservicios. <\/p>\n\n\n\n<ul class=\"wp-block-gallery columns-2 is-cropped wp-block-gallery-1 is-layout-flex wp-block-gallery-is-layout-flex\"><li class=\"blocks-gallery-item\"><figure><img loading=\"lazy\" decoding=\"async\" width=\"808\" height=\"454\" src=\"https:\/\/madafrica.es\/kaayuniversidad\/wp-content\/uploads\/sites\/5\/2019\/06\/biblioteca-uja-2017-808x454.jpg\" alt=\"\" data-id=\"7075\" data-link=\"https:\/\/madafrica.es\/kaayuniversidad\/beneficiarias\/biblioteca-uja-2017-808x454\/\" class=\"wp-image-7075\" srcset=\"https:\/\/madafrica.es\/kaayuniversidad\/wp-content\/uploads\/sites\/5\/2019\/06\/biblioteca-uja-2017-808x454.jpg 808w, https:\/\/madafrica.es\/kaayuniversidad\/wp-content\/uploads\/sites\/5\/2019\/06\/biblioteca-uja-2017-808x454-300x169.jpg 300w, https:\/\/madafrica.es\/kaayuniversidad\/wp-content\/uploads\/sites\/5\/2019\/06\/biblioteca-uja-2017-808x454-768x432.jpg 768w\" sizes=\"auto, (max-width: 808px) 100vw, 808px\" \/><\/figure><\/li><li class=\"blocks-gallery-item\"><figure><img loading=\"lazy\" decoding=\"async\" width=\"700\" height=\"482\" src=\"https:\/\/madafrica.es\/kaayuniversidad\/wp-content\/uploads\/sites\/5\/2019\/06\/Campus-Reina-Mercedes-02.jpg\" alt=\"\" data-id=\"7076\" data-link=\"https:\/\/madafrica.es\/kaayuniversidad\/beneficiarias\/campus-reina-mercedes-02\/\" class=\"wp-image-7076\" srcset=\"https:\/\/madafrica.es\/kaayuniversidad\/wp-content\/uploads\/sites\/5\/2019\/06\/Campus-Reina-Mercedes-02.jpg 700w, https:\/\/madafrica.es\/kaayuniversidad\/wp-content\/uploads\/sites\/5\/2019\/06\/Campus-Reina-Mercedes-02-300x207.jpg 300w\" sizes=\"auto, (max-width: 700px) 100vw, 700px\" \/><\/figure><\/li><li class=\"blocks-gallery-item\"><figure><img loading=\"lazy\" decoding=\"async\" width=\"620\" height=\"349\" src=\"https:\/\/madafrica.es\/kaayuniversidad\/wp-content\/uploads\/sites\/5\/2019\/06\/estudiantes-se-examinan-selectividad-kve-620x349@abc.jpg\" alt=\"\" data-id=\"7077\" data-link=\"https:\/\/madafrica.es\/kaayuniversidad\/beneficiarias\/estudiantes-se-examinan-selectividad-kve-620x349abc\/\" class=\"wp-image-7077\" srcset=\"https:\/\/madafrica.es\/kaayuniversidad\/wp-content\/uploads\/sites\/5\/2019\/06\/estudiantes-se-examinan-selectividad-kve-620x349@abc.jpg 620w, https:\/\/madafrica.es\/kaayuniversidad\/wp-content\/uploads\/sites\/5\/2019\/06\/estudiantes-se-examinan-selectividad-kve-620x349@abc-300x169.jpg 300w\" sizes=\"auto, (max-width: 620px) 100vw, 620px\" \/><\/figure><\/li><li class=\"blocks-gallery-item\"><figure><img loading=\"lazy\" decoding=\"async\" width=\"620\" height=\"349\" src=\"https:\/\/madafrica.es\/kaayuniversidad\/wp-content\/uploads\/sites\/5\/2019\/06\/rectorado-universidad-sevilla-kQoB-620x349@abc.jpg\" alt=\"\" data-id=\"7078\" data-link=\"https:\/\/madafrica.es\/kaayuniversidad\/beneficiarias\/rectorado-universidad-sevilla-kqob-620x349abc\/\" class=\"wp-image-7078\" srcset=\"https:\/\/madafrica.es\/kaayuniversidad\/wp-content\/uploads\/sites\/5\/2019\/06\/rectorado-universidad-sevilla-kQoB-620x349@abc.jpg 620w, https:\/\/madafrica.es\/kaayuniversidad\/wp-content\/uploads\/sites\/5\/2019\/06\/rectorado-universidad-sevilla-kQoB-620x349@abc-300x169.jpg 300w\" sizes=\"auto, (max-width: 620px) 100vw, 620px\" \/><\/figure><\/li><\/ul>\n\n\n\n<h4 class=\"wp-block-heading\"><a href=\"https:\/\/www.ucad.es\/\">Universidad Cheikh Anta Diop, de Dakar (Senegal)<\/a><\/h4>\n\n\n\n<p>La Universidad Cheikh Anta Diop (UCAD), de Dakar, lleva el nombre del f\u00edsico, historiador y antrop\u00f3logo senegal\u00e9s <a href=\"https:\/\/es.wikipedia.org\/wiki\/Cheikh_Anta_Diop\">Cheikh Anta Diop<\/a>.<\/p>\n\n\n\n<p>Es una universidad p\u00fablica, inaugurada oficialmente en 1959,\naunque con actividad acad\u00e9mica desde 1918, con la Escuela Africana de Medicina.\nHasta 1987 no se desliga de las Universidades de Par\u00eds y Burdeos.<\/p>\n\n\n\n<p>Es la principal universidad de Dakar y Senegal, referente en\ntoda \u00c1frica del Oeste. El alumnado, adem\u00e1s de ser de Senegal, proviene de una gran\nvariedad de pa\u00edses como: Burkina Faso, Costa de Marfil, Togo, Benin, Nigeria,\nMauritania, Mali, Ruanda, Camer\u00fan, Marruecos, Tunez, &#8230;, pero tambi\u00e9n de otras\npartes del mundo como Francia, B\u00e9lgica, Am\u00e9rica del Norte, Reino Unido, L\u00edbano\no Palestina.\n\nPosee 26 centros de\nformaci\u00f3n, entre facultades, colegios profesionales, institutos acad\u00e9micos y de\ninvestigaci\u00f3n. \n\n\n\n<\/p>\n\n\n\n<ul class=\"wp-block-gallery columns-2 is-cropped wp-block-gallery-2 is-layout-flex wp-block-gallery-is-layout-flex\"><li class=\"blocks-gallery-item\"><figure><img loading=\"lazy\" decoding=\"async\" width=\"614\" height=\"461\" src=\"https:\/\/madafrica.es\/kaayuniversidad\/wp-content\/uploads\/sites\/5\/2019\/06\/6678551-10207411-1.jpg\" alt=\"\" data-id=\"7079\" data-link=\"https:\/\/madafrica.es\/kaayuniversidad\/beneficiarias\/6678551-10207411-1\/\" class=\"wp-image-7079\" srcset=\"https:\/\/madafrica.es\/kaayuniversidad\/wp-content\/uploads\/sites\/5\/2019\/06\/6678551-10207411-1.jpg 614w, https:\/\/madafrica.es\/kaayuniversidad\/wp-content\/uploads\/sites\/5\/2019\/06\/6678551-10207411-1-300x225.jpg 300w\" sizes=\"auto, (max-width: 614px) 100vw, 614px\" \/><\/figure><\/li><li class=\"blocks-gallery-item\"><figure><img loading=\"lazy\" decoding=\"async\" width=\"960\" height=\"716\" src=\"https:\/\/madafrica.es\/kaayuniversidad\/wp-content\/uploads\/sites\/5\/2019\/06\/17426412_1140845606026576_3814490803989696729_n-1.jpg\" alt=\"\" data-id=\"7080\" data-link=\"https:\/\/madafrica.es\/kaayuniversidad\/beneficiarias\/17426412_1140845606026576_3814490803989696729_n-1\/\" class=\"wp-image-7080\" srcset=\"https:\/\/madafrica.es\/kaayuniversidad\/wp-content\/uploads\/sites\/5\/2019\/06\/17426412_1140845606026576_3814490803989696729_n-1.jpg 960w, https:\/\/madafrica.es\/kaayuniversidad\/wp-content\/uploads\/sites\/5\/2019\/06\/17426412_1140845606026576_3814490803989696729_n-1-300x224.jpg 300w, https:\/\/madafrica.es\/kaayuniversidad\/wp-content\/uploads\/sites\/5\/2019\/06\/17426412_1140845606026576_3814490803989696729_n-1-768x573.jpg 768w\" sizes=\"auto, (max-width: 960px) 100vw, 960px\" \/><\/figure><\/li><li class=\"blocks-gallery-item\"><figure><img loading=\"lazy\" decoding=\"async\" width=\"960\" height=\"640\" src=\"https:\/\/madafrica.es\/kaayuniversidad\/wp-content\/uploads\/sites\/5\/2019\/06\/26168179_10213304554140687_3482099905076938052_n-1.jpg\" alt=\"\" data-id=\"7081\" data-link=\"https:\/\/madafrica.es\/kaayuniversidad\/beneficiarias\/26168179_10213304554140687_3482099905076938052_n-1\/\" class=\"wp-image-7081\" srcset=\"https:\/\/madafrica.es\/kaayuniversidad\/wp-content\/uploads\/sites\/5\/2019\/06\/26168179_10213304554140687_3482099905076938052_n-1.jpg 960w, https:\/\/madafrica.es\/kaayuniversidad\/wp-content\/uploads\/sites\/5\/2019\/06\/26168179_10213304554140687_3482099905076938052_n-1-300x200.jpg 300w, https:\/\/madafrica.es\/kaayuniversidad\/wp-content\/uploads\/sites\/5\/2019\/06\/26168179_10213304554140687_3482099905076938052_n-1-768x512.jpg 768w, https:\/\/madafrica.es\/kaayuniversidad\/wp-content\/uploads\/sites\/5\/2019\/06\/26168179_10213304554140687_3482099905076938052_n-1-600x400.jpg 600w\" sizes=\"auto, (max-width: 960px) 100vw, 960px\" \/><\/figure><\/li><li class=\"blocks-gallery-item\"><figure><img loading=\"lazy\" decoding=\"async\" width=\"699\" height=\"400\" src=\"https:\/\/madafrica.es\/kaayuniversidad\/wp-content\/uploads\/sites\/5\/2019\/06\/30581903_1497967916981008_341519118718672568_n-1.jpg\" alt=\"\" data-id=\"7082\" data-link=\"https:\/\/madafrica.es\/kaayuniversidad\/beneficiarias\/30581903_1497967916981008_341519118718672568_n-1\/\" class=\"wp-image-7082\" srcset=\"https:\/\/madafrica.es\/kaayuniversidad\/wp-content\/uploads\/sites\/5\/2019\/06\/30581903_1497967916981008_341519118718672568_n-1.jpg 699w, https:\/\/madafrica.es\/kaayuniversidad\/wp-content\/uploads\/sites\/5\/2019\/06\/30581903_1497967916981008_341519118718672568_n-1-300x172.jpg 300w\" sizes=\"auto, (max-width: 699px) 100vw, 699px\" \/><\/figure><\/li><li class=\"blocks-gallery-item\"><figure><img loading=\"lazy\" decoding=\"async\" width=\"678\" height=\"381\" src=\"https:\/\/madafrica.es\/kaayuniversidad\/wp-content\/uploads\/sites\/5\/2019\/06\/etudiants-fac-lettres.jpg\" alt=\"\" data-id=\"7083\" data-link=\"https:\/\/madafrica.es\/kaayuniversidad\/beneficiarias\/etudiants-fac-lettres\/\" class=\"wp-image-7083\" srcset=\"https:\/\/madafrica.es\/kaayuniversidad\/wp-content\/uploads\/sites\/5\/2019\/06\/etudiants-fac-lettres.jpg 678w, https:\/\/madafrica.es\/kaayuniversidad\/wp-content\/uploads\/sites\/5\/2019\/06\/etudiants-fac-lettres-300x169.jpg 300w\" sizes=\"auto, (max-width: 678px) 100vw, 678px\" \/><\/figure><\/li><li class=\"blocks-gallery-item\"><figure><img loading=\"lazy\" decoding=\"async\" width=\"1024\" height=\"655\" src=\"https:\/\/madafrica.es\/kaayuniversidad\/wp-content\/uploads\/sites\/5\/2019\/06\/image-6821-1024x655.jpg\" alt=\"\" data-id=\"7084\" data-link=\"https:\/\/madafrica.es\/kaayuniversidad\/beneficiarias\/image-6821\/\" class=\"wp-image-7084\" srcset=\"https:\/\/madafrica.es\/kaayuniversidad\/wp-content\/uploads\/sites\/5\/2019\/06\/image-6821-1024x655.jpg 1024w, https:\/\/madafrica.es\/kaayuniversidad\/wp-content\/uploads\/sites\/5\/2019\/06\/image-6821-300x192.jpg 300w, https:\/\/madafrica.es\/kaayuniversidad\/wp-content\/uploads\/sites\/5\/2019\/06\/image-6821-768x491.jpg 768w\" sizes=\"auto, (max-width: 1024px) 100vw, 1024px\" \/><\/figure><\/li><\/ul>\n","protected":false},"excerpt":{"rendered":"<p>Alumnas y alumnos de la Universidad de Sevilla (Espa\u00f1a) y Universidad Cheikh Anta Diop, de Dakar (Senegal), con inter\u00e9s en la producci\u00f3n de conocimiento desde una perspectiva global. Universidad de Sevilla (Andaluc\u00eda) La Universidad de Sevilla (US) es una universidad p\u00fablica con sede en Sevilla, Andaluc\u00eda (Espa\u00f1a). Est\u00e1 formada por m\u00e1s de 30 centros de [&hellip;]<\/p>\n","protected":false},"author":6,"featured_media":0,"parent":0,"menu_order":0,"comment_status":"closed","ping_status":"closed","template":"","meta":{"footnotes":""},"class_list":["post-7009","page","type-page","status-publish","hentry"],"yoast_head":"<!-- This site is optimized with the Yoast SEO plugin v26.1.1 - https:\/\/yoast.com\/wordpress\/plugins\/seo\/ -->\n<title>Beneficiarias - Kaay Universidad<\/title>\n<meta name=\"robots\" content=\"index, follow, max-snippet:-1, max-image-preview:large, max-video-preview:-1\" \/>\n<link rel=\"canonical\" href=\"https:\/\/madafrica.es\/kaayuniversidad\/beneficiarias\/\" \/>\n<meta property=\"og:locale\" content=\"es_ES\" \/>\n<meta property=\"og:type\" content=\"article\" \/>\n<meta property=\"og:title\" content=\"Beneficiarias - Kaay Universidad\" \/>\n<meta property=\"og:description\" content=\"Alumnas y alumnos de la Universidad de Sevilla (Espa\u00f1a) y Universidad Cheikh Anta Diop, de Dakar (Senegal), con inter\u00e9s en la producci\u00f3n de conocimiento desde una perspectiva global. Universidad de Sevilla (Andaluc\u00eda) La Universidad de Sevilla (US) es una universidad p\u00fablica con sede en Sevilla, Andaluc\u00eda (Espa\u00f1a). Est\u00e1 formada por m\u00e1s de 30 centros de [&hellip;]\" \/>\n<meta property=\"og:url\" content=\"https:\/\/madafrica.es\/kaayuniversidad\/beneficiarias\/\" \/>\n<meta property=\"og:site_name\" content=\"Kaay Universidad\" \/>\n<meta property=\"article:modified_time\" content=\"2019-06-11T12:25:04+00:00\" \/>\n<meta property=\"og:image\" content=\"https:\/\/madafrica.es\/kaayuniversidad\/wp-content\/uploads\/sites\/5\/2019\/06\/biblioteca-uja-2017-808x454.jpg\" \/>\n<meta name=\"twitter:card\" content=\"summary_large_image\" \/>\n<meta name=\"twitter:label1\" content=\"Tiempo de lectura\" \/>\n\t<meta name=\"twitter:data1\" content=\"2 minutos\" \/>\n<script type=\"application\/ld+json\" class=\"yoast-schema-graph\">{\"@context\":\"https:\/\/schema.org\",\"@graph\":[{\"@type\":\"WebPage\",\"@id\":\"https:\/\/madafrica.es\/kaayuniversidad\/beneficiarias\/\",\"url\":\"https:\/\/madafrica.es\/kaayuniversidad\/beneficiarias\/\",\"name\":\"Beneficiarias - Kaay Universidad\",\"isPartOf\":{\"@id\":\"https:\/\/madafrica.es\/kaayuniversidad\/#website\"},\"primaryImageOfPage\":{\"@id\":\"https:\/\/madafrica.es\/kaayuniversidad\/beneficiarias\/#primaryimage\"},\"image\":{\"@id\":\"https:\/\/madafrica.es\/kaayuniversidad\/beneficiarias\/#primaryimage\"},\"thumbnailUrl\":\"https:\/\/madafrica.es\/kaayuniversidad\/wp-content\/uploads\/sites\/5\/2019\/06\/biblioteca-uja-2017-808x454.jpg\",\"datePublished\":\"2019-05-13T12:56:23+00:00\",\"dateModified\":\"2019-06-11T12:25:04+00:00\",\"breadcrumb\":{\"@id\":\"https:\/\/madafrica.es\/kaayuniversidad\/beneficiarias\/#breadcrumb\"},\"inLanguage\":\"es\",\"potentialAction\":[{\"@type\":\"ReadAction\",\"target\":[\"https:\/\/madafrica.es\/kaayuniversidad\/beneficiarias\/\"]}]},{\"@type\":\"ImageObject\",\"inLanguage\":\"es\",\"@id\":\"https:\/\/madafrica.es\/kaayuniversidad\/beneficiarias\/#primaryimage\",\"url\":\"https:\/\/madafrica.es\/kaayuniversidad\/wp-content\/uploads\/sites\/5\/2019\/06\/biblioteca-uja-2017-808x454.jpg\",\"contentUrl\":\"https:\/\/madafrica.es\/kaayuniversidad\/wp-content\/uploads\/sites\/5\/2019\/06\/biblioteca-uja-2017-808x454.jpg\"},{\"@type\":\"BreadcrumbList\",\"@id\":\"https:\/\/madafrica.es\/kaayuniversidad\/beneficiarias\/#breadcrumb\",\"itemListElement\":[{\"@type\":\"ListItem\",\"position\":1,\"name\":\"Inicio\",\"item\":\"https:\/\/madafrica.es\/kaayuniversidad\/\"},{\"@type\":\"ListItem\",\"position\":2,\"name\":\"Beneficiarias\"}]},{\"@type\":\"WebSite\",\"@id\":\"https:\/\/madafrica.es\/kaayuniversidad\/#website\",\"url\":\"https:\/\/madafrica.es\/kaayuniversidad\/\",\"name\":\"Kaay Universidad\",\"description\":\"Otro sitio m\u00e1s de MAD \u00c1frica\",\"potentialAction\":[{\"@type\":\"SearchAction\",\"target\":{\"@type\":\"EntryPoint\",\"urlTemplate\":\"https:\/\/madafrica.es\/kaayuniversidad\/?s={search_term_string}\"},\"query-input\":{\"@type\":\"PropertyValueSpecification\",\"valueRequired\":true,\"valueName\":\"search_term_string\"}}],\"inLanguage\":\"es\"}]}<\/script>\n<!-- \/ Yoast SEO plugin. -->","yoast_head_json":{"title":"Beneficiarias - Kaay Universidad","robots":{"index":"index","follow":"follow","max-snippet":"max-snippet:-1","max-image-preview":"max-image-preview:large","max-video-preview":"max-video-preview:-1"},"canonical":"https:\/\/madafrica.es\/kaayuniversidad\/beneficiarias\/","og_locale":"es_ES","og_type":"article","og_title":"Beneficiarias - Kaay Universidad","og_description":"Alumnas y alumnos de la Universidad de Sevilla (Espa\u00f1a) y Universidad Cheikh Anta Diop, de Dakar (Senegal), con inter\u00e9s en la producci\u00f3n de conocimiento desde una perspectiva global. Universidad de Sevilla (Andaluc\u00eda) La Universidad de Sevilla (US) es una universidad p\u00fablica con sede en Sevilla, Andaluc\u00eda (Espa\u00f1a). Est\u00e1 formada por m\u00e1s de 30 centros de [&hellip;]","og_url":"https:\/\/madafrica.es\/kaayuniversidad\/beneficiarias\/","og_site_name":"Kaay Universidad","article_modified_time":"2019-06-11T12:25:04+00:00","og_image":[{"url":"https:\/\/madafrica.es\/kaayuniversidad\/wp-content\/uploads\/sites\/5\/2019\/06\/biblioteca-uja-2017-808x454.jpg","type":"","width":"","height":""}],"twitter_card":"summary_large_image","twitter_misc":{"Tiempo de lectura":"2 minutos"},"schema":{"@context":"https:\/\/schema.org","@graph":[{"@type":"WebPage","@id":"https:\/\/madafrica.es\/kaayuniversidad\/beneficiarias\/","url":"https:\/\/madafrica.es\/kaayuniversidad\/beneficiarias\/","name":"Beneficiarias - Kaay Universidad","isPartOf":{"@id":"https:\/\/madafrica.es\/kaayuniversidad\/#website"},"primaryImageOfPage":{"@id":"https:\/\/madafrica.es\/kaayuniversidad\/beneficiarias\/#primaryimage"},"image":{"@id":"https:\/\/madafrica.es\/kaayuniversidad\/beneficiarias\/#primaryimage"},"thumbnailUrl":"https:\/\/madafrica.es\/kaayuniversidad\/wp-content\/uploads\/sites\/5\/2019\/06\/biblioteca-uja-2017-808x454.jpg","datePublished":"2019-05-13T12:56:23+00:00","dateModified":"2019-06-11T12:25:04+00:00","breadcrumb":{"@id":"https:\/\/madafrica.es\/kaayuniversidad\/beneficiarias\/#breadcrumb"},"inLanguage":"es","potentialAction":[{"@type":"ReadAction","target":["https:\/\/madafrica.es\/kaayuniversidad\/beneficiarias\/"]}]},{"@type":"ImageObject","inLanguage":"es","@id":"https:\/\/madafrica.es\/kaayuniversidad\/beneficiarias\/#primaryimage","url":"https:\/\/madafrica.es\/kaayuniversidad\/wp-content\/uploads\/sites\/5\/2019\/06\/biblioteca-uja-2017-808x454.jpg","contentUrl":"https:\/\/madafrica.es\/kaayuniversidad\/wp-content\/uploads\/sites\/5\/2019\/06\/biblioteca-uja-2017-808x454.jpg"},{"@type":"BreadcrumbList","@id":"https:\/\/madafrica.es\/kaayuniversidad\/beneficiarias\/#breadcrumb","itemListElement":[{"@type":"ListItem","position":1,"name":"Inicio","item":"https:\/\/madafrica.es\/kaayuniversidad\/"},{"@type":"ListItem","position":2,"name":"Beneficiarias"}]},{"@type":"WebSite","@id":"https:\/\/madafrica.es\/kaayuniversidad\/#website","url":"https:\/\/madafrica.es\/kaayuniversidad\/","name":"Kaay Universidad","description":"Otro sitio m\u00e1s de MAD \u00c1frica","potentialAction":[{"@type":"SearchAction","target":{"@type":"EntryPoint","urlTemplate":"https:\/\/madafrica.es\/kaayuniversidad\/?s={search_term_string}"},"query-input":{"@type":"PropertyValueSpecification","valueRequired":true,"valueName":"search_term_string"}}],"inLanguage":"es"}]}},"featured_image_src":null,"featured_image_src_square":null,"_links":{"self":[{"href":"https:\/\/madafrica.es\/kaayuniversidad\/wp-json\/wp\/v2\/pages\/7009","targetHints":{"allow":["GET"]}}],"collection":[{"href":"https:\/\/madafrica.es\/kaayuniversidad\/wp-json\/wp\/v2\/pages"}],"about":[{"href":"https:\/\/madafrica.es\/kaayuniversidad\/wp-json\/wp\/v2\/types\/page"}],"author":[{"embeddable":true,"href":"https:\/\/madafrica.es\/kaayuniversidad\/wp-json\/wp\/v2\/users\/6"}],"replies":[{"embeddable":true,"href":"https:\/\/madafrica.es\/kaayuniversidad\/wp-json\/wp\/v2\/comments?post=7009"}],"version-history":[{"count":3,"href":"https:\/\/madafrica.es\/kaayuniversidad\/wp-json\/wp\/v2\/pages\/7009\/revisions"}],"predecessor-version":[{"id":7091,"href":"https:\/\/madafrica.es\/kaayuniversidad\/wp-json\/wp\/v2\/pages\/7009\/revisions\/7091"}],"wp:attachment":[{"href":"https:\/\/madafrica.es\/kaayuniversidad\/wp-json\/wp\/v2\/media?parent=7009"}],"curies":[{"name":"wp","href":"https:\/\/api.w.org\/{rel}","templated":true}]}}