{"id":7011,"date":"2019-05-13T12:57:29","date_gmt":"2019-05-13T12:57:29","guid":{"rendered":"https:\/\/madafrica.es\/kaayuniversidad\/?page_id=7011"},"modified":"2019-06-11T12:24:25","modified_gmt":"2019-06-11T12:24:25","slug":"actividades","status":"publish","type":"page","link":"https:\/\/madafrica.es\/kaayuniversidad\/actividades\/","title":{"rendered":"Actividades"},"content":{"rendered":"\n<p>Las principales actividades que se proponen en el proyecto\nson:<\/p>\n\n\n\n<p>&nbsp;1. Encuentros\nINTERCULTURALES l\u00fadico-formativos que generen habilidades, valores y actitudes\na trav\u00e9s del contacto directo e igualitario entre el alumnado de la US y las\ncomunidades africanas asentadas en Sevilla. (AFRICANEANDO). TALLERES de\npresentaci\u00f3n, realizados a trav\u00e9s de un ciclo de cine africano gestionado por\nel CICUS. <\/p>\n\n\n\n<p>2. PROCESO FORMATIVO TEORICO Y PR\u00c1CTICO sobre justicia\nglobal, ciudadania, interculturalidad y poder popular. <\/p>\n\n\n\n<p>3. ENCUENTRO INTERUNIVERSITARIO entre alumnado de la Universidad de Sevilla (ESP), la Universidad Cheikh Anta Diop (SEN) y la Universidad Gaston Berger (SEN) para el conocimiento social, pol\u00edtico y cultural de Senegal, complementar los cursos te\u00f3ricos con visitas a asociaciones y movimientos sociales senegaleses. <\/p>\n\n\n\n<p>4. REFUERZO DE ESTRUCTURAS dentro las propias universidades\na trav\u00e9s de la creaci\u00f3n de grupos motores en Andaluc\u00eda (US) y Senegal (UCAD y\nUGB) formado por profesorado y centros de investigaci\u00f3n de ambas universidades.\n<\/p>\n\n\n\n<p>5. RED DE INVESTIGACI\u00d3N entre alumnado de la US, la UCAD y\nla UGB sobre l\u00edneas de investigaci\u00f3n conjuntas. Se realizar\u00e1n INVESTIGACIONES\nmultidisciplinares entre equipos mixtos cuyo trabajo de campo se realizar\u00e1 en 2\nsemanas en Senegal y Espa\u00f1a. <\/p>\n\n\n\n<p>6. GESTI\u00d3N CONOCIMIENTO. Publicaciones de los principales\ncontenidos y art\u00edculos resultantes de las investigaciones mixtas. JORNADAS\ndevoluci\u00f3n de impactos. Web interuniversitaria. <\/p>\n\n\n\n<p>7. FORTALECIMIENTO INSTITUCIONAL. Publicaci\u00f3n de una GUIA\nque facilite la informaci\u00f3n necesaria para la accesibilidad a estudios entre la\nUS y la UCAD. CAMPA\u00d1A para mejorar el acceso a estudios universitarios en Andaluc\u00eda\ny Senegal.<\/p>\n","protected":false},"excerpt":{"rendered":"<p>Las principales actividades que se proponen en el proyecto son: &nbsp;1. Encuentros INTERCULTURALES l\u00fadico-formativos que generen habilidades, valores y actitudes a trav\u00e9s del contacto directo e igualitario entre el alumnado de la US y las comunidades africanas asentadas en Sevilla. (AFRICANEANDO). TALLERES de presentaci\u00f3n, realizados a trav\u00e9s de un ciclo de cine africano gestionado por [&hellip;]<\/p>\n","protected":false},"author":6,"featured_media":0,"parent":0,"menu_order":0,"comment_status":"closed","ping_status":"closed","template":"","meta":{"footnotes":""},"class_list":["post-7011","page","type-page","status-publish","hentry"],"yoast_head":"<!-- This site is optimized with the Yoast SEO plugin v26.1.1 - https:\/\/yoast.com\/wordpress\/plugins\/seo\/ -->\n<title>Actividades - Kaay Universidad<\/title>\n<meta name=\"robots\" content=\"index, follow, max-snippet:-1, max-image-preview:large, max-video-preview:-1\" \/>\n<link rel=\"canonical\" href=\"https:\/\/madafrica.es\/kaayuniversidad\/actividades\/\" \/>\n<meta property=\"og:locale\" content=\"es_ES\" \/>\n<meta property=\"og:type\" content=\"article\" \/>\n<meta property=\"og:title\" content=\"Actividades - Kaay Universidad\" \/>\n<meta property=\"og:description\" content=\"Las principales actividades que se proponen en el proyecto son: &nbsp;1. Encuentros INTERCULTURALES l\u00fadico-formativos que generen habilidades, valores y actitudes a trav\u00e9s del contacto directo e igualitario entre el alumnado de la US y las comunidades africanas asentadas en Sevilla. (AFRICANEANDO). TALLERES de presentaci\u00f3n, realizados a trav\u00e9s de un ciclo de cine africano gestionado por [&hellip;]\" \/>\n<meta property=\"og:url\" content=\"https:\/\/madafrica.es\/kaayuniversidad\/actividades\/\" \/>\n<meta property=\"og:site_name\" content=\"Kaay Universidad\" \/>\n<meta property=\"article:modified_time\" content=\"2019-06-11T12:24:25+00:00\" \/>\n<meta name=\"twitter:card\" content=\"summary_large_image\" \/>\n<meta name=\"twitter:label1\" content=\"Tiempo de lectura\" \/>\n\t<meta name=\"twitter:data1\" content=\"1 minuto\" \/>\n<script type=\"application\/ld+json\" class=\"yoast-schema-graph\">{\"@context\":\"https:\/\/schema.org\",\"@graph\":[{\"@type\":\"WebPage\",\"@id\":\"https:\/\/madafrica.es\/kaayuniversidad\/actividades\/\",\"url\":\"https:\/\/madafrica.es\/kaayuniversidad\/actividades\/\",\"name\":\"Actividades - Kaay Universidad\",\"isPartOf\":{\"@id\":\"https:\/\/madafrica.es\/kaayuniversidad\/#website\"},\"datePublished\":\"2019-05-13T12:57:29+00:00\",\"dateModified\":\"2019-06-11T12:24:25+00:00\",\"breadcrumb\":{\"@id\":\"https:\/\/madafrica.es\/kaayuniversidad\/actividades\/#breadcrumb\"},\"inLanguage\":\"es\",\"potentialAction\":[{\"@type\":\"ReadAction\",\"target\":[\"https:\/\/madafrica.es\/kaayuniversidad\/actividades\/\"]}]},{\"@type\":\"BreadcrumbList\",\"@id\":\"https:\/\/madafrica.es\/kaayuniversidad\/actividades\/#breadcrumb\",\"itemListElement\":[{\"@type\":\"ListItem\",\"position\":1,\"name\":\"Inicio\",\"item\":\"https:\/\/madafrica.es\/kaayuniversidad\/\"},{\"@type\":\"ListItem\",\"position\":2,\"name\":\"Actividades\"}]},{\"@type\":\"WebSite\",\"@id\":\"https:\/\/madafrica.es\/kaayuniversidad\/#website\",\"url\":\"https:\/\/madafrica.es\/kaayuniversidad\/\",\"name\":\"Kaay Universidad\",\"description\":\"Otro sitio m\u00e1s de MAD \u00c1frica\",\"potentialAction\":[{\"@type\":\"SearchAction\",\"target\":{\"@type\":\"EntryPoint\",\"urlTemplate\":\"https:\/\/madafrica.es\/kaayuniversidad\/?s={search_term_string}\"},\"query-input\":{\"@type\":\"PropertyValueSpecification\",\"valueRequired\":true,\"valueName\":\"search_term_string\"}}],\"inLanguage\":\"es\"}]}<\/script>\n<!-- \/ Yoast SEO plugin. -->","yoast_head_json":{"title":"Actividades - Kaay Universidad","robots":{"index":"index","follow":"follow","max-snippet":"max-snippet:-1","max-image-preview":"max-image-preview:large","max-video-preview":"max-video-preview:-1"},"canonical":"https:\/\/madafrica.es\/kaayuniversidad\/actividades\/","og_locale":"es_ES","og_type":"article","og_title":"Actividades - Kaay Universidad","og_description":"Las principales actividades que se proponen en el proyecto son: &nbsp;1. Encuentros INTERCULTURALES l\u00fadico-formativos que generen habilidades, valores y actitudes a trav\u00e9s del contacto directo e igualitario entre el alumnado de la US y las comunidades africanas asentadas en Sevilla. (AFRICANEANDO). TALLERES de presentaci\u00f3n, realizados a trav\u00e9s de un ciclo de cine africano gestionado por [&hellip;]","og_url":"https:\/\/madafrica.es\/kaayuniversidad\/actividades\/","og_site_name":"Kaay Universidad","article_modified_time":"2019-06-11T12:24:25+00:00","twitter_card":"summary_large_image","twitter_misc":{"Tiempo de lectura":"1 minuto"},"schema":{"@context":"https:\/\/schema.org","@graph":[{"@type":"WebPage","@id":"https:\/\/madafrica.es\/kaayuniversidad\/actividades\/","url":"https:\/\/madafrica.es\/kaayuniversidad\/actividades\/","name":"Actividades - Kaay Universidad","isPartOf":{"@id":"https:\/\/madafrica.es\/kaayuniversidad\/#website"},"datePublished":"2019-05-13T12:57:29+00:00","dateModified":"2019-06-11T12:24:25+00:00","breadcrumb":{"@id":"https:\/\/madafrica.es\/kaayuniversidad\/actividades\/#breadcrumb"},"inLanguage":"es","potentialAction":[{"@type":"ReadAction","target":["https:\/\/madafrica.es\/kaayuniversidad\/actividades\/"]}]},{"@type":"BreadcrumbList","@id":"https:\/\/madafrica.es\/kaayuniversidad\/actividades\/#breadcrumb","itemListElement":[{"@type":"ListItem","position":1,"name":"Inicio","item":"https:\/\/madafrica.es\/kaayuniversidad\/"},{"@type":"ListItem","position":2,"name":"Actividades"}]},{"@type":"WebSite","@id":"https:\/\/madafrica.es\/kaayuniversidad\/#website","url":"https:\/\/madafrica.es\/kaayuniversidad\/","name":"Kaay Universidad","description":"Otro sitio m\u00e1s de MAD \u00c1frica","potentialAction":[{"@type":"SearchAction","target":{"@type":"EntryPoint","urlTemplate":"https:\/\/madafrica.es\/kaayuniversidad\/?s={search_term_string}"},"query-input":{"@type":"PropertyValueSpecification","valueRequired":true,"valueName":"search_term_string"}}],"inLanguage":"es"}]}},"featured_image_src":null,"featured_image_src_square":null,"_links":{"self":[{"href":"https:\/\/madafrica.es\/kaayuniversidad\/wp-json\/wp\/v2\/pages\/7011","targetHints":{"allow":["GET"]}}],"collection":[{"href":"https:\/\/madafrica.es\/kaayuniversidad\/wp-json\/wp\/v2\/pages"}],"about":[{"href":"https:\/\/madafrica.es\/kaayuniversidad\/wp-json\/wp\/v2\/types\/page"}],"author":[{"embeddable":true,"href":"https:\/\/madafrica.es\/kaayuniversidad\/wp-json\/wp\/v2\/users\/6"}],"replies":[{"embeddable":true,"href":"https:\/\/madafrica.es\/kaayuniversidad\/wp-json\/wp\/v2\/comments?post=7011"}],"version-history":[{"count":3,"href":"https:\/\/madafrica.es\/kaayuniversidad\/wp-json\/wp\/v2\/pages\/7011\/revisions"}],"predecessor-version":[{"id":7090,"href":"https:\/\/madafrica.es\/kaayuniversidad\/wp-json\/wp\/v2\/pages\/7011\/revisions\/7090"}],"wp:attachment":[{"href":"https:\/\/madafrica.es\/kaayuniversidad\/wp-json\/wp\/v2\/media?parent=7011"}],"curies":[{"name":"wp","href":"https:\/\/api.w.org\/{rel}","templated":true}]}}