{"id":7017,"date":"2019-05-13T13:06:58","date_gmt":"2019-05-13T13:06:58","guid":{"rendered":"https:\/\/madafrica.es\/kaayuniversidad\/?page_id=7017"},"modified":"2020-05-21T17:00:43","modified_gmt":"2020-05-21T17:00:43","slug":"lineas-de-investigacion-y-profesorado","status":"publish","type":"page","link":"https:\/\/madafrica.es\/kaayuniversidad\/lineas-de-investigacion-y-profesorado\/","title":{"rendered":"L\u00edneas de investigaci\u00f3n y profesorado"},"content":{"rendered":"\n<div class=\"wp-block-atomic-blocks-ab-accordion ab-block-accordion ab-font-size-22\"><details><summary class=\"ab-accordion-title\">Migraciones y Desarrollo<\/summary><div class=\"ab-accordion-text\">\n<p><strong>Contenido<\/strong>:<\/p>\n\n\n\n<ul class=\"wp-block-list\"><li>\u00a0Interrelaciones entre migraci\u00f3n y desarrollo. Caso: Migraci\u00f3n senegalesa a Espa\u00f1a.<br>&#8211; Los determinantes de la migraci\u00f3n senegalesa hacia Espa\u00f1a.<br>&#8211; La figura del migrante en la sociedad senegalesa de ayer a hoy. <\/li><\/ul>\n\n\n\n<p><strong>Profesorado Coordinador<\/strong>:<\/p>\n\n\n\n<ul class=\"wp-block-list\"><li> Dra. Susana Moreno Maestro (Departamento Antropolog\u00eda Social- US)  <\/li><li>Dr. Papa Sakho (Departamento Geograf\u00eda Humana &#8211; UCAD) <\/li><\/ul>\n\n\n\n<p><strong>Profesorado Tutor<\/strong>:<\/p>\n\n\n\n<ul class=\"wp-block-list\"><li> Dra. Susana Moreno Maestro (Departamento Antropolog\u00eda Social- US)  <\/li><li>Dr. Mamadou Bouna Timera (Departamento Geograf\u00eda Humana &#8211; UCAD) <\/li><\/ul>\n<\/div><\/details><\/div>\n\n\n\n<div class=\"wp-block-atomic-blocks-ab-accordion ab-block-accordion ab-font-size-22\"><details><summary class=\"ab-accordion-title\">Ecolog\u00eda, Biolog\u00eda, Tierra y Desarrollo<\/summary><div class=\"ab-accordion-text\">\n<p>Migraciones ambientales:<\/p>\n\n\n\n<ul class=\"wp-block-list\"><li><strong>Contenidos<\/strong>:<br>&#8211; Efectos de la desertificaci\u00f3n en los movimientos migratorios.<br>&#8211; Consecuencias socioecon\u00f3micas, para grupo de mujeres m\u00e1s vulnerables. <\/li><\/ul>\n\n\n\n<ul class=\"wp-block-list\"><li><strong>Profesorado Coordinador<\/strong>:<br>&#8211; Dr. Jes\u00fas Castillo Sabariego (Departamento Biolog\u00eda vegetal y Ecolog\u00eda &#8211; US)<br>&#8211; Dr. Papa Sakho (Departamento Geograf\u00eda Humana &#8211; UCAD) <\/li><\/ul>\n\n\n\n<ul class=\"wp-block-list\"><li><strong>Profesorado Tutor<\/strong>:<br>&#8211; Dr. Jes\u00fas Castillo Sabariego (Departamento Biolog\u00eda vegetal y Ecolog\u00eda &#8211; US)<br>&#8211; Dr. Papa Sakho (Departamento Geograf\u00eda Humana &#8211; UCAD)<br>&#8211; Dr. Ibrahima Faye Diouf (Departamento Geograf\u00eda Humana &#8211; UCAD)<\/li><\/ul>\n\n\n\n<p>Acaparamiento de tierras:<\/p>\n\n\n\n<ul class=\"wp-block-list\"><li><strong>Contenidos<\/strong>:<br>&#8211; Reconocimiento jur\u00eddico del Derecho de paso, acceso de agua y derechos secundarios.<br>&#8211; Impactos en el medioambiente y las condiciones de vida, en regiones espec\u00edficas de Senegal (Gandiolais y Niayes Dakar). <\/li><\/ul>\n\n\n\n<ul class=\"wp-block-list\"><li><strong>Profesorado Coordinador<\/strong>:<br>&#8211; Dr. Miguel \u00c1ngel Mart\u00edn (Departamento Derecho Internacional p\u00fablico y Relaciones internacionales &#8211; US).<br>&#8211; Dra. Awa Niang Fall (Departamento Geograf\u00eda humana &#8211; UCAD). <\/li><\/ul>\n\n\n\n<ul class=\"wp-block-list\"><li><strong>Profesorado Tutor<\/strong>:<br>&#8211; Dr. Miguel \u00c1ngel Mart\u00edn (Departamento Derecho Internacional p\u00fablico y Relaciones internacionales &#8211; US).<br>&#8211; Dra. Aminata Ndor Dia (Departamento Derecho &#8211; UCAD). <\/li><\/ul>\n\n\n\n<p><\/p>\n<\/div><\/details><\/div>\n\n\n\n<div class=\"wp-block-atomic-blocks-ab-accordion ab-block-accordion ab-font-size-22\"><details><summary class=\"ab-accordion-title\">Feminismos Africanos<\/summary><div class=\"ab-accordion-text\">\n<p><strong>Contenido<\/strong>:<\/p>\n\n\n\n<ul class=\"wp-block-list\"><li>Feminismos: aportaciones desde \u00c1frica.<br>&#8211; Recuperar y hacer visible la historia de los feminismos africanos: su evoluci\u00f3n, sus principales protagonistas, sus hitos y luchas, los caminos que se abren de cara al futuro.<br>&#8211; Sistematizar los principales debates, preocupaciones y aportaciones te\u00f3ricas y pol\u00edticas, atendiendo a la diversidad de perspectivas te\u00f3rico-metodol\u00f3gicas.<\/li><li>Movimientos sociales feministas<br>&#8211; Identificar las redes y espacios ya constituidos entre los movimientos feministas africanos, y entre estos y&nbsp; movimientos feministas de otros continentes y\/o redes internacionales.<br>&#8211; Evoluci\u00f3n del movimiento social de las mujeres en Senegal a partir del 2000 y las nuevas din\u00e1micas, con las que se est\u00e1 experimentando un declive, en la dimensi\u00f3n pol\u00edtica. <\/li><\/ul>\n\n\n\n<p><strong>Profesorado Coordinador y Tutor<\/strong>:<\/p>\n\n\n\n<ul class=\"wp-block-list\"><li>Dra. Alicia Reigada (Departamento Antropolog\u00eda Social) &#8211; US<\/li><li>Dra. Fatou Sarr (Directora Laboratorio de G\u00e9nero IFAN) &#8211; UCAD<\/li><\/ul>\n\n\n\n<p><\/p>\n<\/div><\/details><\/div>\n\n\n\n<div class=\"wp-block-atomic-blocks-ab-accordion ab-block-accordion ab-font-size-22\"><details><summary class=\"ab-accordion-title\">Educaci\u00f3n, Comunicaci\u00f3n y Pedagog\u00eda<\/summary><div class=\"ab-accordion-text\">\n<p>Cultura y manifestaciones art\u00edsticas:<\/p>\n\n\n\n<ul class=\"wp-block-list\"><li><strong>Contenidos<\/strong>:<br>&#8211; Relaciones entre la m\u00fasica urbana y los movimientos sociales.<\/li><\/ul>\n\n\n\n<ul class=\"wp-block-list\"><li><strong>Profesorado Coordinador<\/strong>:<br>&#8211; Dra. M\u00aa Eugenia Guti\u00e9rrez (Departamento Periodismo &#8211; US).                   <br>&#8211; Dr. Dominique Fran\u00e7ois Mendy (Centro de Estudios de Ciencias y t\u00e9cnicas de informaci\u00f3n &#8211; UCAD).<\/li><\/ul>\n\n\n\n<ul class=\"wp-block-list\"><li><strong>Profesorado Tutor<\/strong>:<br>&#8211; Dr. Enrique Jos\u00e9 S\u00e1nchez Oliveira (Departamento Comunicaci\u00f3n audiovisual y publicidadPeriodismo &#8211; US).<br>&#8211; Dra. Aminata Mendy (Centro de Estudios de Ciencias y t\u00e9cnicas de informaci\u00f3n &#8211; UCAD).<\/li><\/ul>\n\n\n\n<p>Pedagog\u00eda:<\/p>\n\n\n\n<ul class=\"wp-block-list\"><li><strong>Contenido<\/strong>:<br>&#8211; Tratamiento de las asignaturas comunes en el curr\u00edculo educativo. Comparaci\u00f3n caso Senegal y Andaluc\u00eda.                                    <br>&#8211; Tratamiento de las migraciones y la di\u00e1spora en el curr\u00edculo educativo.<\/li><\/ul>\n\n\n\n<ul class=\"wp-block-list\"><li><strong>Profesorado Coordinador y Tutor<\/strong>:<br>&#8211; Dra. Nuria Castro Lemus (Departamento de Teor\u00eda e Historia de la Educaci\u00f3n y la Pedagog\u00eda Social &#8211; US).                                                     <br>&#8211; Dr. Mamadou Bouna Timera (Departamiento Geograf\u00eda Humana &#8211; UCAD).<\/li><\/ul>\n\n\n\n<p><\/p>\n\n\n\n<p><\/p>\n<\/div><\/details><\/div>\n","protected":false},"excerpt":{"rendered":"","protected":false},"author":6,"featured_media":0,"parent":0,"menu_order":0,"comment_status":"closed","ping_status":"closed","template":"","meta":{"footnotes":""},"class_list":["post-7017","page","type-page","status-publish","hentry"],"yoast_head":"<!-- This site is optimized with the Yoast SEO plugin v26.1.1 - https:\/\/yoast.com\/wordpress\/plugins\/seo\/ -->\n<title>L\u00edneas de investigaci\u00f3n y profesorado - Kaay Universidad<\/title>\n<meta name=\"robots\" content=\"index, follow, max-snippet:-1, max-image-preview:large, max-video-preview:-1\" \/>\n<link rel=\"canonical\" href=\"https:\/\/madafrica.es\/kaayuniversidad\/lineas-de-investigacion-y-profesorado\/\" \/>\n<meta property=\"og:locale\" content=\"es_ES\" \/>\n<meta property=\"og:type\" content=\"article\" \/>\n<meta property=\"og:title\" content=\"L\u00edneas de investigaci\u00f3n y profesorado - Kaay Universidad\" \/>\n<meta property=\"og:url\" content=\"https:\/\/madafrica.es\/kaayuniversidad\/lineas-de-investigacion-y-profesorado\/\" \/>\n<meta property=\"og:site_name\" content=\"Kaay Universidad\" \/>\n<meta property=\"article:modified_time\" content=\"2020-05-21T17:00:43+00:00\" \/>\n<meta name=\"twitter:card\" content=\"summary_large_image\" \/>\n<meta name=\"twitter:label1\" content=\"Tiempo de lectura\" \/>\n\t<meta name=\"twitter:data1\" content=\"3 minutos\" \/>\n<script type=\"application\/ld+json\" class=\"yoast-schema-graph\">{\"@context\":\"https:\/\/schema.org\",\"@graph\":[{\"@type\":\"WebPage\",\"@id\":\"https:\/\/madafrica.es\/kaayuniversidad\/lineas-de-investigacion-y-profesorado\/\",\"url\":\"https:\/\/madafrica.es\/kaayuniversidad\/lineas-de-investigacion-y-profesorado\/\",\"name\":\"L\u00edneas de investigaci\u00f3n y profesorado - Kaay Universidad\",\"isPartOf\":{\"@id\":\"https:\/\/madafrica.es\/kaayuniversidad\/#website\"},\"datePublished\":\"2019-05-13T13:06:58+00:00\",\"dateModified\":\"2020-05-21T17:00:43+00:00\",\"breadcrumb\":{\"@id\":\"https:\/\/madafrica.es\/kaayuniversidad\/lineas-de-investigacion-y-profesorado\/#breadcrumb\"},\"inLanguage\":\"es\",\"potentialAction\":[{\"@type\":\"ReadAction\",\"target\":[\"https:\/\/madafrica.es\/kaayuniversidad\/lineas-de-investigacion-y-profesorado\/\"]}]},{\"@type\":\"BreadcrumbList\",\"@id\":\"https:\/\/madafrica.es\/kaayuniversidad\/lineas-de-investigacion-y-profesorado\/#breadcrumb\",\"itemListElement\":[{\"@type\":\"ListItem\",\"position\":1,\"name\":\"Inicio\",\"item\":\"https:\/\/madafrica.es\/kaayuniversidad\/\"},{\"@type\":\"ListItem\",\"position\":2,\"name\":\"L\u00edneas de investigaci\u00f3n y profesorado\"}]},{\"@type\":\"WebSite\",\"@id\":\"https:\/\/madafrica.es\/kaayuniversidad\/#website\",\"url\":\"https:\/\/madafrica.es\/kaayuniversidad\/\",\"name\":\"Kaay Universidad\",\"description\":\"Otro sitio m\u00e1s de MAD \u00c1frica\",\"potentialAction\":[{\"@type\":\"SearchAction\",\"target\":{\"@type\":\"EntryPoint\",\"urlTemplate\":\"https:\/\/madafrica.es\/kaayuniversidad\/?s={search_term_string}\"},\"query-input\":{\"@type\":\"PropertyValueSpecification\",\"valueRequired\":true,\"valueName\":\"search_term_string\"}}],\"inLanguage\":\"es\"}]}<\/script>\n<!-- \/ Yoast SEO plugin. -->","yoast_head_json":{"title":"L\u00edneas de investigaci\u00f3n y profesorado - Kaay Universidad","robots":{"index":"index","follow":"follow","max-snippet":"max-snippet:-1","max-image-preview":"max-image-preview:large","max-video-preview":"max-video-preview:-1"},"canonical":"https:\/\/madafrica.es\/kaayuniversidad\/lineas-de-investigacion-y-profesorado\/","og_locale":"es_ES","og_type":"article","og_title":"L\u00edneas de investigaci\u00f3n y profesorado - Kaay Universidad","og_url":"https:\/\/madafrica.es\/kaayuniversidad\/lineas-de-investigacion-y-profesorado\/","og_site_name":"Kaay Universidad","article_modified_time":"2020-05-21T17:00:43+00:00","twitter_card":"summary_large_image","twitter_misc":{"Tiempo de lectura":"3 minutos"},"schema":{"@context":"https:\/\/schema.org","@graph":[{"@type":"WebPage","@id":"https:\/\/madafrica.es\/kaayuniversidad\/lineas-de-investigacion-y-profesorado\/","url":"https:\/\/madafrica.es\/kaayuniversidad\/lineas-de-investigacion-y-profesorado\/","name":"L\u00edneas de investigaci\u00f3n y profesorado - Kaay Universidad","isPartOf":{"@id":"https:\/\/madafrica.es\/kaayuniversidad\/#website"},"datePublished":"2019-05-13T13:06:58+00:00","dateModified":"2020-05-21T17:00:43+00:00","breadcrumb":{"@id":"https:\/\/madafrica.es\/kaayuniversidad\/lineas-de-investigacion-y-profesorado\/#breadcrumb"},"inLanguage":"es","potentialAction":[{"@type":"ReadAction","target":["https:\/\/madafrica.es\/kaayuniversidad\/lineas-de-investigacion-y-profesorado\/"]}]},{"@type":"BreadcrumbList","@id":"https:\/\/madafrica.es\/kaayuniversidad\/lineas-de-investigacion-y-profesorado\/#breadcrumb","itemListElement":[{"@type":"ListItem","position":1,"name":"Inicio","item":"https:\/\/madafrica.es\/kaayuniversidad\/"},{"@type":"ListItem","position":2,"name":"L\u00edneas de investigaci\u00f3n y profesorado"}]},{"@type":"WebSite","@id":"https:\/\/madafrica.es\/kaayuniversidad\/#website","url":"https:\/\/madafrica.es\/kaayuniversidad\/","name":"Kaay Universidad","description":"Otro sitio m\u00e1s de MAD \u00c1frica","potentialAction":[{"@type":"SearchAction","target":{"@type":"EntryPoint","urlTemplate":"https:\/\/madafrica.es\/kaayuniversidad\/?s={search_term_string}"},"query-input":{"@type":"PropertyValueSpecification","valueRequired":true,"valueName":"search_term_string"}}],"inLanguage":"es"}]}},"featured_image_src":null,"featured_image_src_square":null,"_links":{"self":[{"href":"https:\/\/madafrica.es\/kaayuniversidad\/wp-json\/wp\/v2\/pages\/7017","targetHints":{"allow":["GET"]}}],"collection":[{"href":"https:\/\/madafrica.es\/kaayuniversidad\/wp-json\/wp\/v2\/pages"}],"about":[{"href":"https:\/\/madafrica.es\/kaayuniversidad\/wp-json\/wp\/v2\/types\/page"}],"author":[{"embeddable":true,"href":"https:\/\/madafrica.es\/kaayuniversidad\/wp-json\/wp\/v2\/users\/6"}],"replies":[{"embeddable":true,"href":"https:\/\/madafrica.es\/kaayuniversidad\/wp-json\/wp\/v2\/comments?post=7017"}],"version-history":[{"count":9,"href":"https:\/\/madafrica.es\/kaayuniversidad\/wp-json\/wp\/v2\/pages\/7017\/revisions"}],"predecessor-version":[{"id":7121,"href":"https:\/\/madafrica.es\/kaayuniversidad\/wp-json\/wp\/v2\/pages\/7017\/revisions\/7121"}],"wp:attachment":[{"href":"https:\/\/madafrica.es\/kaayuniversidad\/wp-json\/wp\/v2\/media?parent=7017"}],"curies":[{"name":"wp","href":"https:\/\/api.w.org\/{rel}","templated":true}]}}