{"id":7026,"date":"2019-05-13T13:31:05","date_gmt":"2019-05-13T13:31:05","guid":{"rendered":"https:\/\/madafrica.es\/kaayuniversidad\/?page_id=7026"},"modified":"2019-06-11T12:26:09","modified_gmt":"2019-06-11T12:26:09","slug":"metodologia","status":"publish","type":"page","link":"https:\/\/madafrica.es\/kaayuniversidad\/metodologia\/","title":{"rendered":"Metodolog\u00eda"},"content":{"rendered":"\n<p>Para que el proyecto se pueda realizar requiere de un grupo\nmotor, formado por profesorado espa\u00f1ol y senegal\u00e9s, que junto a MAD \u00c1frica\ndinamice las diferentes l\u00edneas de investigaci\u00f3n, realizando labores de\ncoordinaci\u00f3n y tutorizaci\u00f3n del alumnado participante.<\/p>\n\n\n\n<ul class=\"wp-block-list\"><li>En Andaluc\u00eda, la profesora encargada de la coordinaci\u00f3n, por parte de la Universidad de Sevilla, es Susana Moreno Maestro.<\/li><li>En Senegal, el profesor encargado de la coordinaci\u00f3n, por parte de la Universidad Cheikh Anta Diop, es Papa Sakho.<\/li><\/ul>\n\n\n\n<p>El alumnado participante en los intercambios\ninteruniversitarios y, por tanto, en las investigaciones conjuntas, son claves\npara el proyecto. Se caracterizan por ser de \u00faltimo curso y querer vincular sus\nTrabajos Fin de Grado o de Estudios Superiores con las l\u00edneas de investigaci\u00f3n\npropuestas por el proyecto.<\/p>\n\n\n\n<p>Cuadro de alumnado participante clave:<\/p>\n\n\n\n<table class=\"wp-block-table\"><tbody><tr><td>\n  L\u00ednea de investigaci\u00f3n\n  <\/td><td>Alumnado Espa\u00f1ol   <\/td><td> Alumnado Senegal\u00e9s   <\/td><\/tr><tr><td><strong>MIGRACIONES   Y DESARROLLO<\/strong>   <\/td><td><a rel=\"noreferrer noopener\" aria-label=\"Alicia Calvo Hidalgo (abre en una nueva pesta\u00f1a)\" href=\"https:\/\/madafrica.es\/kaayuniversidad\/wp-content\/uploads\/sites\/5\/2019\/04\/Art%C3%ADculo_Alicia_ES.pdf\" target=\"_blank\">Alicia Calvo Hidalgo<\/a>    <br><a rel=\"noreferrer noopener\" href=\"https:\/\/madafrica.es\/kaayuniversidad\/wp-content\/uploads\/sites\/5\/2019\/04\/Art%C3%ADculo_Marina_ES.pdf\" target=\"_blank\">Marina P\u00e9rez Bermejo<\/a> <\/td><td> <a href=\"https:\/\/madafrica.es\/kaayuniversidad\/wp-content\/uploads\/sites\/5\/2019\/04\/Art%C3%ADculo_Drame_FR.pdf\" target=\"_blank\" rel=\"noreferrer noopener\" aria-label=\"Hamdiatou Drame (abre en una nueva pesta\u00f1a)\">Hamdiatou Drame<\/a>   <\/td><\/tr><tr><td><strong>ECOLOG\u00cdA,   BIOLOG\u00cdA, TIERRA Y DESARROLLO<\/strong>   <\/td><td>  <br><a href=\"https:\/\/madafrica.es\/kaayuniversidad\/wp-content\/uploads\/sites\/5\/2019\/04\/Art%C3%ADculo_In%C3%A9s_ES.pdf\" target=\"_blank\" rel=\"noreferrer noopener\" aria-label=\"In\u00e9s Satue Crespo (abre en una nueva pesta\u00f1a)\">In\u00e9s Satue Crespo<\/a>      <\/td><td><a rel=\"noreferrer noopener\" aria-label=\"Coumba Ndoffene (abre en una nueva pesta\u00f1a)\" href=\"https:\/\/madafrica.es\/kaayuniversidad\/wp-content\/uploads\/sites\/5\/2019\/04\/Article_Coumba__FR.pdf\" target=\"_blank\">Coumba Ndoffene<\/a>   <br><a href=\"https:\/\/madafrica.es\/kaayuniversidad\/wp-content\/uploads\/sites\/5\/2019\/04\/ARTICLE_Conventions-internationales-et-la-l%C3%A9gislation-s%C3%A9__Abdoluaye.docx\" target=\"_blank\" rel=\"noreferrer noopener\" aria-label=\"Abdoulaye Mbow  (abre en una nueva pesta\u00f1a)\">Abdoulaye Mbow <\/a>  <\/td><\/tr><tr><td><strong>FEMINISMOS   AFRICANOS<\/strong>   <\/td><td><a href=\"https:\/\/madafrica.es\/kaayuniversidad\/wp-content\/uploads\/sites\/5\/2019\/03\/Art%C3%ADculo-autor-espa%C3%B1ol-1.pdf\" target=\"_blank\" rel=\"noreferrer noopener\" aria-label=\"Anabel Quintero Pi\u00f1ero  (abre en una nueva pesta\u00f1a)\">Anabel Quintero Pi\u00f1ero <\/a>  <\/td><td> <a href=\"https:\/\/madafrica.es\/kaayuniversidad\/wp-content\/uploads\/sites\/5\/2019\/03\/Art%C3%ADculo-autor-africano-1.pdf\" target=\"_blank\" rel=\"noreferrer noopener\" aria-label=\"Ibrahima Diop (abre en una nueva pesta\u00f1a)\">Ibrahima Diop<\/a>   <\/td><\/tr><tr><td><strong>COMUNICACI\u00d3N<\/strong>   <\/td><td><a href=\"https:\/\/madafrica.es\/kaayuniversidad\/wp-content\/uploads\/sites\/5\/2019\/03\/Art%C3%ADculo-propio-MAD%C3%81FRICA.pdf\" target=\"_blank\" rel=\"noreferrer noopener\" aria-label=\"Jes\u00fas S\u00e1nchez Raposo  (abre en una nueva pesta\u00f1a)\">Jes\u00fas S\u00e1nchez Raposo <\/a>  <\/td><td><\/td><\/tr><tr><td><strong>EDUCACI\u00d3N<\/strong>   <\/td><td> Ana Carretero <br> <a href=\"https:\/\/madafrica.es\/kaayuniversidad\/wp-content\/uploads\/sites\/5\/2019\/03\/articulo-1-espa%C3%B1a.pdf\" target=\"_blank\" rel=\"noreferrer noopener\" aria-label=\"Julia Clara Garc\u00eda Ferr\u00f3n (abre en una nueva pesta\u00f1a)\">Julia Clara Garc\u00eda Ferr\u00f3n<\/a>   <\/td><td><\/td><\/tr><\/tbody><\/table>\n","protected":false},"excerpt":{"rendered":"<p>Para que el proyecto se pueda realizar requiere de un grupo motor, formado por profesorado espa\u00f1ol y senegal\u00e9s, que junto a MAD \u00c1frica dinamice las diferentes l\u00edneas de investigaci\u00f3n, realizando labores de coordinaci\u00f3n y tutorizaci\u00f3n del alumnado participante. En Andaluc\u00eda, la profesora encargada de la coordinaci\u00f3n, por parte de la Universidad de Sevilla, es Susana [&hellip;]<\/p>\n","protected":false},"author":6,"featured_media":0,"parent":0,"menu_order":0,"comment_status":"closed","ping_status":"closed","template":"","meta":{"footnotes":""},"class_list":["post-7026","page","type-page","status-publish","hentry"],"yoast_head":"<!-- This site is optimized with the Yoast SEO plugin v26.1.1 - https:\/\/yoast.com\/wordpress\/plugins\/seo\/ -->\n<title>Metodolog\u00eda - Kaay Universidad<\/title>\n<meta name=\"robots\" content=\"index, follow, max-snippet:-1, max-image-preview:large, max-video-preview:-1\" \/>\n<link rel=\"canonical\" href=\"https:\/\/madafrica.es\/kaayuniversidad\/metodologia\/\" \/>\n<meta property=\"og:locale\" content=\"es_ES\" \/>\n<meta property=\"og:type\" content=\"article\" \/>\n<meta property=\"og:title\" content=\"Metodolog\u00eda - Kaay Universidad\" \/>\n<meta property=\"og:description\" content=\"Para que el proyecto se pueda realizar requiere de un grupo motor, formado por profesorado espa\u00f1ol y senegal\u00e9s, que junto a MAD \u00c1frica dinamice las diferentes l\u00edneas de investigaci\u00f3n, realizando labores de coordinaci\u00f3n y tutorizaci\u00f3n del alumnado participante. En Andaluc\u00eda, la profesora encargada de la coordinaci\u00f3n, por parte de la Universidad de Sevilla, es Susana [&hellip;]\" \/>\n<meta property=\"og:url\" content=\"https:\/\/madafrica.es\/kaayuniversidad\/metodologia\/\" \/>\n<meta property=\"og:site_name\" content=\"Kaay Universidad\" \/>\n<meta property=\"article:modified_time\" content=\"2019-06-11T12:26:09+00:00\" \/>\n<meta name=\"twitter:card\" content=\"summary_large_image\" \/>\n<meta name=\"twitter:label1\" content=\"Tiempo de lectura\" \/>\n\t<meta name=\"twitter:data1\" content=\"1 minuto\" \/>\n<script type=\"application\/ld+json\" class=\"yoast-schema-graph\">{\"@context\":\"https:\/\/schema.org\",\"@graph\":[{\"@type\":\"WebPage\",\"@id\":\"https:\/\/madafrica.es\/kaayuniversidad\/metodologia\/\",\"url\":\"https:\/\/madafrica.es\/kaayuniversidad\/metodologia\/\",\"name\":\"Metodolog\u00eda - Kaay Universidad\",\"isPartOf\":{\"@id\":\"https:\/\/madafrica.es\/kaayuniversidad\/#website\"},\"datePublished\":\"2019-05-13T13:31:05+00:00\",\"dateModified\":\"2019-06-11T12:26:09+00:00\",\"breadcrumb\":{\"@id\":\"https:\/\/madafrica.es\/kaayuniversidad\/metodologia\/#breadcrumb\"},\"inLanguage\":\"es\",\"potentialAction\":[{\"@type\":\"ReadAction\",\"target\":[\"https:\/\/madafrica.es\/kaayuniversidad\/metodologia\/\"]}]},{\"@type\":\"BreadcrumbList\",\"@id\":\"https:\/\/madafrica.es\/kaayuniversidad\/metodologia\/#breadcrumb\",\"itemListElement\":[{\"@type\":\"ListItem\",\"position\":1,\"name\":\"Inicio\",\"item\":\"https:\/\/madafrica.es\/kaayuniversidad\/\"},{\"@type\":\"ListItem\",\"position\":2,\"name\":\"Metodolog\u00eda\"}]},{\"@type\":\"WebSite\",\"@id\":\"https:\/\/madafrica.es\/kaayuniversidad\/#website\",\"url\":\"https:\/\/madafrica.es\/kaayuniversidad\/\",\"name\":\"Kaay Universidad\",\"description\":\"Otro sitio m\u00e1s de MAD \u00c1frica\",\"potentialAction\":[{\"@type\":\"SearchAction\",\"target\":{\"@type\":\"EntryPoint\",\"urlTemplate\":\"https:\/\/madafrica.es\/kaayuniversidad\/?s={search_term_string}\"},\"query-input\":{\"@type\":\"PropertyValueSpecification\",\"valueRequired\":true,\"valueName\":\"search_term_string\"}}],\"inLanguage\":\"es\"}]}<\/script>\n<!-- \/ Yoast SEO plugin. -->","yoast_head_json":{"title":"Metodolog\u00eda - Kaay Universidad","robots":{"index":"index","follow":"follow","max-snippet":"max-snippet:-1","max-image-preview":"max-image-preview:large","max-video-preview":"max-video-preview:-1"},"canonical":"https:\/\/madafrica.es\/kaayuniversidad\/metodologia\/","og_locale":"es_ES","og_type":"article","og_title":"Metodolog\u00eda - Kaay Universidad","og_description":"Para que el proyecto se pueda realizar requiere de un grupo motor, formado por profesorado espa\u00f1ol y senegal\u00e9s, que junto a MAD \u00c1frica dinamice las diferentes l\u00edneas de investigaci\u00f3n, realizando labores de coordinaci\u00f3n y tutorizaci\u00f3n del alumnado participante. En Andaluc\u00eda, la profesora encargada de la coordinaci\u00f3n, por parte de la Universidad de Sevilla, es Susana [&hellip;]","og_url":"https:\/\/madafrica.es\/kaayuniversidad\/metodologia\/","og_site_name":"Kaay Universidad","article_modified_time":"2019-06-11T12:26:09+00:00","twitter_card":"summary_large_image","twitter_misc":{"Tiempo de lectura":"1 minuto"},"schema":{"@context":"https:\/\/schema.org","@graph":[{"@type":"WebPage","@id":"https:\/\/madafrica.es\/kaayuniversidad\/metodologia\/","url":"https:\/\/madafrica.es\/kaayuniversidad\/metodologia\/","name":"Metodolog\u00eda - Kaay Universidad","isPartOf":{"@id":"https:\/\/madafrica.es\/kaayuniversidad\/#website"},"datePublished":"2019-05-13T13:31:05+00:00","dateModified":"2019-06-11T12:26:09+00:00","breadcrumb":{"@id":"https:\/\/madafrica.es\/kaayuniversidad\/metodologia\/#breadcrumb"},"inLanguage":"es","potentialAction":[{"@type":"ReadAction","target":["https:\/\/madafrica.es\/kaayuniversidad\/metodologia\/"]}]},{"@type":"BreadcrumbList","@id":"https:\/\/madafrica.es\/kaayuniversidad\/metodologia\/#breadcrumb","itemListElement":[{"@type":"ListItem","position":1,"name":"Inicio","item":"https:\/\/madafrica.es\/kaayuniversidad\/"},{"@type":"ListItem","position":2,"name":"Metodolog\u00eda"}]},{"@type":"WebSite","@id":"https:\/\/madafrica.es\/kaayuniversidad\/#website","url":"https:\/\/madafrica.es\/kaayuniversidad\/","name":"Kaay Universidad","description":"Otro sitio m\u00e1s de MAD \u00c1frica","potentialAction":[{"@type":"SearchAction","target":{"@type":"EntryPoint","urlTemplate":"https:\/\/madafrica.es\/kaayuniversidad\/?s={search_term_string}"},"query-input":{"@type":"PropertyValueSpecification","valueRequired":true,"valueName":"search_term_string"}}],"inLanguage":"es"}]}},"featured_image_src":null,"featured_image_src_square":null,"_links":{"self":[{"href":"https:\/\/madafrica.es\/kaayuniversidad\/wp-json\/wp\/v2\/pages\/7026","targetHints":{"allow":["GET"]}}],"collection":[{"href":"https:\/\/madafrica.es\/kaayuniversidad\/wp-json\/wp\/v2\/pages"}],"about":[{"href":"https:\/\/madafrica.es\/kaayuniversidad\/wp-json\/wp\/v2\/types\/page"}],"author":[{"embeddable":true,"href":"https:\/\/madafrica.es\/kaayuniversidad\/wp-json\/wp\/v2\/users\/6"}],"replies":[{"embeddable":true,"href":"https:\/\/madafrica.es\/kaayuniversidad\/wp-json\/wp\/v2\/comments?post=7026"}],"version-history":[{"count":10,"href":"https:\/\/madafrica.es\/kaayuniversidad\/wp-json\/wp\/v2\/pages\/7026\/revisions"}],"predecessor-version":[{"id":7093,"href":"https:\/\/madafrica.es\/kaayuniversidad\/wp-json\/wp\/v2\/pages\/7026\/revisions\/7093"}],"wp:attachment":[{"href":"https:\/\/madafrica.es\/kaayuniversidad\/wp-json\/wp\/v2\/media?parent=7026"}],"curies":[{"name":"wp","href":"https:\/\/api.w.org\/{rel}","templated":true}]}}