{"id":2,"date":"2018-11-20T20:03:17","date_gmt":"2018-11-20T20:03:17","guid":{"rendered":"https:\/\/madafrica.es\/nder\/?page_id=2"},"modified":"2020-12-18T06:44:48","modified_gmt":"2020-12-18T06:44:48","slug":"proyecto","status":"publish","type":"page","link":"https:\/\/madafrica.es\/nder\/proyecto\/","title":{"rendered":"Proyecto NDER"},"content":{"rendered":"\n<div class=\"wp-block-cover has-background-dim has-parallax\" style=\"background-image:url(https:\/\/madafrica.es\/nder\/wp-content\/uploads\/sites\/6\/2018\/11\/nder-mujeres.jpeg)\"><div class=\"wp-block-cover__inner-container is-layout-flow wp-block-cover-is-layout-flow\">\n<p class=\"has-text-align-center has-large-font-size\"><strong>\u201cAlzando la voz desde los feminismos africanos\u201d<\/strong><\/p>\n<\/div><\/div>\n\n\n\n<div style=\"height:47px\" aria-hidden=\"true\" class=\"wp-block-spacer\"><\/div>\n\n\n\n<p>Bajo el marco que se conoce como \u201cfeminismo\u201d existe una gran diversidad de pensamientos, sentires, luchas, entendimientos y desentendimientos, que dan lugar a diferentes \u201cfeminismos\u201d.<\/p>\n\n\n\n<p>En nuestro contexto andaluz, las mujeres migrantes son una oportunidad para incorporar las perspectivas del Sur en dichos feminismos, sobre todo aquellas m\u00e1s desconocidas como las negroafricanas (frente a otros aportes como los latinoamericanos, por ejemplo).<br><br>Por esta raz\u00f3n, el Proyecto NDER, coordinado por MAD \u00c1frica y desarrollado entre los a\u00f1os 2018-2019, ha propuesto mejorar el conocimiento sobre perspectivas africanas en materia de g\u00e9nero y feminismos en Andaluc\u00eda, permitiendo la incorporaci\u00f3n de necesidades, luchas y propuestas africanas a las agendas de acci\u00f3n, formaci\u00f3n y pol\u00edticas locales.<\/p>\n\n\n\n<p>En este sentido, se ha trabajado principalmente en \u00e1mbitos educativos y sanitarios en Andaluc\u00eda, permitiendo la participaci\u00f3n de mujeres africanas en espacios vinculados al g\u00e9nero, compartiendo sus experiencias y reflexiones sobre dichas tem\u00e1ticas y, por tanto, enriqueciendo el debate y desmontando estereotipos.<\/p>\n\n\n\n<div class=\"wp-block-atomic-blocks-ab-accordion ab-block-accordion\"><details><summary class=\"ab-accordion-title\"><strong>Principales objetivos<\/strong><\/summary><div class=\"ab-accordion-text\">\n<ul class=\"wp-block-list\" id=\"block-923b8f62-c196-4c99-8758-b196863290f9\"><li>Explorar las realidades de las mujeres africanas que viven en Sevilla, desde una perspectiva de g\u00e9nero, identificando sus necesidades y fortalezas a diferentes niveles (individual, relacional, organizacional y comunitario) y haciendo visible los puntos de vista de las mujeres africanas, introduciendo perspectivas feministas no hegem\u00f3nicas en espacios comunitarios, la academia y, especialmente, en redes sociales;<\/li><li>Promover la participaci\u00f3n social de mujeres africanas viviendo en Sevilla e impulsar nuevas redes de apoyo entre ellas y otros agentes comunitarios;<\/li><li>Fomentar el intercambio continuo de valores, conocimientos y habilidades entre las mujeres migrantes, estudiantes universitarios, activistas feministas y agentes de la comunidad, con el fin de aumentar el desarrollo de capacidades y nuevos enfoques feministas desde las fortalezas de todas las perspectivas.<\/li><\/ul>\n<\/div><\/details><\/div>\n\n\n\n<div class=\"wp-block-atomic-blocks-ab-accordion ab-block-accordion\"><details><summary class=\"ab-accordion-title\"><strong>Principales actividades desarrolladas<\/strong><\/summary><div class=\"ab-accordion-text\">\n<ul class=\"wp-block-list\" id=\"block-63cc1aa1-bf25-4473-8d7c-2b2012b3caef\"><li>Diagn\u00f3stico sobre conocimientos\/visiones de las mujeres africanas residentes en Andaluc\u00eda en cuestiones de g\u00e9nero (roles, concepciones sociales, productivo\/ reproductivo, inequidad) y situaciones de discriminaci\u00f3n en acceso a Servicios P\u00fablicos, con t\u00e9cnica de photovoice;<\/li><li>Sesiones de autoestima y comunicaci\u00f3n a trav\u00e9s del baile flamenco, dirigidas por la Asociaci\u00f3n Autoestima Flamenca, destinado a mujeres africanas;<\/li><li>Curso de formaci\u00f3n sobre Feminismos africanos y decolonialidad; Identidad, Genero, Feminismos africanos, realizado en la Universidad de Granada y Pablo de Olavide;<\/li><li>Curso de Atenci\u00f3n a la diversidad en la Sanidad para comunidad universitaria, personal de instituciones p\u00fablicas, colectivos feministas;<\/li><li>Talleres formativos impartidos por las mujeres africanas (en centros de atenci\u00f3n p\u00fablica como centros de salud, UTS y centros c\u00edvicos, universidades) como pr\u00e1cticas de su formaci\u00f3n;<\/li><li>Desarrollo de una Ludoteca Intercultural para facilitar la asistencia<br>de las mujeres africanas a los cursos de formaci\u00f3n. 20 ni\u00f1os y ni\u00f1as;<\/li><li>Talleres formativos en Grados y Master en las Universidades de Sevilla, Pablo de Olavide, de Granada, C\u00f3rdoba y C\u00e1diz;<\/li><li>Competencias Culturales para Personal Sanitario en Sevilla;<\/li><li>Reuniones institucionales para difusi\u00f3n de los informes.<\/li><\/ul>\n<\/div><\/details><\/div>\n\n\n\n<div style=\"height:46px\" aria-hidden=\"true\" class=\"wp-block-spacer\"><\/div>\n\n\n\n<h2 class=\"wp-block-heading\">Publicaciones de NDER<\/h2>\n\n\n\n<div class=\"wp-block-atomic-blocks-ab-columns ab-layout-service-3 ab-layout-columns-2 ab-2-col-equal ab-columns-center alignfull\" style=\"padding-top:15%;padding-right:5%;padding-bottom:15%;padding-left:5%\"><div class=\"ab-layout-column-wrap ab-block-layout-column-gap-5 ab-is-responsive-column\" style=\"max-width:1200px\">\n<div class=\"wp-block-atomic-blocks-ab-column ab-block-layout-column\"><div class=\"ab-block-layout-column-inner\">\n<figure class=\"wp-block-image size-large\"><img loading=\"lazy\" decoding=\"async\" width=\"1024\" height=\"1024\" src=\"https:\/\/madafrica.es\/nder\/wp-content\/uploads\/sites\/6\/2020\/12\/portada-nder-1-1024x1024-1.jpg\" alt=\"\" class=\"wp-image-159\" srcset=\"https:\/\/madafrica.es\/nder\/wp-content\/uploads\/sites\/6\/2020\/12\/portada-nder-1-1024x1024-1.jpg 1024w, https:\/\/madafrica.es\/nder\/wp-content\/uploads\/sites\/6\/2020\/12\/portada-nder-1-1024x1024-1-300x300.jpg 300w, https:\/\/madafrica.es\/nder\/wp-content\/uploads\/sites\/6\/2020\/12\/portada-nder-1-1024x1024-1-150x150.jpg 150w, https:\/\/madafrica.es\/nder\/wp-content\/uploads\/sites\/6\/2020\/12\/portada-nder-1-1024x1024-1-768x768.jpg 768w, https:\/\/madafrica.es\/nder\/wp-content\/uploads\/sites\/6\/2020\/12\/portada-nder-1-1024x1024-1-600x600.jpg 600w\" sizes=\"auto, (max-width: 1024px) 100vw, 1024px\" \/><\/figure>\n<\/div><\/div>\n\n\n\n<div class=\"wp-block-atomic-blocks-ab-column ab-block-layout-column ab-is-vertically-aligned-center\"><div class=\"ab-block-layout-column-inner\">\n<h4 class=\"wp-block-heading\">Hacia la equidad en salud en Andaluc\u00eda<br><\/h4>\n\n\n\n<p>Diagn\u00f3stico de la incorporaci\u00f3n de una perspectiva sensible a la diversidad cultural y al g\u00e9nero en las pol\u00edticas y servicios sanitarios<\/p>\n\n\n\n<div class=\"wp-block-atomic-blocks-ab-button ab-block-button\"><a href=\"https:\/\/drive.google.com\/file\/d\/1-tqFwiwW2dqIF_V7VRX3jqqW-4MD1eyS\/view\" class=\"ab-button ab-button-shape-rounded ab-button-size-medium\" style=\"color:#ffffff;background-color:#3373dc\">Descargar<\/a><\/div>\n\n\n\n<p><\/p>\n<\/div><\/div>\n<\/div><\/div>\n\n\n\n<div class=\"wp-block-atomic-blocks-ab-columns ab-layout-service-3 ab-layout-columns-2 ab-2-col-equal ab-columns-center alignfull\" style=\"padding-top:15%;padding-right:5%;padding-bottom:15%;padding-left:5%\"><div class=\"ab-layout-column-wrap ab-block-layout-column-gap-5 ab-is-responsive-column\" style=\"max-width:1200px\">\n<div class=\"wp-block-atomic-blocks-ab-column ab-block-layout-column\"><div class=\"ab-block-layout-column-inner\">\n<figure class=\"wp-block-image size-large\"><img loading=\"lazy\" decoding=\"async\" width=\"1015\" height=\"1024\" src=\"https:\/\/madafrica.es\/nder\/wp-content\/uploads\/sites\/6\/2020\/12\/portada-nder-photovoice-1015x1024-1.jpg\" alt=\"\" class=\"wp-image-160\" srcset=\"https:\/\/madafrica.es\/nder\/wp-content\/uploads\/sites\/6\/2020\/12\/portada-nder-photovoice-1015x1024-1.jpg 1015w, https:\/\/madafrica.es\/nder\/wp-content\/uploads\/sites\/6\/2020\/12\/portada-nder-photovoice-1015x1024-1-297x300.jpg 297w, https:\/\/madafrica.es\/nder\/wp-content\/uploads\/sites\/6\/2020\/12\/portada-nder-photovoice-1015x1024-1-150x150.jpg 150w, https:\/\/madafrica.es\/nder\/wp-content\/uploads\/sites\/6\/2020\/12\/portada-nder-photovoice-1015x1024-1-768x775.jpg 768w\" sizes=\"auto, (max-width: 1015px) 100vw, 1015px\" \/><\/figure>\n<\/div><\/div>\n\n\n\n<div class=\"wp-block-atomic-blocks-ab-column ab-block-layout-column ab-is-vertically-aligned-center\"><div class=\"ab-block-layout-column-inner\">\n<h4 class=\"wp-block-heading\">Aproximaci\u00f3n a la voz y la mirada de las mujeres africanas en Sevilla<br><\/h4>\n\n\n\n<p>Diagn\u00f3stico participativo mediante un proceso de photovoz<\/p>\n\n\n\n<div class=\"wp-block-atomic-blocks-ab-button ab-block-button\"><a href=\"https:\/\/drive.google.com\/file\/d\/1tXB39GsLo8Ch7OdEUXSiJqGK4Eli3bgZ\/view\" class=\"ab-button ab-button-shape-rounded ab-button-size-medium\" style=\"color:#ffffff;background-color:#3373dc\">Descargar<\/a><\/div>\n\n\n\n<p><\/p>\n<\/div><\/div>\n<\/div><\/div>\n\n\n\n<div class=\"wp-block-atomic-blocks-ab-columns ab-layout-service-3 ab-layout-columns-2 ab-2-col-equal ab-columns-center alignfull\" style=\"padding-top:15%;padding-right:5%;padding-bottom:15%;padding-left:5%\"><div class=\"ab-layout-column-wrap ab-block-layout-column-gap-5 ab-is-responsive-column\" style=\"max-width:1200px\">\n<div class=\"wp-block-atomic-blocks-ab-column ab-block-layout-column\"><div class=\"ab-block-layout-column-inner\">\n<figure class=\"wp-block-image size-large\"><img loading=\"lazy\" decoding=\"async\" width=\"1024\" height=\"1024\" src=\"https:\/\/madafrica.es\/nder\/wp-content\/uploads\/sites\/6\/2020\/12\/portada-nder-cuidados-1024x1024-1.jpg\" alt=\"\" class=\"wp-image-161\" srcset=\"https:\/\/madafrica.es\/nder\/wp-content\/uploads\/sites\/6\/2020\/12\/portada-nder-cuidados-1024x1024-1.jpg 1024w, https:\/\/madafrica.es\/nder\/wp-content\/uploads\/sites\/6\/2020\/12\/portada-nder-cuidados-1024x1024-1-300x300.jpg 300w, https:\/\/madafrica.es\/nder\/wp-content\/uploads\/sites\/6\/2020\/12\/portada-nder-cuidados-1024x1024-1-150x150.jpg 150w, https:\/\/madafrica.es\/nder\/wp-content\/uploads\/sites\/6\/2020\/12\/portada-nder-cuidados-1024x1024-1-768x768.jpg 768w, https:\/\/madafrica.es\/nder\/wp-content\/uploads\/sites\/6\/2020\/12\/portada-nder-cuidados-1024x1024-1-600x600.jpg 600w\" sizes=\"auto, (max-width: 1024px) 100vw, 1024px\" \/><\/figure>\n<\/div><\/div>\n\n\n\n<div class=\"wp-block-atomic-blocks-ab-column ab-block-layout-column ab-is-vertically-aligned-center\"><div class=\"ab-block-layout-column-inner\">\n<h4 class=\"wp-block-heading\">Mujeres migrantes africanas y cuidados<br><\/h4>\n\n\n\n<p>Una aproximaci\u00f3n a la situaci\u00f3n de las mujeres africanas en Sevilla con relaci\u00f3n a los cuidados<\/p>\n\n\n\n<div class=\"wp-block-atomic-blocks-ab-button ab-block-button\"><a href=\"https:\/\/drive.google.com\/file\/d\/1ZSw7fjkRTNDV2qDYrUB-zwzQSUO-866k\/view\" class=\"ab-button ab-button-shape-rounded ab-button-size-medium\" style=\"color:#ffffff;background-color:#3373dc\">Descargar<\/a><\/div>\n\n\n\n<p><\/p>\n<\/div><\/div>\n<\/div><\/div>\n","protected":false},"excerpt":{"rendered":"<p>Bajo el marco que se conoce como \u201cfeminismo\u201d existe una gran diversidad de pensamientos, sentires, luchas, entendimientos y desentendimientos, que dan lugar a diferentes \u201cfeminismos\u201d. En nuestro contexto andaluz, las mujeres migrantes son una oportunidad para incorporar las perspectivas del Sur en dichos feminismos, sobre todo aquellas m\u00e1s desconocidas como las negroafricanas (frente a otros [&hellip;]<\/p>\n","protected":false},"author":1,"featured_media":0,"parent":0,"menu_order":0,"comment_status":"closed","ping_status":"open","template":"","meta":{"footnotes":""},"class_list":["post-2","page","type-page","status-publish","hentry"],"yoast_head":"<!-- This site is optimized with the Yoast SEO plugin v26.1.1 - https:\/\/yoast.com\/wordpress\/plugins\/seo\/ -->\n<title>Proyecto NDER - NDer<\/title>\n<meta name=\"robots\" content=\"noindex, follow, max-snippet:-1, max-image-preview:large, max-video-preview:-1\" \/>\n<meta property=\"og:locale\" content=\"es_ES\" \/>\n<meta property=\"og:type\" content=\"article\" \/>\n<meta property=\"og:title\" content=\"Proyecto NDER - NDer\" \/>\n<meta property=\"og:description\" content=\"Bajo el marco que se conoce como \u201cfeminismo\u201d existe una gran diversidad de pensamientos, sentires, luchas, entendimientos y desentendimientos, que dan lugar a diferentes \u201cfeminismos\u201d. En nuestro contexto andaluz, las mujeres migrantes son una oportunidad para incorporar las perspectivas del Sur en dichos feminismos, sobre todo aquellas m\u00e1s desconocidas como las negroafricanas (frente a otros [&hellip;]\" \/>\n<meta property=\"og:url\" content=\"https:\/\/madafrica.es\/nder\/proyecto\/\" \/>\n<meta property=\"og:site_name\" content=\"NDer\" \/>\n<meta property=\"article:modified_time\" content=\"2020-12-18T06:44:48+00:00\" \/>\n<meta property=\"og:image\" content=\"https:\/\/madafrica.es\/nder\/wp-content\/uploads\/sites\/6\/2020\/12\/portada-nder-1-1024x1024-1.jpg\" \/>\n<meta name=\"twitter:card\" content=\"summary_large_image\" \/>\n<meta name=\"twitter:label1\" content=\"Tiempo de lectura\" \/>\n\t<meta name=\"twitter:data1\" content=\"3 minutos\" \/>\n<script type=\"application\/ld+json\" class=\"yoast-schema-graph\">{\"@context\":\"https:\/\/schema.org\",\"@graph\":[{\"@type\":\"WebPage\",\"@id\":\"https:\/\/madafrica.es\/nder\/proyecto\/\",\"url\":\"https:\/\/madafrica.es\/nder\/proyecto\/\",\"name\":\"Proyecto NDER - NDer\",\"isPartOf\":{\"@id\":\"https:\/\/madafrica.es\/nder\/#website\"},\"primaryImageOfPage\":{\"@id\":\"https:\/\/madafrica.es\/nder\/proyecto\/#primaryimage\"},\"image\":{\"@id\":\"https:\/\/madafrica.es\/nder\/proyecto\/#primaryimage\"},\"thumbnailUrl\":\"https:\/\/madafrica.es\/nder\/wp-content\/uploads\/sites\/6\/2020\/12\/portada-nder-1-1024x1024-1.jpg\",\"datePublished\":\"2018-11-20T20:03:17+00:00\",\"dateModified\":\"2020-12-18T06:44:48+00:00\",\"breadcrumb\":{\"@id\":\"https:\/\/madafrica.es\/nder\/proyecto\/#breadcrumb\"},\"inLanguage\":\"es\",\"potentialAction\":[{\"@type\":\"ReadAction\",\"target\":[\"https:\/\/madafrica.es\/nder\/proyecto\/\"]}]},{\"@type\":\"ImageObject\",\"inLanguage\":\"es\",\"@id\":\"https:\/\/madafrica.es\/nder\/proyecto\/#primaryimage\",\"url\":\"https:\/\/madafrica.es\/nder\/wp-content\/uploads\/sites\/6\/2020\/12\/portada-nder-1-1024x1024-1.jpg\",\"contentUrl\":\"https:\/\/madafrica.es\/nder\/wp-content\/uploads\/sites\/6\/2020\/12\/portada-nder-1-1024x1024-1.jpg\",\"width\":1024,\"height\":1024},{\"@type\":\"BreadcrumbList\",\"@id\":\"https:\/\/madafrica.es\/nder\/proyecto\/#breadcrumb\",\"itemListElement\":[{\"@type\":\"ListItem\",\"position\":1,\"name\":\"Inicio\",\"item\":\"https:\/\/madafrica.es\/nder\/\"},{\"@type\":\"ListItem\",\"position\":2,\"name\":\"Proyecto NDER\"}]},{\"@type\":\"WebSite\",\"@id\":\"https:\/\/madafrica.es\/nder\/#website\",\"url\":\"https:\/\/madafrica.es\/nder\/\",\"name\":\"NDer\",\"description\":\"Alzando la voz desde los feminismos africanos\",\"potentialAction\":[{\"@type\":\"SearchAction\",\"target\":{\"@type\":\"EntryPoint\",\"urlTemplate\":\"https:\/\/madafrica.es\/nder\/?s={search_term_string}\"},\"query-input\":{\"@type\":\"PropertyValueSpecification\",\"valueRequired\":true,\"valueName\":\"search_term_string\"}}],\"inLanguage\":\"es\"}]}<\/script>\n<!-- \/ Yoast SEO plugin. -->","yoast_head_json":{"title":"Proyecto NDER - NDer","robots":{"index":"noindex","follow":"follow","max-snippet":"max-snippet:-1","max-image-preview":"max-image-preview:large","max-video-preview":"max-video-preview:-1"},"og_locale":"es_ES","og_type":"article","og_title":"Proyecto NDER - NDer","og_description":"Bajo el marco que se conoce como \u201cfeminismo\u201d existe una gran diversidad de pensamientos, sentires, luchas, entendimientos y desentendimientos, que dan lugar a diferentes \u201cfeminismos\u201d. En nuestro contexto andaluz, las mujeres migrantes son una oportunidad para incorporar las perspectivas del Sur en dichos feminismos, sobre todo aquellas m\u00e1s desconocidas como las negroafricanas (frente a otros [&hellip;]","og_url":"https:\/\/madafrica.es\/nder\/proyecto\/","og_site_name":"NDer","article_modified_time":"2020-12-18T06:44:48+00:00","og_image":[{"url":"https:\/\/madafrica.es\/nder\/wp-content\/uploads\/sites\/6\/2020\/12\/portada-nder-1-1024x1024-1.jpg","type":"","width":"","height":""}],"twitter_card":"summary_large_image","twitter_misc":{"Tiempo de lectura":"3 minutos"},"schema":{"@context":"https:\/\/schema.org","@graph":[{"@type":"WebPage","@id":"https:\/\/madafrica.es\/nder\/proyecto\/","url":"https:\/\/madafrica.es\/nder\/proyecto\/","name":"Proyecto NDER - NDer","isPartOf":{"@id":"https:\/\/madafrica.es\/nder\/#website"},"primaryImageOfPage":{"@id":"https:\/\/madafrica.es\/nder\/proyecto\/#primaryimage"},"image":{"@id":"https:\/\/madafrica.es\/nder\/proyecto\/#primaryimage"},"thumbnailUrl":"https:\/\/madafrica.es\/nder\/wp-content\/uploads\/sites\/6\/2020\/12\/portada-nder-1-1024x1024-1.jpg","datePublished":"2018-11-20T20:03:17+00:00","dateModified":"2020-12-18T06:44:48+00:00","breadcrumb":{"@id":"https:\/\/madafrica.es\/nder\/proyecto\/#breadcrumb"},"inLanguage":"es","potentialAction":[{"@type":"ReadAction","target":["https:\/\/madafrica.es\/nder\/proyecto\/"]}]},{"@type":"ImageObject","inLanguage":"es","@id":"https:\/\/madafrica.es\/nder\/proyecto\/#primaryimage","url":"https:\/\/madafrica.es\/nder\/wp-content\/uploads\/sites\/6\/2020\/12\/portada-nder-1-1024x1024-1.jpg","contentUrl":"https:\/\/madafrica.es\/nder\/wp-content\/uploads\/sites\/6\/2020\/12\/portada-nder-1-1024x1024-1.jpg","width":1024,"height":1024},{"@type":"BreadcrumbList","@id":"https:\/\/madafrica.es\/nder\/proyecto\/#breadcrumb","itemListElement":[{"@type":"ListItem","position":1,"name":"Inicio","item":"https:\/\/madafrica.es\/nder\/"},{"@type":"ListItem","position":2,"name":"Proyecto NDER"}]},{"@type":"WebSite","@id":"https:\/\/madafrica.es\/nder\/#website","url":"https:\/\/madafrica.es\/nder\/","name":"NDer","description":"Alzando la voz desde los feminismos africanos","potentialAction":[{"@type":"SearchAction","target":{"@type":"EntryPoint","urlTemplate":"https:\/\/madafrica.es\/nder\/?s={search_term_string}"},"query-input":{"@type":"PropertyValueSpecification","valueRequired":true,"valueName":"search_term_string"}}],"inLanguage":"es"}]}},"featured_image_src":null,"featured_image_src_square":null,"_links":{"self":[{"href":"https:\/\/madafrica.es\/nder\/wp-json\/wp\/v2\/pages\/2","targetHints":{"allow":["GET"]}}],"collection":[{"href":"https:\/\/madafrica.es\/nder\/wp-json\/wp\/v2\/pages"}],"about":[{"href":"https:\/\/madafrica.es\/nder\/wp-json\/wp\/v2\/types\/page"}],"author":[{"embeddable":true,"href":"https:\/\/madafrica.es\/nder\/wp-json\/wp\/v2\/users\/1"}],"replies":[{"embeddable":true,"href":"https:\/\/madafrica.es\/nder\/wp-json\/wp\/v2\/comments?post=2"}],"version-history":[{"count":29,"href":"https:\/\/madafrica.es\/nder\/wp-json\/wp\/v2\/pages\/2\/revisions"}],"predecessor-version":[{"id":164,"href":"https:\/\/madafrica.es\/nder\/wp-json\/wp\/v2\/pages\/2\/revisions\/164"}],"wp:attachment":[{"href":"https:\/\/madafrica.es\/nder\/wp-json\/wp\/v2\/media?parent=2"}],"curies":[{"name":"wp","href":"https:\/\/api.w.org\/{rel}","templated":true}]}}